{"id":19,"date":"2014-09-17T14:56:56","date_gmt":"2014-09-17T12:56:56","guid":{"rendered":"http:\/\/agora.xtec.cat\/colribas\/?page_id=19"},"modified":"2021-11-05T11:59:53","modified_gmt":"2021-11-05T10:59:53","slug":"linstitut","status":"publish","type":"page","link":"https:\/\/agora.xtec.cat\/colribas\/linstitut\/","title":{"rendered":"Escola Ribas"},"content":{"rendered":"<p style=\"text-align: justify;\"><span style=\"font-family: 'book antiqua', palatino, serif; font-size: 20px;\">Som un centre <strong>privat concertat<\/strong>, d&#8217;una l\u00ednea, amb m\u00e9s de\u00a0 100 anys d\u2019experi\u00e8ncia en la preparaci\u00f3 d\u2019alumnes des de l\u2019etapa d\u2019Educaci\u00f3 Infantil fins a la de Secund\u00e0ria. Estem ubicats al centre de <strong>Rub\u00ed<\/strong> en un edifici modernista, un dels m\u00e9s emblem\u00e0tics de la ciutat, envoltat de patis i jardins. El fet de ser un col\u00b7legi d\u2019una \u00fanica l\u00ednia afavoreix un tracte proper amb l&#8217;alumnat i les seves fam\u00edlies.<\/span><\/p>\n<p style=\"text-align: justify;\"><span style=\"font-family: 'book antiqua', palatino, serif; font-size: 20px;\">La finalitat primordial de l\u2019Escola \u00e9s el desenvolupament i \u00a0la consolidaci\u00f3 \u00a0de la pr\u00f2pia personalitat i l\u2019adquisici\u00f3 de la llibertat responsable. L\u2019educaci\u00f3 en la seva dimensi\u00f3 democr\u00e0tica, \u00e9s a dir, en el respecte envers els altres i en el sentit ple de la solidaritat amb la comunitat humana a favor de la just\u00edcia i del b\u00e9 com\u00fa.<\/span><\/p>\n<p style=\"text-align: justify;\"><span style=\"font-family: 'book antiqua', palatino, serif; font-size: 20px;\">D\u2019altra banda, el Centre aposta clarament per la integraci\u00f3 de les <strong>noves tecnologies<\/strong>, l&#8217;<strong>impuls per la ci\u00e8ncia<\/strong> i les<strong> lleng\u00fces estrangeres<\/strong> (Angl\u00e8s i Franc\u00e8s) en les metodologies per l\u2019adquisici\u00f3 de les compet\u00e8ncies b\u00e0siques.<\/span><\/p>\n<p>&nbsp;<\/p>\n<p>&nbsp;<\/p>\n","protected":false},"excerpt":{"rendered":"<p>Som un centre privat concertat, d&#8217;una l\u00ednea, amb m\u00e9s de\u00a0 100 anys d\u2019experi\u00e8ncia en la preparaci\u00f3 d\u2019alumnes des de l\u2019etapa d\u2019Educaci\u00f3 Infantil fins a la de Secund\u00e0ria. Estem ubicats al centre de Rub\u00ed en un edifici modernista, un dels m\u00e9s emblem\u00e0tics de la ciutat, envoltat&hellip;  <a href=\"https:\/\/agora.xtec.cat\/colribas\/linstitut\/\" title=\"Read Escola Ribas\">Llegeix m\u00e9s\u00bb<\/a><\/p>\n","protected":false},"author":1,"featured_media":0,"parent":0,"menu_order":0,"comment_status":"closed","ping_status":"closed","template":"page-templates\/side-menu.php","meta":{"_bbp_topic_count":0,"_bbp_reply_count":0,"_bbp_total_topic_count":0,"_bbp_total_reply_count":0,"_bbp_voice_count":0,"_bbp_anonymous_reply_count":0,"_bbp_topic_count_hidden":0,"_bbp_reply_count_hidden":0,"_bbp_forum_subforum_count":0,"footnotes":""},"class_list":["post-19","page","type-page","status-publish","hentry"],"post_mailing_queue_ids":[],"_links":{"self":[{"href":"https:\/\/agora.xtec.cat\/colribas\/wp-json\/wp\/v2\/pages\/19","targetHints":{"allow":["GET"]}}],"collection":[{"href":"https:\/\/agora.xtec.cat\/colribas\/wp-json\/wp\/v2\/pages"}],"about":[{"href":"https:\/\/agora.xtec.cat\/colribas\/wp-json\/wp\/v2\/types\/page"}],"author":[{"embeddable":true,"href":"https:\/\/agora.xtec.cat\/colribas\/wp-json\/wp\/v2\/users\/1"}],"replies":[{"embeddable":true,"href":"https:\/\/agora.xtec.cat\/colribas\/wp-json\/wp\/v2\/comments?post=19"}],"version-history":[{"count":4,"href":"https:\/\/agora.xtec.cat\/colribas\/wp-json\/wp\/v2\/pages\/19\/revisions"}],"predecessor-version":[{"id":3599,"href":"https:\/\/agora.xtec.cat\/colribas\/wp-json\/wp\/v2\/pages\/19\/revisions\/3599"}],"wp:attachment":[{"href":"https:\/\/agora.xtec.cat\/colribas\/wp-json\/wp\/v2\/media?parent=19"}],"curies":[{"name":"wp","href":"https:\/\/api.w.org\/{rel}","templated":true}]}}