{"id":81,"date":"2014-09-18T10:38:05","date_gmt":"2014-09-18T10:38:05","guid":{"rendered":"http:\/\/agora.xtec.cat\/colegiosantateresa\/?page_id=81"},"modified":"2026-02-04T17:06:22","modified_gmt":"2026-02-04T16:06:22","slug":"secretaria","status":"publish","type":"page","link":"https:\/\/agora.xtec.cat\/colegiosantateresa\/secretaria\/","title":{"rendered":"Secretaria"},"content":{"rendered":"<p data-start=\"132\" data-end=\"418\">La Secretaria del nostre col\u00b7legi \u00e9s el punt de refer\u00e8ncia per a totes les gestions administratives i d\u2019informaci\u00f3 de la comunitat educativa. Des d\u2019aqu\u00ed s\u2019atenen tr\u00e0mits relacionats amb la matr\u00edcula, certificats, documentaci\u00f3 acad\u00e8mica, beques i qualsevol altra consulta administrativa.<\/p>\n<p data-start=\"420\" data-end=\"614\">El nostre equip est\u00e0 a la vostra disposici\u00f3 per oferir una atenci\u00f3 propera, eficient i personalitzada, amb l\u2019objectiu de facilitar els processos i donar suport a fam\u00edlies, alumnat i professorat.<\/p>\n<p data-start=\"616\" data-end=\"721\"><strong data-start=\"616\" data-end=\"647\">Horari d\u2019atenci\u00f3 al p\u00fablic:<\/strong><br data-start=\"647\" data-end=\"650\" \/>De dilluns a divendres, de <strong data-start=\"677\" data-end=\"695\">9.00 a 13.30 h<\/strong> i de <strong data-start=\"701\" data-end=\"720\">15.00 a 17.30 h<\/strong>.<\/p>\n<p data-start=\"723\" data-end=\"797\">Us recomanem respectar l\u2019horari establert per garantir una millor atenci\u00f3.<\/p>\n","protected":false},"excerpt":{"rendered":"<p>La Secretaria del nostre col\u00b7legi \u00e9s el punt de refer\u00e8ncia per a totes les gestions administratives i d\u2019informaci\u00f3 de la comunitat educativa. Des d\u2019aqu\u00ed s\u2019atenen tr\u00e0mits relacionats amb la matr\u00edcula, certificats, documentaci\u00f3 acad\u00e8mica, beques i qualsevol altra consulta administrativa. El nostre equip est\u00e0 a la vostra disposici\u00f3 per oferir una atenci\u00f3 propera, eficient i personalitzada, [&hellip;]<\/p>\n","protected":false},"author":1,"featured_media":0,"parent":0,"menu_order":0,"comment_status":"closed","ping_status":"closed","template":"page-templates\/side-menu.php","meta":{"_bbp_topic_count":0,"_bbp_reply_count":0,"_bbp_total_topic_count":0,"_bbp_total_reply_count":0,"_bbp_voice_count":0,"_bbp_anonymous_reply_count":0,"_bbp_topic_count_hidden":0,"_bbp_reply_count_hidden":0,"_bbp_forum_subforum_count":0,"site-sidebar-layout":"default","site-content-layout":"","ast-site-content-layout":"default","site-content-style":"default","site-sidebar-style":"default","ast-global-header-display":"","ast-banner-title-visibility":"","ast-main-header-display":"","ast-hfb-above-header-display":"","ast-hfb-below-header-display":"","ast-hfb-mobile-header-display":"","site-post-title":"","ast-breadcrumbs-content":"","ast-featured-img":"","footer-sml-layout":"","theme-transparent-header-meta":"","adv-header-id-meta":"","stick-header-meta":"","header-above-stick-meta":"","header-main-stick-meta":"","header-below-stick-meta":"","astra-migrate-meta-layouts":"set","ast-page-background-enabled":"default","ast-page-background-meta":{"desktop":{"background-color":"var(--ast-global-color-4)","background-image":"","background-repeat":"repeat","background-position":"center center","background-size":"auto","background-attachment":"scroll","background-type":"","background-media":"","overlay-type":"","overlay-color":"","overlay-opacity":"","overlay-gradient":""},"tablet":{"background-color":"","background-image":"","background-repeat":"repeat","background-position":"center center","background-size":"auto","background-attachment":"scroll","background-type":"","background-media":"","overlay-type":"","overlay-color":"","overlay-opacity":"","overlay-gradient":""},"mobile":{"background-color":"","background-image":"","background-repeat":"repeat","background-position":"center center","background-size":"auto","background-attachment":"scroll","background-type":"","background-media":"","overlay-type":"","overlay-color":"","overlay-opacity":"","overlay-gradient":""}},"ast-content-background-meta":{"desktop":{"background-color":"var(--ast-global-color-5)","background-image":"","background-repeat":"repeat","background-position":"center center","background-size":"auto","background-attachment":"scroll","background-type":"","background-media":"","overlay-type":"","overlay-color":"","overlay-opacity":"","overlay-gradient":""},"tablet":{"background-color":"var(--ast-global-color-5)","background-image":"","background-repeat":"repeat","background-position":"center center","background-size":"auto","background-attachment":"scroll","background-type":"","background-media":"","overlay-type":"","overlay-color":"","overlay-opacity":"","overlay-gradient":""},"mobile":{"background-color":"var(--ast-global-color-5)","background-image":"","background-repeat":"repeat","background-position":"center center","background-size":"auto","background-attachment":"scroll","background-type":"","background-media":"","overlay-type":"","overlay-color":"","overlay-opacity":"","overlay-gradient":""}},"footnotes":""},"class_list":["post-81","page","type-page","status-publish","hentry"],"post_mailing_queue_ids":[],"_links":{"self":[{"href":"https:\/\/agora.xtec.cat\/colegiosantateresa\/wp-json\/wp\/v2\/pages\/81","targetHints":{"allow":["GET"]}}],"collection":[{"href":"https:\/\/agora.xtec.cat\/colegiosantateresa\/wp-json\/wp\/v2\/pages"}],"about":[{"href":"https:\/\/agora.xtec.cat\/colegiosantateresa\/wp-json\/wp\/v2\/types\/page"}],"author":[{"embeddable":true,"href":"https:\/\/agora.xtec.cat\/colegiosantateresa\/wp-json\/wp\/v2\/users\/1"}],"replies":[{"embeddable":true,"href":"https:\/\/agora.xtec.cat\/colegiosantateresa\/wp-json\/wp\/v2\/comments?post=81"}],"version-history":[{"count":2,"href":"https:\/\/agora.xtec.cat\/colegiosantateresa\/wp-json\/wp\/v2\/pages\/81\/revisions"}],"predecessor-version":[{"id":1420,"href":"https:\/\/agora.xtec.cat\/colegiosantateresa\/wp-json\/wp\/v2\/pages\/81\/revisions\/1420"}],"wp:attachment":[{"href":"https:\/\/agora.xtec.cat\/colegiosantateresa\/wp-json\/wp\/v2\/media?parent=81"}],"curies":[{"name":"wp","href":"https:\/\/api.w.org\/{rel}","templated":true}]}}