{"id":77,"date":"2025-09-18T10:29:25","date_gmt":"2025-09-18T08:29:25","guid":{"rendered":"http:\/\/agora.xtec.cat\/colegiosantateresa\/?page_id=77"},"modified":"2026-02-04T16:33:06","modified_gmt":"2026-02-04T15:33:06","slug":"robotica","status":"publish","type":"page","link":"https:\/\/agora.xtec.cat\/colegiosantateresa\/serveis\/robotica\/","title":{"rendered":"Rob\u00f2tica"},"content":{"rendered":"<p style=\"text-align: justify;\">El nostre centre va participar en la <span class=\"fontstyle0\">convocat\u00f2ria p\u00fablica per a la concessi\u00f3 de subvencions destinades a centres privats concertats per a l&#8217;adquisici\u00f3 d&#8217;equipament de rob\u00f2tica, programaci\u00f3 i llenguatge computacional, en el marc del programa &#8221;C\u00f3digo Escuela 4.0&#8221; impulsat pel Ministeri d&#8217;Educaci\u00f3, Formaci\u00f3 Professional i Esports (DOGC n\u00fam. 9234, de 26.8.2024).<\/span><\/p>\n<p style=\"text-align: justify;\"><span class=\"fontstyle0\">D\u2019acord amb la base reguladora n\u00famero 10 de l\u2019Annex 1 de l\u2019Ordre EDU\/132\/2024, de 7 de juny, totes les sol\u00b7licituds tenen la mateixa valoraci\u00f3; l&#8217;import disponible a la convocat\u00f2ria de subvencions es repartir\u00e0 entre tots els sol\u00b7licitants que compleixin els requisits establerts a la base reguladora 4 i s&#8217;establir\u00e0 la quantia corresponent a cada beneficiari segons el que preveu la base reguladora 5; la subvenci\u00f3 de cada centre consistir\u00e0 en un import cert m\u00e0xim determinat d&#8217;acord amb les franges descrites a la base reguladora 5, si se sol\u00b7licita un import inferior al m\u00e0xim establert, l&#8217;import m\u00e0xim de la subvenci\u00f3 ser\u00e0 el sol\u00b7licitat.<\/span><\/p>\n<p style=\"text-align: justify;\"><span class=\"fontstyle0\">Vista la proposta de resoluci\u00f3 definitiva de concessi\u00f3 de les subvencions de data 23 de mar\u00e7 de 2025 <\/span>es va resoldre concedir al nostre centre una dotaci\u00f3 de 20.000 <span class=\"fontstyle0\">\u20ac, <\/span><span class=\"fontstyle0\">amb la finalitat d\u2019adquirir equipament de rob\u00f2tica, programaci\u00f3 i llenguatge computacional. Aquest equipament, que ja es troba al centre i l&#8217;alumnat el fa servir amb resultats molt satisfactoris, ha estat adquirit amb el suport de la Generalitat de Catalunya, gr\u00e0cies a la participaci\u00f3 del centre al Programa C\u00f3digo Escuela 4.0 (programa finan\u00e7at pel Ministeri d\u2019Educaci\u00f3, Formaci\u00f3 Professional i Esports).<br \/>.<\/span><\/p>\n<p><a href=\"https:\/\/agora.xtec.cat\/colegiosantateresa\/wp-content\/uploads\/usu1192\/2025\/10\/Imagen2.png\"><img loading=\"lazy\" decoding=\"async\" class=\"aligncenter size-full wp-image-1356\" src=\"https:\/\/agora.xtec.cat\/colegiosantateresa\/wp-content\/uploads\/usu1192\/2025\/10\/Imagen2.png\" alt=\"\" width=\"934\" height=\"109\" srcset=\"https:\/\/agora.xtec.cat\/colegiosantateresa\/wp-content\/uploads\/usu1192\/2025\/10\/Imagen2.png 934w, https:\/\/agora.xtec.cat\/colegiosantateresa\/wp-content\/uploads\/usu1192\/2025\/10\/Imagen2-300x35.png 300w, https:\/\/agora.xtec.cat\/colegiosantateresa\/wp-content\/uploads\/usu1192\/2025\/10\/Imagen2-768x90.png 768w\" sizes=\"auto, (max-width: 934px) 100vw, 934px\" \/><\/a><\/p>\n<p>\u00a0<\/p>\n\n\n<p><\/p>\n\n\n\n<figure class=\"wp-block-image size-large is-resized\"><a href=\"https:\/\/agora.xtec.cat\/colegiosantateresa\/wp-content\/uploads\/usu1192\/2026\/02\/7172d7f1-f77b-4fe9-a46a-40ddbb5ac306.jpeg\"><img loading=\"lazy\" decoding=\"async\" width=\"1024\" height=\"768\" src=\"https:\/\/agora.xtec.cat\/colegiosantateresa\/wp-content\/uploads\/usu1192\/2026\/02\/7172d7f1-f77b-4fe9-a46a-40ddbb5ac306-1024x768.jpeg\" alt=\"\" class=\"wp-image-1406\" style=\"width:398px;height:auto\" srcset=\"https:\/\/agora.xtec.cat\/colegiosantateresa\/wp-content\/uploads\/usu1192\/2026\/02\/7172d7f1-f77b-4fe9-a46a-40ddbb5ac306-1024x768.jpeg 1024w, https:\/\/agora.xtec.cat\/colegiosantateresa\/wp-content\/uploads\/usu1192\/2026\/02\/7172d7f1-f77b-4fe9-a46a-40ddbb5ac306-300x225.jpeg 300w, https:\/\/agora.xtec.cat\/colegiosantateresa\/wp-content\/uploads\/usu1192\/2026\/02\/7172d7f1-f77b-4fe9-a46a-40ddbb5ac306-768x576.jpeg 768w, https:\/\/agora.xtec.cat\/colegiosantateresa\/wp-content\/uploads\/usu1192\/2026\/02\/7172d7f1-f77b-4fe9-a46a-40ddbb5ac306-1536x1152.jpeg 1536w, https:\/\/agora.xtec.cat\/colegiosantateresa\/wp-content\/uploads\/usu1192\/2026\/02\/7172d7f1-f77b-4fe9-a46a-40ddbb5ac306.jpeg 2000w\" sizes=\"auto, (max-width: 1024px) 100vw, 1024px\" \/><\/a><\/figure>\n\n\n","protected":false},"excerpt":{"rendered":"<p>El nostre centre va participar en la convocat\u00f2ria p\u00fablica per a la concessi\u00f3 de subvencions destinades a centres privats concertats per a l&#8217;adquisici\u00f3 d&#8217;equipament de rob\u00f2tica, programaci\u00f3 i llenguatge computacional, en el marc del programa &#8221;C\u00f3digo Escuela 4.0&#8221; impulsat pel Ministeri d&#8217;Educaci\u00f3, Formaci\u00f3 Professional i Esports (DOGC n\u00fam. 9234, de 26.8.2024). D\u2019acord amb la base [&hellip;]<\/p>\n","protected":false},"author":2,"featured_media":0,"parent":63,"menu_order":50,"comment_status":"closed","ping_status":"closed","template":"page-templates\/side-menu.php","meta":{"_bbp_topic_count":0,"_bbp_reply_count":0,"_bbp_total_topic_count":0,"_bbp_total_reply_count":0,"_bbp_voice_count":0,"_bbp_anonymous_reply_count":0,"_bbp_topic_count_hidden":0,"_bbp_reply_count_hidden":0,"_bbp_forum_subforum_count":0,"site-sidebar-layout":"default","site-content-layout":"","ast-site-content-layout":"default","site-content-style":"default","site-sidebar-style":"default","ast-global-header-display":"","ast-banner-title-visibility":"","ast-main-header-display":"","ast-hfb-above-header-display":"","ast-hfb-below-header-display":"","ast-hfb-mobile-header-display":"","site-post-title":"","ast-breadcrumbs-content":"","ast-featured-img":"","footer-sml-layout":"","theme-transparent-header-meta":"","adv-header-id-meta":"","stick-header-meta":"","header-above-stick-meta":"","header-main-stick-meta":"","header-below-stick-meta":"","astra-migrate-meta-layouts":"set","ast-page-background-enabled":"default","ast-page-background-meta":{"desktop":{"background-color":"var(--ast-global-color-4)","background-image":"","background-repeat":"repeat","background-position":"center center","background-size":"auto","background-attachment":"scroll","background-type":"","background-media":"","overlay-type":"","overlay-color":"","overlay-opacity":"","overlay-gradient":""},"tablet":{"background-color":"","background-image":"","background-repeat":"repeat","background-position":"center center","background-size":"auto","background-attachment":"scroll","background-type":"","background-media":"","overlay-type":"","overlay-color":"","overlay-opacity":"","overlay-gradient":""},"mobile":{"background-color":"","background-image":"","background-repeat":"repeat","background-position":"center center","background-size":"auto","background-attachment":"scroll","background-type":"","background-media":"","overlay-type":"","overlay-color":"","overlay-opacity":"","overlay-gradient":""}},"ast-content-background-meta":{"desktop":{"background-color":"var(--ast-global-color-5)","background-image":"","background-repeat":"repeat","background-position":"center center","background-size":"auto","background-attachment":"scroll","background-type":"","background-media":"","overlay-type":"","overlay-color":"","overlay-opacity":"","overlay-gradient":""},"tablet":{"background-color":"var(--ast-global-color-5)","background-image":"","background-repeat":"repeat","background-position":"center center","background-size":"auto","background-attachment":"scroll","background-type":"","background-media":"","overlay-type":"","overlay-color":"","overlay-opacity":"","overlay-gradient":""},"mobile":{"background-color":"var(--ast-global-color-5)","background-image":"","background-repeat":"repeat","background-position":"center center","background-size":"auto","background-attachment":"scroll","background-type":"","background-media":"","overlay-type":"","overlay-color":"","overlay-opacity":"","overlay-gradient":""}},"footnotes":""},"class_list":["post-77","page","type-page","status-publish","hentry"],"post_mailing_queue_ids":[],"_links":{"self":[{"href":"https:\/\/agora.xtec.cat\/colegiosantateresa\/wp-json\/wp\/v2\/pages\/77","targetHints":{"allow":["GET"]}}],"collection":[{"href":"https:\/\/agora.xtec.cat\/colegiosantateresa\/wp-json\/wp\/v2\/pages"}],"about":[{"href":"https:\/\/agora.xtec.cat\/colegiosantateresa\/wp-json\/wp\/v2\/types\/page"}],"author":[{"embeddable":true,"href":"https:\/\/agora.xtec.cat\/colegiosantateresa\/wp-json\/wp\/v2\/users\/2"}],"replies":[{"embeddable":true,"href":"https:\/\/agora.xtec.cat\/colegiosantateresa\/wp-json\/wp\/v2\/comments?post=77"}],"version-history":[{"count":5,"href":"https:\/\/agora.xtec.cat\/colegiosantateresa\/wp-json\/wp\/v2\/pages\/77\/revisions"}],"predecessor-version":[{"id":1407,"href":"https:\/\/agora.xtec.cat\/colegiosantateresa\/wp-json\/wp\/v2\/pages\/77\/revisions\/1407"}],"up":[{"embeddable":true,"href":"https:\/\/agora.xtec.cat\/colegiosantateresa\/wp-json\/wp\/v2\/pages\/63"}],"wp:attachment":[{"href":"https:\/\/agora.xtec.cat\/colegiosantateresa\/wp-json\/wp\/v2\/media?parent=77"}],"curies":[{"name":"wp","href":"https:\/\/api.w.org\/{rel}","templated":true}]}}