{"id":46,"date":"2014-09-17T16:53:45","date_gmt":"2014-09-17T16:53:45","guid":{"rendered":"http:\/\/agora.xtec.cat\/colegiosantateresa\/?page_id=46"},"modified":"2026-04-08T13:03:44","modified_gmt":"2026-04-08T11:03:44","slug":"organigrama","status":"publish","type":"page","link":"https:\/\/agora.xtec.cat\/colegiosantateresa\/linstitut\/organigrama\/","title":{"rendered":"Organigrama"},"content":{"rendered":"<table style=\"width: 74.3336%;\">\n<tbody>\n<tr style=\"height: 709px;\">\n<td style=\"width: 43.3832%; height: 709px; vertical-align: top;\">\n<p style=\"text-align: center;\"><span style=\"text-decoration: underline;\"><strong>EQUIP DIRECTIU<\/strong><\/span><\/p>\n<p>PLA MALL\u00c9N, Javier \u00a0\u00a0\u00a0\u00a0\u00a0\u00a0\u00a0\u00a0\u00a0\u00a0\u00a0\u00a0\u00a0\u00a0 (Director)<\/p>\n<p>CASADO CORONADO, Cristina\u00a0 (Infantil i Prim\u00e0ria)<\/p>\n<p>LIARTE GENOV\u00c9S, Bea\u00a0 \u00a0 \u00a0 \u00a0 \u00a0 \u00a0 (Infantil i Prim\u00e0ria)<\/p>\n<p>GR\u00c0CIA M\u00c9NDEZ, Carmen\u00a0 (Secund\u00e0ria)<\/td>\n<td style=\"width: 40.5981%; height: 709px;\">\n<p style=\"text-align: center;\"><span style=\"text-decoration: underline;\"><strong>P<\/strong><\/span><span style=\"text-decoration: underline;\"><strong>ROFESSORAT<\/strong><\/span><\/p>\n<p>ACERO SANCHO, Alberto<\/p>\n<p>ARRUFAT VOCES, Andrea<\/p>\n<p>ANDR\u00c9S MALL\u00c9N, Jos\u00e9 Luis<\/p>\n<p>BIEMPICA DOMINGUEZ, Olaya<\/p>\n<p>CARRASCO RIAZA, Judit<\/p>\n<p>CASADO CORONADO, Cristina<\/p>\n<p>ESCARIO ARES, Isabel<\/p>\n<p>GENOV\u00c9S CONTRERAS, Rosa M\u00aa<\/p>\n<p>JORGE LAGUNA, Araceli<\/p>\n<p>LIARTE GENOV\u00c9S, Beatriz<\/p>\n<p>LLOPIS D\u00cdAZ, Yolanda<\/p>\n<p>MART\u00cdN PARAREDA, Cristina<\/p>\n<p>MEDINA SANZ, Antonio<\/p>\n<p>MIR MART\u00cdNEZ, Llu\u00efsa<\/p>\n<p>MOLINA GARC\u00cdA, Alberto<\/p>\n<p>MOTA S\u00c1NCHEZ, Vanessa<\/p>\n<p>NINOT GARC\u00cdA, Pilar<\/p>\n<p>PE\u00d1A FRANCISCO, Sara<\/p>\n<p>P\u00c9REZ SERRATE, \u00c0ngela<\/p>\n<p>SORIANO CLARISO, Nuria<\/td>\n<td style=\"width: 38.3615%; height: 709px; vertical-align: top;\">\n<p style=\"text-align: center;\"><span style=\"text-decoration: underline;\"><strong>PERSONAL NO DOCENT<\/strong><\/span><\/p>\n<p>GARC\u00cdA PATO, Ra\u00fal<\/td>\n<\/tr>\n<\/tbody>\n<\/table>\n","protected":false},"excerpt":{"rendered":"<p>EQUIP DIRECTIU PLA MALL\u00c9N, Javier \u00a0\u00a0\u00a0\u00a0\u00a0\u00a0\u00a0\u00a0\u00a0\u00a0\u00a0\u00a0\u00a0\u00a0 (Director) CASADO CORONADO, Cristina\u00a0 (Infantil i Prim\u00e0ria) LIARTE GENOV\u00c9S, Bea\u00a0 \u00a0 \u00a0 \u00a0 \u00a0 \u00a0 (Infantil i Prim\u00e0ria) GR\u00c0CIA M\u00c9NDEZ, Carmen\u00a0 (Secund\u00e0ria) PROFESSORAT ACERO SANCHO, Alberto ARRUFAT VOCES, Andrea ANDR\u00c9S MALL\u00c9N, Jos\u00e9 Luis BIEMPICA DOMINGUEZ, Olaya CARRASCO RIAZA, Judit CASADO CORONADO, Cristina ESCARIO ARES, Isabel GENOV\u00c9S CONTRERAS, Rosa M\u00aa [&hellip;]<\/p>\n","protected":false},"author":1,"featured_media":0,"parent":19,"menu_order":50,"comment_status":"closed","ping_status":"closed","template":"page-templates\/side-menu.php","meta":{"_bbp_topic_count":0,"_bbp_reply_count":0,"_bbp_total_topic_count":0,"_bbp_total_reply_count":0,"_bbp_voice_count":0,"_bbp_anonymous_reply_count":0,"_bbp_topic_count_hidden":0,"_bbp_reply_count_hidden":0,"_bbp_forum_subforum_count":0,"site-sidebar-layout":"default","site-content-layout":"","ast-site-content-layout":"default","site-content-style":"default","site-sidebar-style":"default","ast-global-header-display":"","ast-banner-title-visibility":"","ast-main-header-display":"","ast-hfb-above-header-display":"","ast-hfb-below-header-display":"","ast-hfb-mobile-header-display":"","site-post-title":"","ast-breadcrumbs-content":"","ast-featured-img":"","footer-sml-layout":"","theme-transparent-header-meta":"","adv-header-id-meta":"","stick-header-meta":"","header-above-stick-meta":"","header-main-stick-meta":"","header-below-stick-meta":"","astra-migrate-meta-layouts":"set","ast-page-background-enabled":"default","ast-page-background-meta":{"desktop":{"background-color":"var(--ast-global-color-4)","background-image":"","background-repeat":"repeat","background-position":"center center","background-size":"auto","background-attachment":"scroll","background-type":"","background-media":"","overlay-type":"","overlay-color":"","overlay-opacity":"","overlay-gradient":""},"tablet":{"background-color":"","background-image":"","background-repeat":"repeat","background-position":"center center","background-size":"auto","background-attachment":"scroll","background-type":"","background-media":"","overlay-type":"","overlay-color":"","overlay-opacity":"","overlay-gradient":""},"mobile":{"background-color":"","background-image":"","background-repeat":"repeat","background-position":"center center","background-size":"auto","background-attachment":"scroll","background-type":"","background-media":"","overlay-type":"","overlay-color":"","overlay-opacity":"","overlay-gradient":""}},"ast-content-background-meta":{"desktop":{"background-color":"var(--ast-global-color-5)","background-image":"","background-repeat":"repeat","background-position":"center center","background-size":"auto","background-attachment":"scroll","background-type":"","background-media":"","overlay-type":"","overlay-color":"","overlay-opacity":"","overlay-gradient":""},"tablet":{"background-color":"var(--ast-global-color-5)","background-image":"","background-repeat":"repeat","background-position":"center center","background-size":"auto","background-attachment":"scroll","background-type":"","background-media":"","overlay-type":"","overlay-color":"","overlay-opacity":"","overlay-gradient":""},"mobile":{"background-color":"var(--ast-global-color-5)","background-image":"","background-repeat":"repeat","background-position":"center center","background-size":"auto","background-attachment":"scroll","background-type":"","background-media":"","overlay-type":"","overlay-color":"","overlay-opacity":"","overlay-gradient":""}},"footnotes":""},"class_list":["post-46","page","type-page","status-publish","hentry"],"post_mailing_queue_ids":[],"_links":{"self":[{"href":"https:\/\/agora.xtec.cat\/colegiosantateresa\/wp-json\/wp\/v2\/pages\/46","targetHints":{"allow":["GET"]}}],"collection":[{"href":"https:\/\/agora.xtec.cat\/colegiosantateresa\/wp-json\/wp\/v2\/pages"}],"about":[{"href":"https:\/\/agora.xtec.cat\/colegiosantateresa\/wp-json\/wp\/v2\/types\/page"}],"author":[{"embeddable":true,"href":"https:\/\/agora.xtec.cat\/colegiosantateresa\/wp-json\/wp\/v2\/users\/1"}],"replies":[{"embeddable":true,"href":"https:\/\/agora.xtec.cat\/colegiosantateresa\/wp-json\/wp\/v2\/comments?post=46"}],"version-history":[{"count":7,"href":"https:\/\/agora.xtec.cat\/colegiosantateresa\/wp-json\/wp\/v2\/pages\/46\/revisions"}],"predecessor-version":[{"id":1472,"href":"https:\/\/agora.xtec.cat\/colegiosantateresa\/wp-json\/wp\/v2\/pages\/46\/revisions\/1472"}],"up":[{"embeddable":true,"href":"https:\/\/agora.xtec.cat\/colegiosantateresa\/wp-json\/wp\/v2\/pages\/19"}],"wp:attachment":[{"href":"https:\/\/agora.xtec.cat\/colegiosantateresa\/wp-json\/wp\/v2\/media?parent=46"}],"curies":[{"name":"wp","href":"https:\/\/api.w.org\/{rel}","templated":true}]}}