{"id":39,"date":"2014-09-17T16:36:44","date_gmt":"2014-09-17T16:36:44","guid":{"rendered":"http:\/\/agora.xtec.cat\/colegiosantateresa\/?page_id=39"},"modified":"2026-04-08T15:41:27","modified_gmt":"2026-04-08T13:41:27","slug":"instal%c2%b7lacions","status":"publish","type":"page","link":"https:\/\/agora.xtec.cat\/colegiosantateresa\/linstitut\/instal%c2%b7lacions\/","title":{"rendered":"Instal\u00b7lacions"},"content":{"rendered":"<div><span style=\"font-family: verdana,arial,helvetica,sans-serif; font-size: large;\"><strong>C\/ Llobreg\u00f3s 130<\/strong><\/span><\/div>\n<div><span style=\"font-family: verdana,arial,helvetica,sans-serif; font-size: large;\">\u00a0<\/span><\/div>\n<div>\n<ul>\n<li>Direcci\u00f3, Secretaria, aules de Cicle Mitj\u00e0 i Superior de Prim\u00e0ria i d&#8217;ESO.<\/li>\n<li>Taller, Laboratori, sala d&#8217;inform\u00e0tica i sala polivalent.<\/li>\n<\/ul>\n<\/div>\n<div><span style=\"font-family: verdana,arial,helvetica,sans-serif; font-size: large;\">\u00a0<\/span><\/div>\n<div><span style=\"font-family: verdana,arial,helvetica,sans-serif; font-size: large;\"><strong>C\/ Lugo 22<\/strong><\/span><\/div>\n<div><span style=\"font-family: verdana,arial,helvetica,sans-serif; font-size: large;\">\u00a0<\/span><\/div>\n<div>\n<ul>\n<li>Aules d&#8217;Infantil i Cicle Inicial de Prim\u00e0ria, sala polivalent, menjador i 2 patis.<\/li>\n<\/ul>\n<\/div>\n<div><span style=\"font-family: verdana,arial,helvetica,sans-serif; font-size: large;\">\u00a0<\/span><\/div>\n<div>\n<div><span style=\"font-family: verdana,arial,helvetica,sans-serif; font-size: large;\"><strong>C\/ Conca de Tremp 3<\/strong><\/span><\/div>\n<div><span style=\"font-family: verdana,arial,helvetica,sans-serif; font-size: large;\">\u00a0<\/span><\/div>\n<div>\n<ul>\n<li>Pati de jocs (900 metres quadrats)<\/li>\n<\/ul>\n<p><a href=\"http:\/\/agora.xtec.cat\/colegiosantateresa\/wp-content\/uploads\/usu1192\/2016\/10\/patio.jpg\"><img loading=\"lazy\" decoding=\"async\" class=\"aligncenter size-full wp-image-649\" src=\"http:\/\/agora.xtec.cat\/colegiosantateresa\/wp-content\/uploads\/usu1192\/2016\/10\/patio.jpg\" alt=\"patio\" width=\"500\" height=\"331\" srcset=\"https:\/\/agora.xtec.cat\/colegiosantateresa\/wp-content\/uploads\/usu1192\/2016\/10\/patio.jpg 500w, https:\/\/agora.xtec.cat\/colegiosantateresa\/wp-content\/uploads\/usu1192\/2016\/10\/patio-300x199.jpg 300w\" sizes=\"auto, (max-width: 500px) 100vw, 500px\" \/><\/a><\/p>\n<\/div>\n<\/div>\n","protected":false},"excerpt":{"rendered":"<p>C\/ Llobreg\u00f3s 130 \u00a0 Direcci\u00f3, Secretaria, aules de Cicle Mitj\u00e0 i Superior de Prim\u00e0ria i d&#8217;ESO. Taller, Laboratori, sala d&#8217;inform\u00e0tica i sala polivalent. \u00a0 C\/ Lugo 22 \u00a0 Aules d&#8217;Infantil i Cicle Inicial de Prim\u00e0ria, sala polivalent, menjador i 2 patis. \u00a0 C\/ Conca de Tremp 3 \u00a0 Pati de jocs (900 metres quadrats)<\/p>\n","protected":false},"author":1,"featured_media":0,"parent":19,"menu_order":30,"comment_status":"closed","ping_status":"closed","template":"page-templates\/side-menu.php","meta":{"_bbp_topic_count":0,"_bbp_reply_count":0,"_bbp_total_topic_count":0,"_bbp_total_reply_count":0,"_bbp_voice_count":0,"_bbp_anonymous_reply_count":0,"_bbp_topic_count_hidden":0,"_bbp_reply_count_hidden":0,"_bbp_forum_subforum_count":0,"site-sidebar-layout":"default","site-content-layout":"","ast-site-content-layout":"default","site-content-style":"default","site-sidebar-style":"default","ast-global-header-display":"","ast-banner-title-visibility":"","ast-main-header-display":"","ast-hfb-above-header-display":"","ast-hfb-below-header-display":"","ast-hfb-mobile-header-display":"","site-post-title":"","ast-breadcrumbs-content":"","ast-featured-img":"","footer-sml-layout":"","theme-transparent-header-meta":"","adv-header-id-meta":"","stick-header-meta":"","header-above-stick-meta":"","header-main-stick-meta":"","header-below-stick-meta":"","astra-migrate-meta-layouts":"set","ast-page-background-enabled":"default","ast-page-background-meta":{"desktop":{"background-color":"var(--ast-global-color-4)","background-image":"","background-repeat":"repeat","background-position":"center center","background-size":"auto","background-attachment":"scroll","background-type":"","background-media":"","overlay-type":"","overlay-color":"","overlay-opacity":"","overlay-gradient":""},"tablet":{"background-color":"","background-image":"","background-repeat":"repeat","background-position":"center center","background-size":"auto","background-attachment":"scroll","background-type":"","background-media":"","overlay-type":"","overlay-color":"","overlay-opacity":"","overlay-gradient":""},"mobile":{"background-color":"","background-image":"","background-repeat":"repeat","background-position":"center center","background-size":"auto","background-attachment":"scroll","background-type":"","background-media":"","overlay-type":"","overlay-color":"","overlay-opacity":"","overlay-gradient":""}},"ast-content-background-meta":{"desktop":{"background-color":"var(--ast-global-color-5)","background-image":"","background-repeat":"repeat","background-position":"center center","background-size":"auto","background-attachment":"scroll","background-type":"","background-media":"","overlay-type":"","overlay-color":"","overlay-opacity":"","overlay-gradient":""},"tablet":{"background-color":"var(--ast-global-color-5)","background-image":"","background-repeat":"repeat","background-position":"center center","background-size":"auto","background-attachment":"scroll","background-type":"","background-media":"","overlay-type":"","overlay-color":"","overlay-opacity":"","overlay-gradient":""},"mobile":{"background-color":"var(--ast-global-color-5)","background-image":"","background-repeat":"repeat","background-position":"center center","background-size":"auto","background-attachment":"scroll","background-type":"","background-media":"","overlay-type":"","overlay-color":"","overlay-opacity":"","overlay-gradient":""}},"footnotes":""},"class_list":["post-39","page","type-page","status-publish","hentry"],"post_mailing_queue_ids":[],"_links":{"self":[{"href":"https:\/\/agora.xtec.cat\/colegiosantateresa\/wp-json\/wp\/v2\/pages\/39","targetHints":{"allow":["GET"]}}],"collection":[{"href":"https:\/\/agora.xtec.cat\/colegiosantateresa\/wp-json\/wp\/v2\/pages"}],"about":[{"href":"https:\/\/agora.xtec.cat\/colegiosantateresa\/wp-json\/wp\/v2\/types\/page"}],"author":[{"embeddable":true,"href":"https:\/\/agora.xtec.cat\/colegiosantateresa\/wp-json\/wp\/v2\/users\/1"}],"replies":[{"embeddable":true,"href":"https:\/\/agora.xtec.cat\/colegiosantateresa\/wp-json\/wp\/v2\/comments?post=39"}],"version-history":[{"count":5,"href":"https:\/\/agora.xtec.cat\/colegiosantateresa\/wp-json\/wp\/v2\/pages\/39\/revisions"}],"predecessor-version":[{"id":1473,"href":"https:\/\/agora.xtec.cat\/colegiosantateresa\/wp-json\/wp\/v2\/pages\/39\/revisions\/1473"}],"up":[{"embeddable":true,"href":"https:\/\/agora.xtec.cat\/colegiosantateresa\/wp-json\/wp\/v2\/pages\/19"}],"wp:attachment":[{"href":"https:\/\/agora.xtec.cat\/colegiosantateresa\/wp-json\/wp\/v2\/media?parent=39"}],"curies":[{"name":"wp","href":"https:\/\/api.w.org\/{rel}","templated":true}]}}