{"id":27,"date":"2014-09-17T16:24:03","date_gmt":"2014-09-17T16:24:03","guid":{"rendered":"http:\/\/agora.xtec.cat\/colegiosantateresa\/?page_id=27"},"modified":"2020-05-03T20:03:12","modified_gmt":"2020-05-03T18:03:12","slug":"historia","status":"publish","type":"page","link":"https:\/\/agora.xtec.cat\/colegiosantateresa\/linstitut\/historia\/","title":{"rendered":"Hist\u00f2ria"},"content":{"rendered":"<p style=\"text-align: justify;\"><strong>Hist\u00f2ria del Col\u00b7legi Santa Teresa<\/strong><\/p>\n<p style=\"text-align: justify;\">A l\u2019any 1928, un grup de jesu\u00eftes venien al Carmel a donar classes als nens del barri en unes depend\u00e8ncies de la parr\u00f2quia. Despr\u00e9s de la Guerra Civil Sr. Febrer es va encarregar de l\u2019ensenyament dels nens i la Sra. Teresa Pedrell del de les nenes.<\/p>\n<p style=\"text-align: justify;\">A l\u2019any 1970 es fan c\u00e0rrec de la direcci\u00f3 del centre els Srs. Llu\u00eds Corretja i Jacinto Barrio, mestres i ve\u00efns, que ja ho eren del Col\u00b7legi Barcor, \u00fanic centre privat d\u2019Horta que impartia el nivell de Batxillerat Elemental. A partir del curs 1973\/74 es fusionen els dos centres, per la desaparici\u00f3 del Col.legi Barcor a conseq\u00fc\u00e8ncia de les obres del T\u00fanel de la Rovira. Cessa el Sr. Barrios, i des del curs 1976\/77, es fa c\u00e0rrec com a director el Sr. Corretja. El col\u00b7legi implanta el nivell de Formaci\u00f3 Professional, primer la branca Administrativa i despr\u00e9s les de Jard\u00ed d\u2019infants i d\u2019Automoci\u00f3, sent tamb\u00e9 l\u2019\u00fanic centre d\u2019Horta que ho va impartir.<\/p>\n<p style=\"text-align: justify;\">A partir del curs 1989\/90, cessa el Sr. Corretja, seguint com\u00a0 a directors els Srs. Acero i Le\u00f3n. Es construeix un nou edifici per als nivells Infantil i part de Prim\u00e0ria, ampliant les instal\u00b7lacions de cara a la implantaci\u00f3 de la nova llei d\u2019educaci\u00f3, la LOGSE.<\/p>\n<p style=\"text-align: justify;\">Des del curs 2013\/14, es jubilen els Srs. Acero i Le\u00f3n, i es fa c\u00e0rrec de la direcci\u00f3 del centre el Sr. Javier Pla que fins aquell moment era el Cap d\u2019estudis de l\u2019ESO, i que afegeix un plus, havia estat alumne del col\u00b7legi!. Seguint el que ha estat norma durant tots aquests anys, es continua innovant i millorant tant les instal\u00b7lacions com els procediments, amb la digitalitzaci\u00f3 d\u2019aules i la implementaci\u00f3 de les xarxes socials.<\/p>\n","protected":false},"excerpt":{"rendered":"<p>Hist\u00f2ria del Col\u00b7legi Santa Teresa A l\u2019any 1928, un grup de jesu\u00eftes venien al Carmel a donar classes als nens del barri en unes depend\u00e8ncies de la parr\u00f2quia. Despr\u00e9s de la Guerra Civil Sr. Febrer es va encarregar de l\u2019ensenyament dels nens i la Sra. Teresa Pedrell del de les nenes. A l\u2019any 1970 es [&hellip;]<\/p>\n","protected":false},"author":1,"featured_media":0,"parent":19,"menu_order":20,"comment_status":"closed","ping_status":"closed","template":"page-templates\/side-menu.php","meta":{"_bbp_topic_count":0,"_bbp_reply_count":0,"_bbp_total_topic_count":0,"_bbp_total_reply_count":0,"_bbp_voice_count":0,"_bbp_anonymous_reply_count":0,"_bbp_topic_count_hidden":0,"_bbp_reply_count_hidden":0,"_bbp_forum_subforum_count":0,"site-sidebar-layout":"default","site-content-layout":"","ast-site-content-layout":"","site-content-style":"default","site-sidebar-style":"default","ast-global-header-display":"","ast-banner-title-visibility":"","ast-main-header-display":"","ast-hfb-above-header-display":"","ast-hfb-below-header-display":"","ast-hfb-mobile-header-display":"","site-post-title":"","ast-breadcrumbs-content":"","ast-featured-img":"","footer-sml-layout":"","theme-transparent-header-meta":"","adv-header-id-meta":"","stick-header-meta":"","header-above-stick-meta":"","header-main-stick-meta":"","header-below-stick-meta":"","astra-migrate-meta-layouts":"default","ast-page-background-enabled":"default","ast-page-background-meta":{"desktop":{"background-color":"var(--ast-global-color-4)","background-image":"","background-repeat":"repeat","background-position":"center center","background-size":"auto","background-attachment":"scroll","background-type":"","background-media":"","overlay-type":"","overlay-color":"","overlay-opacity":"","overlay-gradient":""},"tablet":{"background-color":"","background-image":"","background-repeat":"repeat","background-position":"center center","background-size":"auto","background-attachment":"scroll","background-type":"","background-media":"","overlay-type":"","overlay-color":"","overlay-opacity":"","overlay-gradient":""},"mobile":{"background-color":"","background-image":"","background-repeat":"repeat","background-position":"center center","background-size":"auto","background-attachment":"scroll","background-type":"","background-media":"","overlay-type":"","overlay-color":"","overlay-opacity":"","overlay-gradient":""}},"ast-content-background-meta":{"desktop":{"background-color":"var(--ast-global-color-5)","background-image":"","background-repeat":"repeat","background-position":"center center","background-size":"auto","background-attachment":"scroll","background-type":"","background-media":"","overlay-type":"","overlay-color":"","overlay-opacity":"","overlay-gradient":""},"tablet":{"background-color":"var(--ast-global-color-5)","background-image":"","background-repeat":"repeat","background-position":"center center","background-size":"auto","background-attachment":"scroll","background-type":"","background-media":"","overlay-type":"","overlay-color":"","overlay-opacity":"","overlay-gradient":""},"mobile":{"background-color":"var(--ast-global-color-5)","background-image":"","background-repeat":"repeat","background-position":"center center","background-size":"auto","background-attachment":"scroll","background-type":"","background-media":"","overlay-type":"","overlay-color":"","overlay-opacity":"","overlay-gradient":""}},"footnotes":""},"class_list":["post-27","page","type-page","status-publish","hentry"],"post_mailing_queue_ids":[],"_links":{"self":[{"href":"https:\/\/agora.xtec.cat\/colegiosantateresa\/wp-json\/wp\/v2\/pages\/27","targetHints":{"allow":["GET"]}}],"collection":[{"href":"https:\/\/agora.xtec.cat\/colegiosantateresa\/wp-json\/wp\/v2\/pages"}],"about":[{"href":"https:\/\/agora.xtec.cat\/colegiosantateresa\/wp-json\/wp\/v2\/types\/page"}],"author":[{"embeddable":true,"href":"https:\/\/agora.xtec.cat\/colegiosantateresa\/wp-json\/wp\/v2\/users\/1"}],"replies":[{"embeddable":true,"href":"https:\/\/agora.xtec.cat\/colegiosantateresa\/wp-json\/wp\/v2\/comments?post=27"}],"version-history":[{"count":3,"href":"https:\/\/agora.xtec.cat\/colegiosantateresa\/wp-json\/wp\/v2\/pages\/27\/revisions"}],"predecessor-version":[{"id":1065,"href":"https:\/\/agora.xtec.cat\/colegiosantateresa\/wp-json\/wp\/v2\/pages\/27\/revisions\/1065"}],"up":[{"embeddable":true,"href":"https:\/\/agora.xtec.cat\/colegiosantateresa\/wp-json\/wp\/v2\/pages\/19"}],"wp:attachment":[{"href":"https:\/\/agora.xtec.cat\/colegiosantateresa\/wp-json\/wp\/v2\/media?parent=27"}],"curies":[{"name":"wp","href":"https:\/\/api.w.org\/{rel}","templated":true}]}}