{"id":1076,"date":"2020-05-03T20:30:06","date_gmt":"2020-05-03T18:30:06","guid":{"rendered":"http:\/\/agora.xtec.cat\/colegiosantateresa\/?page_id=1076"},"modified":"2020-05-03T20:38:06","modified_gmt":"2020-05-03T18:38:06","slug":"projectes-i-activitats-destacades-del-centre","status":"publish","type":"page","link":"https:\/\/agora.xtec.cat\/colegiosantateresa\/projecte-educatiu\/projectes-i-activitats-destacades-del-centre\/","title":{"rendered":"Projectes i activitats destacades del centre"},"content":{"rendered":"<ul style=\"list-style-type: circle;\">\n<li>A l\u2019Educaci\u00f3 Infantil es fa un ensenyament globalitzat, en el que es motiva al nen\/a a experimentar, raonar i expressar, sempre tenint en compte el ritme d\u2019aprenentatge de cadascun d\u2019ells\/es. Enguany hem comen\u00e7at a treballar per projectes.<\/li>\n<li>A l\u2019Educaci\u00f3 Prim\u00e0ria i Secund\u00e0ria es treballa per mat\u00e8ries. L\u2019avaluaci\u00f3 \u00e9s cont\u00ednua, formativa i formadora.<\/li>\n<li>Al nostre centre es fomenta l\u2019angl\u00e8s a tota l\u2019escola. Una part de la mat\u00e8ria de Ci\u00e8ncies Naturals s\u2019imparteix en aquesta llengua tant a Prim\u00e0ria com a Secund\u00e0ria. A\u00a0 partir de l\u2019ESO \u00a0s\u2019introdueix el franc\u00e8s com a segona llengua.<\/li>\n<li>Projecte d\u00b4h\u00e0bits d\u00b4alimentaci\u00f3 saludable amb col\u00b7laboraci\u00f3 de l\u00b4Ag\u00e8ncia de Salut P\u00fablica<\/li>\n<li>Apadrinament Lector i Matem\u00e0tic.<\/li>\n<li>Emprenedoria<\/li>\n<li>Aprenentatge Servei<\/li>\n<li>Sortides culturals, excursions i celebracions.<\/li>\n<\/ul>\n","protected":false},"excerpt":{"rendered":"<p>A l\u2019Educaci\u00f3 Infantil es fa un ensenyament globalitzat, en el que es motiva al nen\/a a experimentar, raonar i expressar, sempre tenint en compte el ritme d\u2019aprenentatge de cadascun d\u2019ells\/es. Enguany hem comen\u00e7at a treballar per projectes. A l\u2019Educaci\u00f3 Prim\u00e0ria i Secund\u00e0ria es treballa per mat\u00e8ries. L\u2019avaluaci\u00f3 \u00e9s cont\u00ednua, formativa i formadora. Al nostre centre [&hellip;]<\/p>\n","protected":false},"author":1,"featured_media":0,"parent":57,"menu_order":4,"comment_status":"closed","ping_status":"closed","template":"page-templates\/side-menu.php","meta":{"_bbp_topic_count":0,"_bbp_reply_count":0,"_bbp_total_topic_count":0,"_bbp_total_reply_count":0,"_bbp_voice_count":0,"_bbp_anonymous_reply_count":0,"_bbp_topic_count_hidden":0,"_bbp_reply_count_hidden":0,"_bbp_forum_subforum_count":0,"site-sidebar-layout":"default","site-content-layout":"","ast-site-content-layout":"","site-content-style":"default","site-sidebar-style":"default","ast-global-header-display":"","ast-banner-title-visibility":"","ast-main-header-display":"","ast-hfb-above-header-display":"","ast-hfb-below-header-display":"","ast-hfb-mobile-header-display":"","site-post-title":"","ast-breadcrumbs-content":"","ast-featured-img":"","footer-sml-layout":"","theme-transparent-header-meta":"","adv-header-id-meta":"","stick-header-meta":"","header-above-stick-meta":"","header-main-stick-meta":"","header-below-stick-meta":"","astra-migrate-meta-layouts":"default","ast-page-background-enabled":"default","ast-page-background-meta":{"desktop":{"background-color":"var(--ast-global-color-4)","background-image":"","background-repeat":"repeat","background-position":"center center","background-size":"auto","background-attachment":"scroll","background-type":"","background-media":"","overlay-type":"","overlay-color":"","overlay-opacity":"","overlay-gradient":""},"tablet":{"background-color":"","background-image":"","background-repeat":"repeat","background-position":"center center","background-size":"auto","background-attachment":"scroll","background-type":"","background-media":"","overlay-type":"","overlay-color":"","overlay-opacity":"","overlay-gradient":""},"mobile":{"background-color":"","background-image":"","background-repeat":"repeat","background-position":"center center","background-size":"auto","background-attachment":"scroll","background-type":"","background-media":"","overlay-type":"","overlay-color":"","overlay-opacity":"","overlay-gradient":""}},"ast-content-background-meta":{"desktop":{"background-color":"var(--ast-global-color-5)","background-image":"","background-repeat":"repeat","background-position":"center center","background-size":"auto","background-attachment":"scroll","background-type":"","background-media":"","overlay-type":"","overlay-color":"","overlay-opacity":"","overlay-gradient":""},"tablet":{"background-color":"var(--ast-global-color-5)","background-image":"","background-repeat":"repeat","background-position":"center center","background-size":"auto","background-attachment":"scroll","background-type":"","background-media":"","overlay-type":"","overlay-color":"","overlay-opacity":"","overlay-gradient":""},"mobile":{"background-color":"var(--ast-global-color-5)","background-image":"","background-repeat":"repeat","background-position":"center center","background-size":"auto","background-attachment":"scroll","background-type":"","background-media":"","overlay-type":"","overlay-color":"","overlay-opacity":"","overlay-gradient":""}},"footnotes":""},"class_list":["post-1076","page","type-page","status-publish","hentry"],"post_mailing_queue_ids":[],"_links":{"self":[{"href":"https:\/\/agora.xtec.cat\/colegiosantateresa\/wp-json\/wp\/v2\/pages\/1076","targetHints":{"allow":["GET"]}}],"collection":[{"href":"https:\/\/agora.xtec.cat\/colegiosantateresa\/wp-json\/wp\/v2\/pages"}],"about":[{"href":"https:\/\/agora.xtec.cat\/colegiosantateresa\/wp-json\/wp\/v2\/types\/page"}],"author":[{"embeddable":true,"href":"https:\/\/agora.xtec.cat\/colegiosantateresa\/wp-json\/wp\/v2\/users\/1"}],"replies":[{"embeddable":true,"href":"https:\/\/agora.xtec.cat\/colegiosantateresa\/wp-json\/wp\/v2\/comments?post=1076"}],"version-history":[{"count":1,"href":"https:\/\/agora.xtec.cat\/colegiosantateresa\/wp-json\/wp\/v2\/pages\/1076\/revisions"}],"predecessor-version":[{"id":1077,"href":"https:\/\/agora.xtec.cat\/colegiosantateresa\/wp-json\/wp\/v2\/pages\/1076\/revisions\/1077"}],"up":[{"embeddable":true,"href":"https:\/\/agora.xtec.cat\/colegiosantateresa\/wp-json\/wp\/v2\/pages\/57"}],"wp:attachment":[{"href":"https:\/\/agora.xtec.cat\/colegiosantateresa\/wp-json\/wp\/v2\/media?parent=1076"}],"curies":[{"name":"wp","href":"https:\/\/api.w.org\/{rel}","templated":true}]}}