{"id":1072,"date":"2020-05-03T20:26:08","date_gmt":"2020-05-03T18:26:08","guid":{"rendered":"http:\/\/agora.xtec.cat\/colegiosantateresa\/?page_id=1072"},"modified":"2020-05-03T20:26:08","modified_gmt":"2020-05-03T18:26:08","slug":"objectius-educatius-prioritaris","status":"publish","type":"page","link":"https:\/\/agora.xtec.cat\/colegiosantateresa\/projecte-educatiu\/objectius-educatius-prioritaris\/","title":{"rendered":"Objectius educatius prioritaris"},"content":{"rendered":"<ul>\n<li>Potenciar el paper actiu dels alumnes dins la seva formaci\u00f3, fomentant l\u2019autonomia personal per resoldre situacions a la vida quotidiana.<\/li>\n<li>Potenciar la participaci\u00f3 de les fam\u00edlies.<\/li>\n<li>Potenciar la innovaci\u00f3 metodol\u00f2gica i did\u00e0ctica.<\/li>\n<li>Treballar la integraci\u00f3 a l\u2019aula com a eina indispensable per garantir el millor desenvolupament social i personal dels alumnes amb NEE.<\/li>\n<li>Crear h\u00e0bits saludables per als alumnes i per al medi ambient.<\/li>\n<li>Fomentar l\u2019aprenentatge global interrelacionant les diferents \u00e0rees de coneixement i habilitats t\u00e8cniques.<\/li>\n<li>Respectar i acceptar les diverses cultures i lleng\u00fces que ens envolten.<\/li>\n<\/ul>\n","protected":false},"excerpt":{"rendered":"<p>Potenciar el paper actiu dels alumnes dins la seva formaci\u00f3, fomentant l\u2019autonomia personal per resoldre situacions a la vida quotidiana. Potenciar la participaci\u00f3 de les fam\u00edlies. Potenciar la innovaci\u00f3 metodol\u00f2gica i did\u00e0ctica. Treballar la integraci\u00f3 a l\u2019aula com a eina indispensable per garantir el millor desenvolupament social i personal dels alumnes amb NEE. Crear h\u00e0bits [&hellip;]<\/p>\n","protected":false},"author":1,"featured_media":0,"parent":57,"menu_order":2,"comment_status":"closed","ping_status":"closed","template":"page-templates\/side-menu.php","meta":{"_bbp_topic_count":0,"_bbp_reply_count":0,"_bbp_total_topic_count":0,"_bbp_total_reply_count":0,"_bbp_voice_count":0,"_bbp_anonymous_reply_count":0,"_bbp_topic_count_hidden":0,"_bbp_reply_count_hidden":0,"_bbp_forum_subforum_count":0,"site-sidebar-layout":"default","site-content-layout":"","ast-site-content-layout":"","site-content-style":"default","site-sidebar-style":"default","ast-global-header-display":"","ast-banner-title-visibility":"","ast-main-header-display":"","ast-hfb-above-header-display":"","ast-hfb-below-header-display":"","ast-hfb-mobile-header-display":"","site-post-title":"","ast-breadcrumbs-content":"","ast-featured-img":"","footer-sml-layout":"","theme-transparent-header-meta":"","adv-header-id-meta":"","stick-header-meta":"","header-above-stick-meta":"","header-main-stick-meta":"","header-below-stick-meta":"","astra-migrate-meta-layouts":"default","ast-page-background-enabled":"default","ast-page-background-meta":{"desktop":{"background-color":"var(--ast-global-color-4)","background-image":"","background-repeat":"repeat","background-position":"center center","background-size":"auto","background-attachment":"scroll","background-type":"","background-media":"","overlay-type":"","overlay-color":"","overlay-opacity":"","overlay-gradient":""},"tablet":{"background-color":"","background-image":"","background-repeat":"repeat","background-position":"center center","background-size":"auto","background-attachment":"scroll","background-type":"","background-media":"","overlay-type":"","overlay-color":"","overlay-opacity":"","overlay-gradient":""},"mobile":{"background-color":"","background-image":"","background-repeat":"repeat","background-position":"center center","background-size":"auto","background-attachment":"scroll","background-type":"","background-media":"","overlay-type":"","overlay-color":"","overlay-opacity":"","overlay-gradient":""}},"ast-content-background-meta":{"desktop":{"background-color":"var(--ast-global-color-5)","background-image":"","background-repeat":"repeat","background-position":"center center","background-size":"auto","background-attachment":"scroll","background-type":"","background-media":"","overlay-type":"","overlay-color":"","overlay-opacity":"","overlay-gradient":""},"tablet":{"background-color":"var(--ast-global-color-5)","background-image":"","background-repeat":"repeat","background-position":"center center","background-size":"auto","background-attachment":"scroll","background-type":"","background-media":"","overlay-type":"","overlay-color":"","overlay-opacity":"","overlay-gradient":""},"mobile":{"background-color":"var(--ast-global-color-5)","background-image":"","background-repeat":"repeat","background-position":"center center","background-size":"auto","background-attachment":"scroll","background-type":"","background-media":"","overlay-type":"","overlay-color":"","overlay-opacity":"","overlay-gradient":""}},"footnotes":""},"class_list":["post-1072","page","type-page","status-publish","hentry"],"post_mailing_queue_ids":[],"_links":{"self":[{"href":"https:\/\/agora.xtec.cat\/colegiosantateresa\/wp-json\/wp\/v2\/pages\/1072","targetHints":{"allow":["GET"]}}],"collection":[{"href":"https:\/\/agora.xtec.cat\/colegiosantateresa\/wp-json\/wp\/v2\/pages"}],"about":[{"href":"https:\/\/agora.xtec.cat\/colegiosantateresa\/wp-json\/wp\/v2\/types\/page"}],"author":[{"embeddable":true,"href":"https:\/\/agora.xtec.cat\/colegiosantateresa\/wp-json\/wp\/v2\/users\/1"}],"replies":[{"embeddable":true,"href":"https:\/\/agora.xtec.cat\/colegiosantateresa\/wp-json\/wp\/v2\/comments?post=1072"}],"version-history":[{"count":1,"href":"https:\/\/agora.xtec.cat\/colegiosantateresa\/wp-json\/wp\/v2\/pages\/1072\/revisions"}],"predecessor-version":[{"id":1073,"href":"https:\/\/agora.xtec.cat\/colegiosantateresa\/wp-json\/wp\/v2\/pages\/1072\/revisions\/1073"}],"up":[{"embeddable":true,"href":"https:\/\/agora.xtec.cat\/colegiosantateresa\/wp-json\/wp\/v2\/pages\/57"}],"wp:attachment":[{"href":"https:\/\/agora.xtec.cat\/colegiosantateresa\/wp-json\/wp\/v2\/media?parent=1072"}],"curies":[{"name":"wp","href":"https:\/\/api.w.org\/{rel}","templated":true}]}}