{"id":523,"date":"2016-12-21T13:03:27","date_gmt":"2016-12-21T12:03:27","guid":{"rendered":"http:\/\/agora.xtec.cat\/col-tarres\/?page_id=523"},"modified":"2025-11-13T19:58:16","modified_gmt":"2025-11-13T18:58:16","slug":"robotica","status":"publish","type":"page","link":"https:\/\/agora.xtec.cat\/col-tarres\/projectes\/robotica\/","title":{"rendered":"Rob\u00f2tica i innovaci\u00f3"},"content":{"rendered":"\n<h2 class=\"wp-block-heading has-text-align-center\">ROB\u00d2TICA I INNOVACI\u00d3 DIGITAL<\/h2>\n\n\n\n<hr class=\"wp-block-separator has-text-color has-ast-global-color-1-color has-alpha-channel-opacity has-ast-global-color-1-background-color has-background\"\/>\n\n\n\n<p class=\"has-text-align-center\">Potenciem la compet\u00e8ncia digital, la creativitat, la capacitat de resoldre problemes i de treballar en equip.<\/p>\n\n\n\n<div class=\"wp-block-columns is-layout-flex wp-container-core-columns-is-layout-1 wp-block-columns-is-layout-flex\">\n<div class=\"wp-block-column is-layout-flow wp-block-column-is-layout-flow\" style=\"padding-right:var(--wp--preset--spacing--30);padding-left:var(--wp--preset--spacing--30);flex-basis:42%\">\n<h4 class=\"wp-block-heading has-ast-global-color-1-color has-text-color has-link-color wp-elements-b0f00994449f0d4cced5f40d7e63f4de\">ROB\u00d2TICA I PROGRAMACI\u00d3<\/h4>\n\n\n\n<p>A l&#8217;Escola posem els recursos i metodologies encaminades a aprendre la <strong>rob\u00f2tica<\/strong>, el pensament computacional i la&nbsp;codificaci\u00f3. <\/p>\n\n\n\n<p>La programaci\u00f3 no \u00e9s m\u00e9s que una manera d\u2019ordenar el pensament i organitzar-lo, per\u00f2 tamb\u00e9 \u00e9s una nova forma d&#8217;expressi\u00f3 i compartici\u00f3.<\/p>\n\n\n\n<h5 class=\"wp-block-heading has-ast-global-color-1-color has-text-color has-link-color wp-elements-dc384b35d89f1320d101151fd0e44743\">Centre de refer\u00e8ncia STEAM<\/h5>\n\n\n\n<p>L&#8217;<strong>editorial Baula<\/strong> ens ha reconegut com a <strong>centre de refer\u00e8ncia en habilitats STEAM<\/strong> en la categoria de bronze, gr\u00e0cies al Projecte de Rob\u00f2tica i Programaci\u00f3 que hem iniciat els darrers cursos, a partir de Cicle Superior de Prim\u00e0ria i a la Secund\u00e0ria.<\/p>\n\n\n\n<figure class=\"wp-block-image alignfull size-full\"><a href=\"https:\/\/agora.xtec.cat\/col-tarres\/wp-content\/uploads\/usu1585\/2025\/06\/ESCOLA-TARRES.jpg\"><img loading=\"lazy\" decoding=\"async\" width=\"500\" height=\"375\" src=\"https:\/\/agora.xtec.cat\/col-tarres\/wp-content\/uploads\/usu1585\/2025\/06\/ESCOLA-TARRES.jpg\" alt=\"\" class=\"wp-image-18903\" srcset=\"https:\/\/agora.xtec.cat\/col-tarres\/wp-content\/uploads\/usu1585\/2025\/06\/ESCOLA-TARRES.jpg 500w, https:\/\/agora.xtec.cat\/col-tarres\/wp-content\/uploads\/usu1585\/2025\/06\/ESCOLA-TARRES-300x225.jpg 300w\" sizes=\"auto, (max-width: 500px) 100vw, 500px\" \/><\/a><\/figure>\n\n\n\n<h5 class=\"wp-block-heading has-ast-global-color-1-color has-text-color has-link-color wp-elements-f89dff4f3192cb57bf29cfd6320f2d16\">Subvenci\u00f3 C\u00f3digo Escuela 4.0<\/h5>\n\n\n\n<p>El Centre s&#8217;ha acollit al<strong> Programa C\u00f3digo Escuela 4.0 <\/strong>(programa finan\u00e7at pel Ministeri d&#8217;Educaci\u00f3, Formaci\u00f3 Professional i Esports) i que ha representat una dotaci\u00f3 de 20.000 \u20ac, amb la finalitat d&#8217;adquirir equipament de rob\u00f2tica, programaci\u00f3 i llenguatge computacional.<\/p>\n\n\n\n<figure class=\"wp-block-image size-large\"><a href=\"https:\/\/agora.xtec.cat\/col-tarres\/wp-content\/uploads\/usu1585\/2025\/07\/concertada-4.0.png\"><img loading=\"lazy\" decoding=\"async\" width=\"1024\" height=\"117\" src=\"https:\/\/agora.xtec.cat\/col-tarres\/wp-content\/uploads\/usu1585\/2025\/07\/concertada-4.0-1024x117.png\" alt=\"\" class=\"wp-image-19068\" srcset=\"https:\/\/agora.xtec.cat\/col-tarres\/wp-content\/uploads\/usu1585\/2025\/07\/concertada-4.0-1024x117.png 1024w, https:\/\/agora.xtec.cat\/col-tarres\/wp-content\/uploads\/usu1585\/2025\/07\/concertada-4.0-300x34.png 300w, https:\/\/agora.xtec.cat\/col-tarres\/wp-content\/uploads\/usu1585\/2025\/07\/concertada-4.0-768x88.png 768w, https:\/\/agora.xtec.cat\/col-tarres\/wp-content\/uploads\/usu1585\/2025\/07\/concertada-4.0-1536x176.png 1536w, https:\/\/agora.xtec.cat\/col-tarres\/wp-content\/uploads\/usu1585\/2025\/07\/concertada-4.0.png 1600w\" sizes=\"auto, (max-width: 1024px) 100vw, 1024px\" \/><\/a><\/figure>\n<\/div>\n\n\n\n<div class=\"wp-block-column is-layout-flow wp-block-column-is-layout-flow\" style=\"padding-right:var(--wp--preset--spacing--30);padding-left:var(--wp--preset--spacing--30);flex-basis:55%\">\n<h5 class=\"wp-block-heading has-ast-global-color-1-color has-text-color has-link-color wp-elements-30a8a227888ac37ae8f0375df3d93f54\">Educaci\u00f3 Infantil<\/h5>\n\n\n\n<p>El <strong>pensament computacional<\/strong>, el qual va molt m\u00e9s enll\u00e0 de la inform\u00e0tica o la programaci\u00f3, \u00e9s fonamental per a tothom i cal integrar-lo en les altres disciplines, tant en l&#8217;ensenyament com en la vida di\u00e0ria. \u00c9s per aix\u00f2 que incorporem aquesta forma de pensar des de ben petits, creant entorns d&#8217;aprenentatge (<strong>desendollats de les pantalles<\/strong>) on l&#8217;observaci\u00f3, la identificaci\u00f3, l&#8217;ordenaci\u00f3, la formulaci\u00f3 d&#8217;hip\u00f2tesis o la l\u00f2gica siguin presents en les situacions que els infants es troben.<\/p>\n\n\n\n<p>Aquests espais d&#8217;aprenentatge es troben en multitud de moments al llarg de l&#8217;escolaritzaci\u00f3, per\u00f2 en serien exemples els Dits Fins o l&#8217;ambient de <em>Natur\u00e0lia <\/em>a Infantil, les matem\u00e0tiques, el raonament, l&#8217;expressi\u00f3 oral i escrita, etc.<\/p>\n\n\n\n<h5 class=\"wp-block-heading has-ast-global-color-1-color has-text-color has-link-color wp-elements-1d79f668f81c32e0f0ee77ffa2100243\">Educaci\u00f3 Prim\u00e0ria<\/h5>\n\n\n\n<p>A partir de <strong>Cicle<\/strong> <strong>Mitj\u00e0<\/strong>, iniciem un primer contacte amb les noves tecnologies per comen\u00e7ar a saber-les utilitzar, entendre-les i a treballar-hi de forma segura. \u00c9s una eina poderosa, complexa i seriosa, per aix\u00f2 cal fer-hi una entrada esglaonada i responsable, per anar assolint, progressivament, les compet\u00e8ncies digitals.<\/p>\n\n\n\n<p>A partir de<strong> 5\u00e8 de Prim\u00e0ria<\/strong> ens iniciem a la programaci\u00f3 i a la codificaci\u00f3 amb&nbsp;<strong><em>Scratch<\/em><\/strong>. Scratch \u00e9s un entorn de programaci\u00f3 visual per blocs que permet crear hist\u00f2ries i animacions. L\u2019alumnat, de manera intu\u00eftiva i amb la guia del professorat, \u00e9s capa\u00e7 d\u2019anar resolent reptes cada vegada m\u00e9s elaborats i aix\u00ed introduir els conceptes b\u00e0sics de programaci\u00f3 de manera esglaonada com l\u2019\u00fas de variables, elements de control, interaccions i funcions.<\/p>\n\n\n\n<h5 class=\"wp-block-heading has-ast-global-color-1-color has-text-color has-link-color wp-elements-8acf38eb4abf118e4553e6c3b7b796c5\">Educaci\u00f3 Secund\u00e0ria<\/h5>\n\n\n\n<p>Introdu\u00efm la rob\u00f2tica amb&nbsp;<strong>Micro: Bit<\/strong>: primer per con\u00e8ixer el funcionament i possibilitats. M\u00e9s endavant s\u2019incorporen els mecanismes i els sensors per resoldre diferents situacions.<\/p>\n\n\n\n<p>Disposem de <strong>LEGO Mindstorm<\/strong>&nbsp;per treballar la rob\u00f2tica amb una codificaci\u00f3 diferent.<\/p>\n\n\n\n<p>Tamb\u00e9 treballem el <strong>Tinkercad<\/strong> i l&#8217;<strong>Sketchup<\/strong> (creaci\u00f3 d&#8217;objectes i entorns virtuals) i la impressi\u00f3 d&#8217;objectes amb l&#8217;<strong>impresora 3D<\/strong>.<\/p>\n<\/div>\n<\/div>\n","protected":false},"excerpt":{"rendered":"<p>ROB\u00d2TICA I INNOVACI\u00d3 DIGITAL Potenciem la compet\u00e8ncia digital, la creativitat, la capacitat de resoldre problemes i de treballar en equip. [&hellip;]<\/p>\n","protected":false},"author":4,"featured_media":0,"parent":57,"menu_order":3,"comment_status":"closed","ping_status":"closed","template":"","meta":{"_bbp_topic_count":0,"_bbp_reply_count":0,"_bbp_total_topic_count":0,"_bbp_total_reply_count":0,"_bbp_voice_count":0,"_bbp_anonymous_reply_count":0,"_bbp_topic_count_hidden":0,"_bbp_reply_count_hidden":0,"_bbp_forum_subforum_count":0,"site-sidebar-layout":"default","site-content-layout":"","ast-site-content-layout":"default","site-content-style":"default","site-sidebar-style":"default","ast-global-header-display":"","ast-banner-title-visibility":"","ast-main-header-display":"","ast-hfb-above-header-display":"","ast-hfb-below-header-display":"","ast-hfb-mobile-header-display":"","site-post-title":"disabled","ast-breadcrumbs-content":"","ast-featured-img":"","footer-sml-layout":"","theme-transparent-header-meta":"","adv-header-id-meta":"","stick-header-meta":"","header-above-stick-meta":"","header-main-stick-meta":"","header-below-stick-meta":"","astra-migrate-meta-layouts":"set","ast-page-background-enabled":"default","ast-page-background-meta":{"desktop":{"background-color":"var(--ast-global-color-4)","background-image":"","background-repeat":"repeat","background-position":"center center","background-size":"auto","background-attachment":"scroll","background-type":"","background-media":"","overlay-type":"","overlay-color":"","overlay-opacity":"","overlay-gradient":""},"tablet":{"background-color":"","background-image":"","background-repeat":"repeat","background-position":"center center","background-size":"auto","background-attachment":"scroll","background-type":"","background-media":"","overlay-type":"","overlay-color":"","overlay-opacity":"","overlay-gradient":""},"mobile":{"background-color":"","background-image":"","background-repeat":"repeat","background-position":"center center","background-size":"auto","background-attachment":"scroll","background-type":"","background-media":"","overlay-type":"","overlay-color":"","overlay-opacity":"","overlay-gradient":""}},"ast-content-background-meta":{"desktop":{"background-color":"var(--ast-global-color-5)","background-image":"","background-repeat":"repeat","background-position":"center center","background-size":"auto","background-attachment":"scroll","background-type":"","background-media":"","overlay-type":"","overlay-color":"","overlay-opacity":"","overlay-gradient":""},"tablet":{"background-color":"var(--ast-global-color-5)","background-image":"","background-repeat":"repeat","background-position":"center center","background-size":"auto","background-attachment":"scroll","background-type":"","background-media":"","overlay-type":"","overlay-color":"","overlay-opacity":"","overlay-gradient":""},"mobile":{"background-color":"var(--ast-global-color-5)","background-image":"","background-repeat":"repeat","background-position":"center center","background-size":"auto","background-attachment":"scroll","background-type":"","background-media":"","overlay-type":"","overlay-color":"","overlay-opacity":"","overlay-gradient":""}},"footnotes":""},"class_list":["post-523","page","type-page","status-publish","hentry"],"post_mailing_queue_ids":[],"_links":{"self":[{"href":"https:\/\/agora.xtec.cat\/col-tarres\/wp-json\/wp\/v2\/pages\/523","targetHints":{"allow":["GET"]}}],"collection":[{"href":"https:\/\/agora.xtec.cat\/col-tarres\/wp-json\/wp\/v2\/pages"}],"about":[{"href":"https:\/\/agora.xtec.cat\/col-tarres\/wp-json\/wp\/v2\/types\/page"}],"author":[{"embeddable":true,"href":"https:\/\/agora.xtec.cat\/col-tarres\/wp-json\/wp\/v2\/users\/4"}],"replies":[{"embeddable":true,"href":"https:\/\/agora.xtec.cat\/col-tarres\/wp-json\/wp\/v2\/comments?post=523"}],"version-history":[{"count":6,"href":"https:\/\/agora.xtec.cat\/col-tarres\/wp-json\/wp\/v2\/pages\/523\/revisions"}],"predecessor-version":[{"id":19343,"href":"https:\/\/agora.xtec.cat\/col-tarres\/wp-json\/wp\/v2\/pages\/523\/revisions\/19343"}],"up":[{"embeddable":true,"href":"https:\/\/agora.xtec.cat\/col-tarres\/wp-json\/wp\/v2\/pages\/57"}],"wp:attachment":[{"href":"https:\/\/agora.xtec.cat\/col-tarres\/wp-json\/wp\/v2\/media?parent=523"}],"curies":[{"name":"wp","href":"https:\/\/api.w.org\/{rel}","templated":true}]}}