{"id":195,"date":"2014-09-22T10:39:39","date_gmt":"2014-09-22T10:39:39","guid":{"rendered":"http:\/\/agora.xtec.cat\/col-tarres\/?page_id=195"},"modified":"2023-02-12T22:46:44","modified_gmt":"2023-02-12T21:46:44","slug":"estudis","status":"publish","type":"page","link":"https:\/\/agora.xtec.cat\/col-tarres\/estudis\/","title":{"rendered":"Etapes Educatives"},"content":{"rendered":"<p>El centre imparteix les etapes de l&#8217;<strong>Educaci\u00f3 Infantil <\/strong>(3-6 anys), <strong>Educaci\u00f3 Prim\u00e0ria\u00a0<\/strong>(6-12 anys) i <strong>Educaci\u00f3 Secund\u00e0ria Obligatoria<\/strong> (12-16 anys) amb <strong>una l\u00ednia<\/strong> concertada a tots els nivells. Premeu les imatges per accedir a cadascuna de les etapes que oferim:<\/p>\n<p><a href=\"https:\/\/agora.xtec.cat\/col-tarres\/estudis\/infantil\/\"><img loading=\"lazy\" decoding=\"async\" class=\"alignnone wp-image-13109 size-full\" src=\"https:\/\/agora.xtec.cat\/col-tarres\/wp-content\/uploads\/usu1585\/2020\/12\/infantil.png\" alt=\"\" width=\"1678\" height=\"205\" srcset=\"https:\/\/agora.xtec.cat\/col-tarres\/wp-content\/uploads\/usu1585\/2020\/12\/infantil.png 1678w, https:\/\/agora.xtec.cat\/col-tarres\/wp-content\/uploads\/usu1585\/2020\/12\/infantil-300x37.png 300w, https:\/\/agora.xtec.cat\/col-tarres\/wp-content\/uploads\/usu1585\/2020\/12\/infantil-768x94.png 768w, https:\/\/agora.xtec.cat\/col-tarres\/wp-content\/uploads\/usu1585\/2020\/12\/infantil-1024x125.png 1024w\" sizes=\"auto, (max-width: 1678px) 100vw, 1678px\" \/><\/a><\/p>\n<hr \/>\n<p><a href=\"https:\/\/agora.xtec.cat\/col-tarres\/estudis\/primaria\/\"><img loading=\"lazy\" decoding=\"async\" class=\"alignnone wp-image-13110 size-full\" src=\"https:\/\/agora.xtec.cat\/col-tarres\/wp-content\/uploads\/usu1585\/2020\/12\/primaria.png\" alt=\"\" width=\"1681\" height=\"206\" srcset=\"https:\/\/agora.xtec.cat\/col-tarres\/wp-content\/uploads\/usu1585\/2020\/12\/primaria.png 1681w, https:\/\/agora.xtec.cat\/col-tarres\/wp-content\/uploads\/usu1585\/2020\/12\/primaria-300x37.png 300w, https:\/\/agora.xtec.cat\/col-tarres\/wp-content\/uploads\/usu1585\/2020\/12\/primaria-768x94.png 768w, https:\/\/agora.xtec.cat\/col-tarres\/wp-content\/uploads\/usu1585\/2020\/12\/primaria-1024x125.png 1024w\" sizes=\"auto, (max-width: 1681px) 100vw, 1681px\" \/><\/a><\/p>\n<hr \/>\n<p><a href=\"https:\/\/agora.xtec.cat\/col-tarres\/estudis\/secundaria\/\"><img loading=\"lazy\" decoding=\"async\" class=\"alignnone wp-image-13111 size-full\" src=\"https:\/\/agora.xtec.cat\/col-tarres\/wp-content\/uploads\/usu1585\/2020\/12\/secundaria.png\" alt=\"\" width=\"1679\" height=\"206\" srcset=\"https:\/\/agora.xtec.cat\/col-tarres\/wp-content\/uploads\/usu1585\/2020\/12\/secundaria.png 1679w, https:\/\/agora.xtec.cat\/col-tarres\/wp-content\/uploads\/usu1585\/2020\/12\/secundaria-300x37.png 300w, https:\/\/agora.xtec.cat\/col-tarres\/wp-content\/uploads\/usu1585\/2020\/12\/secundaria-768x94.png 768w, https:\/\/agora.xtec.cat\/col-tarres\/wp-content\/uploads\/usu1585\/2020\/12\/secundaria-1024x126.png 1024w\" sizes=\"auto, (max-width: 1679px) 100vw, 1679px\" \/><\/a><\/p>\n<hr \/>\n<p>Al <strong>Col\u00b7legi Tarr\u00e9s<\/strong> no impartim els <strong>ensenyaments postobligat\u00f2ris<\/strong>, per\u00f2 tenim un conveni educatiu amb el <a href=\"https:\/\/agora.xtec.cat\/col-tarres\/estudis\/postobligatoris\/\"><strong>Centre Educatiu Jaume Viladoms<\/strong><\/a> per tal que els nostres alumnes puguin seguir els seus estudis de <strong>Batxillerat<\/strong> (totes les branques) o de <strong>Cicles Formatius<\/strong> de Grau Mig i Superior (branques administratives, sociosanit\u00e0ries i inform\u00e0tiques) en aquest centre del barri de Can Feu de Sabadell si aix\u00ed ho desitgen.<\/p>\n","protected":false},"excerpt":{"rendered":"<p>El centre imparteix les etapes de l&#8217;Educaci\u00f3 Infantil (3-6 anys), Educaci\u00f3 Prim\u00e0ria\u00a0(6-12 anys) i Educaci\u00f3 Secund\u00e0ria Obligatoria (12-16 anys) amb [&hellip;]<\/p>\n","protected":false},"author":1,"featured_media":0,"parent":0,"menu_order":0,"comment_status":"closed","ping_status":"closed","template":"page-templates\/side-menu.php","meta":{"_bbp_topic_count":0,"_bbp_reply_count":0,"_bbp_total_topic_count":0,"_bbp_total_reply_count":0,"_bbp_voice_count":0,"_bbp_anonymous_reply_count":0,"_bbp_topic_count_hidden":0,"_bbp_reply_count_hidden":0,"_bbp_forum_subforum_count":0,"site-sidebar-layout":"default","site-content-layout":"","ast-site-content-layout":"","site-content-style":"default","site-sidebar-style":"default","ast-global-header-display":"","ast-banner-title-visibility":"","ast-main-header-display":"","ast-hfb-above-header-display":"","ast-hfb-below-header-display":"","ast-hfb-mobile-header-display":"","site-post-title":"","ast-breadcrumbs-content":"","ast-featured-img":"","footer-sml-layout":"","theme-transparent-header-meta":"","adv-header-id-meta":"","stick-header-meta":"","header-above-stick-meta":"","header-main-stick-meta":"","header-below-stick-meta":"","astra-migrate-meta-layouts":"default","ast-page-background-enabled":"default","ast-page-background-meta":{"desktop":{"background-color":"var(--ast-global-color-4)","background-image":"","background-repeat":"repeat","background-position":"center center","background-size":"auto","background-attachment":"scroll","background-type":"","background-media":"","overlay-type":"","overlay-color":"","overlay-opacity":"","overlay-gradient":""},"tablet":{"background-color":"","background-image":"","background-repeat":"repeat","background-position":"center center","background-size":"auto","background-attachment":"scroll","background-type":"","background-media":"","overlay-type":"","overlay-color":"","overlay-opacity":"","overlay-gradient":""},"mobile":{"background-color":"","background-image":"","background-repeat":"repeat","background-position":"center center","background-size":"auto","background-attachment":"scroll","background-type":"","background-media":"","overlay-type":"","overlay-color":"","overlay-opacity":"","overlay-gradient":""}},"ast-content-background-meta":{"desktop":{"background-color":"var(--ast-global-color-5)","background-image":"","background-repeat":"repeat","background-position":"center center","background-size":"auto","background-attachment":"scroll","background-type":"","background-media":"","overlay-type":"","overlay-color":"","overlay-opacity":"","overlay-gradient":""},"tablet":{"background-color":"var(--ast-global-color-5)","background-image":"","background-repeat":"repeat","background-position":"center center","background-size":"auto","background-attachment":"scroll","background-type":"","background-media":"","overlay-type":"","overlay-color":"","overlay-opacity":"","overlay-gradient":""},"mobile":{"background-color":"var(--ast-global-color-5)","background-image":"","background-repeat":"repeat","background-position":"center center","background-size":"auto","background-attachment":"scroll","background-type":"","background-media":"","overlay-type":"","overlay-color":"","overlay-opacity":"","overlay-gradient":""}},"footnotes":""},"class_list":["post-195","page","type-page","status-publish","hentry"],"post_mailing_queue_ids":[],"_links":{"self":[{"href":"https:\/\/agora.xtec.cat\/col-tarres\/wp-json\/wp\/v2\/pages\/195","targetHints":{"allow":["GET"]}}],"collection":[{"href":"https:\/\/agora.xtec.cat\/col-tarres\/wp-json\/wp\/v2\/pages"}],"about":[{"href":"https:\/\/agora.xtec.cat\/col-tarres\/wp-json\/wp\/v2\/types\/page"}],"author":[{"embeddable":true,"href":"https:\/\/agora.xtec.cat\/col-tarres\/wp-json\/wp\/v2\/users\/1"}],"replies":[{"embeddable":true,"href":"https:\/\/agora.xtec.cat\/col-tarres\/wp-json\/wp\/v2\/comments?post=195"}],"version-history":[{"count":6,"href":"https:\/\/agora.xtec.cat\/col-tarres\/wp-json\/wp\/v2\/pages\/195\/revisions"}],"predecessor-version":[{"id":16235,"href":"https:\/\/agora.xtec.cat\/col-tarres\/wp-json\/wp\/v2\/pages\/195\/revisions\/16235"}],"wp:attachment":[{"href":"https:\/\/agora.xtec.cat\/col-tarres\/wp-json\/wp\/v2\/media?parent=195"}],"curies":[{"name":"wp","href":"https:\/\/api.w.org\/{rel}","templated":true}]}}