{"id":16142,"date":"2023-01-31T18:15:40","date_gmt":"2023-01-31T17:15:40","guid":{"rendered":"https:\/\/agora.xtec.cat\/col-tarres\/?page_id=16142"},"modified":"2025-10-04T17:48:58","modified_gmt":"2025-10-04T15:48:58","slug":"auxiliars-de-conversa-en-angles","status":"publish","type":"page","link":"https:\/\/agora.xtec.cat\/col-tarres\/projectes\/llengues\/auxiliars-de-conversa-en-angles\/","title":{"rendered":"Auxiliars de conversa en angl\u00e8s"},"content":{"rendered":"\n<h2 class=\"wp-block-heading has-text-align-center\">GRUPS DE CONVERSA EN ANGL\u00c8S<\/h2>\n\n\n\n<hr class=\"wp-block-separator has-text-color has-ast-global-color-1-color has-alpha-channel-opacity has-ast-global-color-1-background-color has-background\"\/>\n\n\n\n<p class=\"has-text-align-center\">Grups d&#8217;<em>Speaking in English<\/em> amb auxiliars nadius.<\/p>\n\n\n\n<div class=\"wp-block-columns is-layout-flex wp-container-core-columns-is-layout-1 wp-block-columns-is-layout-flex\">\n<div class=\"wp-block-column is-layout-flow wp-block-column-is-layout-flow\" style=\"padding-right:var(--wp--preset--spacing--30);padding-left:var(--wp--preset--spacing--30);flex-basis:66%\">\n<h4 class=\"wp-block-heading has-ast-global-color-1-color has-text-color has-link-color wp-elements-a837dbf36249f0cd90fbc4ba78750ade\">SPEAKING IN ENGLISH<\/h4>\n\n\n\n<p><span lang=\"CA\">El curs 2022-2023 vam posar en marxa un programa d\u2019<strong><span class=\"il\">auxiliars<\/span>&nbsp;de conversa en llengua anglesa&nbsp;<\/strong>als cursos d\u2019<strong>Educaci\u00f3 Prim\u00e0ria<\/strong>. <\/span><\/p>\n\n\n\n<p><span lang=\"CA\">Aquesta iniciativa s\u2019emmarca dins del conjunt d\u2019actuacions destinades a la millora de l\u2019aprenentatge escrit i oral de l\u2019angl\u00e8s que estem duent a terme a l&#8217;Escola des de fa temps.<\/span><\/p>\n\n\n\n<h5 class=\"wp-block-heading has-ast-global-color-1-color has-text-color has-link-color wp-elements-f522156af8e39a0d17e012958c307609\">Amb qui ho fem?<\/h5>\n\n\n\n<p><span lang=\"CA\">Tenim  una col\u00b7laboraci\u00f3 amb l\u2019<strong>acad\u00e8mia d\u2019angl\u00e8s&nbsp;Clarence House<\/strong>, que ens proporciona els <span class=\"il\">auxiliars<\/span> ling\u00fc\u00edstics. <\/span><\/p>\n\n\n\n<p><a href=\"https:\/\/www.clarencehouse.cat\/ca\/\">Clarence House<\/a> \u00e9s una de les acad\u00e8mies amb m\u00e9s traject\u00f2ria, 35 anys ensenyant l&#8217;angl\u00e8s a diferents generacions de ciutadans de Sabadell. A m\u00e9s, est\u00e0 reconeguda com a <em>centre preparador d&#8217;ex\u00e0mens oficials<\/em> per la <strong>Universitat de Cambridge<\/strong>.<\/p>\n\n\n\n<p>Clarence tamb\u00e9 col\u00b7labora amb nosaltres en les <strong>extraescolars <\/strong>d&#8217;angl\u00e8s de l&#8217;Escola.<\/p>\n\n\n\n<h5 class=\"wp-block-heading has-ast-global-color-1-color has-text-color has-link-color wp-elements-28128d621eb2c479257ee91df554d5a3\">Qu\u00e8 perseguim?<\/h5>\n\n\n\n<p><span lang=\"CA\">L&#8217;<em>speaking<\/em> \u00e9s clau per a l\u2019aprenentatge al llarg de tota la vida, at\u00e8s que l\u2019<strong>oralitat esdev\u00e9 una habilitat b\u00e0sica<\/strong> i transversal per a l\u2019estudi i el desenvolupament personal de qualsevol alumne.<\/span><\/p>\n\n\n\n<p><span lang=\"CA\">\u00c9s important tenir en compte que la pres\u00e8ncia de l\u2019<span class=\"il\">auxiliar<\/span> els permet aprendre l&#8217;entonaci\u00f3 i <strong>pron\u00fancia<\/strong> genu\u00efna de l&#8217;angl\u00e8s i afavoreix un <strong>enriquiment cultural<\/strong> molt valu\u00f3s pels nens i nenes, ja que als grups dels m\u00e9s grans de Prim\u00e0ria s\u00f3n <strong><span class=\"il\">auxiliars<\/span>&nbsp;nadius<\/strong> els qui hi intervenen.<img loading=\"lazy\" decoding=\"async\" width=\"1\" height=\"1\" class=\"alignnone size-large wp-image-16032\" src=\"https:\/\/agora.xtec.cat\/col-tarres\/wp-content\/uploads\/usu1585\/2023\/01\/IMG_6085.heic\" alt=\"\"><\/span><\/p>\n\n\n\n<h5 class=\"wp-block-heading has-ast-global-color-1-color has-text-color has-link-color wp-elements-1c03c7a3ca35207a11ecf0f105de96d1\">Com ho fem?<\/h5>\n\n\n\n<p><span lang=\"CA\">La seva tasca \u00e9s la de donar un suport addicional a les activitats dels especialistes d\u2019angl\u00e8s, a trav\u00e9s del desenvolupament de les compet\u00e8ncies comunicatives de l\u2019alumnat. <\/span><\/p>\n\n\n\n<p><span lang=\"CA\">L\u2019<span class=\"il\">auxiliar<\/span>,&nbsp;<strong>en grups redu\u00efts<\/strong>, incentiva l\u2019\u00fas de la llengua oral a trav\u00e9s de di\u00e0legs<\/span>: d<span lang=\"CA\">urant aquesta estona es fan activitats i jocs que impliquin la descripci\u00f3 de situacions o imatges, treball de vocabulari espec\u00edfic o immersi\u00f3 en celebracions i esdeveniments culturals dels pa\u00efsos anglosaxons. <\/span> <span lang=\"CA\">Tot plegat d&#8217;una forma amena i divertida.<\/span><\/p>\n\n\n\n<figure class=\"wp-block-image aligncenter size-full is-resized is-style-rounded\"><a href=\"https:\/\/www.clarencehouse.cat\/ca\/\"><img loading=\"lazy\" decoding=\"async\" width=\"290\" height=\"300\" src=\"https:\/\/agora.xtec.cat\/col-tarres\/wp-content\/uploads\/usu1585\/2023\/07\/academia-ingles-sabadell-clarencehouse-sitelogo-290x300-1.jpg\" alt=\"\" class=\"wp-image-16680\" style=\"width:204px;height:auto\"\/><\/a><\/figure>\n<\/div>\n\n\n\n<div class=\"wp-block-column is-layout-flow wp-block-column-is-layout-flow\" style=\"padding-right:var(--wp--preset--spacing--30);padding-left:var(--wp--preset--spacing--30);flex-basis:33.33%\">\n<h4 class=\"wp-block-heading has-ast-global-color-1-color has-text-color has-link-color wp-elements-8bd6efaa3d4c8165249da239f2f98519\">#INSIGHTS<\/h4>\n\n\n\n<figure class=\"wp-block-image aligncenter\"><img loading=\"lazy\" decoding=\"async\" width=\"1024\" height=\"1024\" src=\"https:\/\/agora.xtec.cat\/col-tarres\/wp-content\/uploads\/usu1585\/2023\/01\/aux-angles-1024x1024.png\" alt=\"\" class=\"wp-image-16042\" srcset=\"https:\/\/agora.xtec.cat\/col-tarres\/wp-content\/uploads\/usu1585\/2023\/01\/aux-angles-1024x1024.png 1024w, https:\/\/agora.xtec.cat\/col-tarres\/wp-content\/uploads\/usu1585\/2023\/01\/aux-angles-300x300.png 300w, https:\/\/agora.xtec.cat\/col-tarres\/wp-content\/uploads\/usu1585\/2023\/01\/aux-angles-150x150.png 150w, https:\/\/agora.xtec.cat\/col-tarres\/wp-content\/uploads\/usu1585\/2023\/01\/aux-angles-768x768.png 768w, https:\/\/agora.xtec.cat\/col-tarres\/wp-content\/uploads\/usu1585\/2023\/01\/aux-angles.png 1080w\" sizes=\"auto, (max-width: 1024px) 100vw, 1024px\" \/><\/figure>\n\n\n\n<figure class=\"wp-block-image aligncenter\"><img loading=\"lazy\" decoding=\"async\" width=\"1024\" height=\"768\" src=\"https:\/\/agora.xtec.cat\/col-tarres\/wp-content\/uploads\/usu1585\/2023\/01\/IMG_6085-1-1024x768.jpg\" alt=\"\" class=\"wp-image-16040\" srcset=\"https:\/\/agora.xtec.cat\/col-tarres\/wp-content\/uploads\/usu1585\/2023\/01\/IMG_6085-1-1024x768.jpg 1024w, https:\/\/agora.xtec.cat\/col-tarres\/wp-content\/uploads\/usu1585\/2023\/01\/IMG_6085-1-300x225.jpg 300w, https:\/\/agora.xtec.cat\/col-tarres\/wp-content\/uploads\/usu1585\/2023\/01\/IMG_6085-1-768x576.jpg 768w, https:\/\/agora.xtec.cat\/col-tarres\/wp-content\/uploads\/usu1585\/2023\/01\/IMG_6085-1-1536x1152.jpg 1536w, https:\/\/agora.xtec.cat\/col-tarres\/wp-content\/uploads\/usu1585\/2023\/01\/IMG_6085-1-2048x1536.jpg 2048w, https:\/\/agora.xtec.cat\/col-tarres\/wp-content\/uploads\/usu1585\/2023\/01\/IMG_6085-1-200x150.jpg 200w\" sizes=\"auto, (max-width: 1024px) 100vw, 1024px\" \/><\/figure>\n\n\n\n<figure class=\"wp-block-image aligncenter\"><img loading=\"lazy\" decoding=\"async\" width=\"1024\" height=\"768\" src=\"https:\/\/agora.xtec.cat\/col-tarres\/wp-content\/uploads\/usu1585\/2023\/01\/bona4-1-1024x768.jpg\" alt=\"\" class=\"wp-image-16041\" srcset=\"https:\/\/agora.xtec.cat\/col-tarres\/wp-content\/uploads\/usu1585\/2023\/01\/bona4-1-1024x768.jpg 1024w, https:\/\/agora.xtec.cat\/col-tarres\/wp-content\/uploads\/usu1585\/2023\/01\/bona4-1-300x225.jpg 300w, https:\/\/agora.xtec.cat\/col-tarres\/wp-content\/uploads\/usu1585\/2023\/01\/bona4-1-768x576.jpg 768w, https:\/\/agora.xtec.cat\/col-tarres\/wp-content\/uploads\/usu1585\/2023\/01\/bona4-1-1536x1152.jpg 1536w, https:\/\/agora.xtec.cat\/col-tarres\/wp-content\/uploads\/usu1585\/2023\/01\/bona4-1-2048x1536.jpg 2048w, https:\/\/agora.xtec.cat\/col-tarres\/wp-content\/uploads\/usu1585\/2023\/01\/bona4-1-200x150.jpg 200w\" sizes=\"auto, (max-width: 1024px) 100vw, 1024px\" \/><\/figure>\n<\/div>\n<\/div>\n","protected":false},"excerpt":{"rendered":"<p>GRUPS DE CONVERSA EN ANGL\u00c8S Grups d&#8217;Speaking in English amb auxiliars nadius. SPEAKING IN ENGLISH El curs 2022-2023 vam posar [&hellip;]<\/p>\n","protected":false},"author":1,"featured_media":0,"parent":529,"menu_order":0,"comment_status":"closed","ping_status":"closed","template":"","meta":{"_bbp_topic_count":0,"_bbp_reply_count":0,"_bbp_total_topic_count":0,"_bbp_total_reply_count":0,"_bbp_voice_count":0,"_bbp_anonymous_reply_count":0,"_bbp_topic_count_hidden":0,"_bbp_reply_count_hidden":0,"_bbp_forum_subforum_count":0,"site-sidebar-layout":"default","site-content-layout":"","ast-site-content-layout":"default","site-content-style":"default","site-sidebar-style":"default","ast-global-header-display":"","ast-banner-title-visibility":"","ast-main-header-display":"","ast-hfb-above-header-display":"","ast-hfb-below-header-display":"","ast-hfb-mobile-header-display":"","site-post-title":"disabled","ast-breadcrumbs-content":"","ast-featured-img":"","footer-sml-layout":"","theme-transparent-header-meta":"","adv-header-id-meta":"","stick-header-meta":"","header-above-stick-meta":"","header-main-stick-meta":"","header-below-stick-meta":"","astra-migrate-meta-layouts":"set","ast-page-background-enabled":"default","ast-page-background-meta":{"desktop":{"background-color":"var(--ast-global-color-4)","background-image":"","background-repeat":"repeat","background-position":"center center","background-size":"auto","background-attachment":"scroll","background-type":"","background-media":"","overlay-type":"","overlay-color":"","overlay-opacity":"","overlay-gradient":""},"tablet":{"background-color":"","background-image":"","background-repeat":"repeat","background-position":"center center","background-size":"auto","background-attachment":"scroll","background-type":"","background-media":"","overlay-type":"","overlay-color":"","overlay-opacity":"","overlay-gradient":""},"mobile":{"background-color":"","background-image":"","background-repeat":"repeat","background-position":"center center","background-size":"auto","background-attachment":"scroll","background-type":"","background-media":"","overlay-type":"","overlay-color":"","overlay-opacity":"","overlay-gradient":""}},"ast-content-background-meta":{"desktop":{"background-color":"var(--ast-global-color-5)","background-image":"","background-repeat":"repeat","background-position":"center center","background-size":"auto","background-attachment":"scroll","background-type":"","background-media":"","overlay-type":"","overlay-color":"","overlay-opacity":"","overlay-gradient":""},"tablet":{"background-color":"var(--ast-global-color-5)","background-image":"","background-repeat":"repeat","background-position":"center center","background-size":"auto","background-attachment":"scroll","background-type":"","background-media":"","overlay-type":"","overlay-color":"","overlay-opacity":"","overlay-gradient":""},"mobile":{"background-color":"var(--ast-global-color-5)","background-image":"","background-repeat":"repeat","background-position":"center center","background-size":"auto","background-attachment":"scroll","background-type":"","background-media":"","overlay-type":"","overlay-color":"","overlay-opacity":"","overlay-gradient":""}},"footnotes":""},"class_list":["post-16142","page","type-page","status-publish","hentry"],"post_mailing_queue_ids":[],"_links":{"self":[{"href":"https:\/\/agora.xtec.cat\/col-tarres\/wp-json\/wp\/v2\/pages\/16142","targetHints":{"allow":["GET"]}}],"collection":[{"href":"https:\/\/agora.xtec.cat\/col-tarres\/wp-json\/wp\/v2\/pages"}],"about":[{"href":"https:\/\/agora.xtec.cat\/col-tarres\/wp-json\/wp\/v2\/types\/page"}],"author":[{"embeddable":true,"href":"https:\/\/agora.xtec.cat\/col-tarres\/wp-json\/wp\/v2\/users\/1"}],"replies":[{"embeddable":true,"href":"https:\/\/agora.xtec.cat\/col-tarres\/wp-json\/wp\/v2\/comments?post=16142"}],"version-history":[{"count":6,"href":"https:\/\/agora.xtec.cat\/col-tarres\/wp-json\/wp\/v2\/pages\/16142\/revisions"}],"predecessor-version":[{"id":19224,"href":"https:\/\/agora.xtec.cat\/col-tarres\/wp-json\/wp\/v2\/pages\/16142\/revisions\/19224"}],"up":[{"embeddable":true,"href":"https:\/\/agora.xtec.cat\/col-tarres\/wp-json\/wp\/v2\/pages\/529"}],"wp:attachment":[{"href":"https:\/\/agora.xtec.cat\/col-tarres\/wp-json\/wp\/v2\/media?parent=16142"}],"curies":[{"name":"wp","href":"https:\/\/api.w.org\/{rel}","templated":true}]}}