{"id":10876,"date":"2019-04-11T01:38:23","date_gmt":"2019-04-10T23:38:23","guid":{"rendered":"http:\/\/agora.xtec.cat\/col-tarres\/?page_id=10876"},"modified":"2025-07-29T12:40:56","modified_gmt":"2025-07-29T10:40:56","slug":"casal","status":"publish","type":"page","link":"https:\/\/agora.xtec.cat\/col-tarres\/serveis\/casal\/","title":{"rendered":"Casal d&#8217;Estiu"},"content":{"rendered":"\n<figure class=\"wp-block-image aligncenter size-large\"><a href=\"https:\/\/agora.xtec.cat\/col-tarres\/wp-content\/uploads\/usu1585\/2025\/05\/BANNER-CASAL.png\"><img loading=\"lazy\" decoding=\"async\" width=\"1024\" height=\"315\" src=\"https:\/\/agora.xtec.cat\/col-tarres\/wp-content\/uploads\/usu1585\/2025\/05\/BANNER-CASAL-1024x315.png\" alt=\"\" class=\"wp-image-18839\" srcset=\"https:\/\/agora.xtec.cat\/col-tarres\/wp-content\/uploads\/usu1585\/2025\/05\/BANNER-CASAL-1024x315.png 1024w, https:\/\/agora.xtec.cat\/col-tarres\/wp-content\/uploads\/usu1585\/2025\/05\/BANNER-CASAL-300x92.png 300w, https:\/\/agora.xtec.cat\/col-tarres\/wp-content\/uploads\/usu1585\/2025\/05\/BANNER-CASAL-768x236.png 768w, https:\/\/agora.xtec.cat\/col-tarres\/wp-content\/uploads\/usu1585\/2025\/05\/BANNER-CASAL-1536x472.png 1536w, https:\/\/agora.xtec.cat\/col-tarres\/wp-content\/uploads\/usu1585\/2025\/05\/BANNER-CASAL.png 1920w\" sizes=\"auto, (max-width: 1024px) 100vw, 1024px\" \/><\/a><\/figure>\n\n\n\n<hr class=\"wp-block-separator has-text-color has-ast-global-color-1-color has-alpha-channel-opacity has-ast-global-color-1-background-color has-background\"\/>\n\n\n\n<div class=\"wp-block-columns has-ast-global-color-1-color has-text-color has-link-color wp-elements-13d1b0a576114f98909b83e0a17e5232 is-layout-flex wp-container-core-columns-is-layout-1 wp-block-columns-is-layout-flex\" style=\"padding-top:var(--wp--preset--spacing--20);padding-bottom:var(--wp--preset--spacing--20)\">\n<div class=\"wp-block-column has-black-color has-text-color has-link-color wp-elements-ccc78ee1af84dc28cd672eb59c34b5c2 is-layout-flow wp-block-column-is-layout-flow\" style=\"padding-right:var(--wp--preset--spacing--50);flex-basis:50%\">\n<h4 class=\"wp-block-heading has-ast-global-color-1-color has-text-color has-link-color wp-elements-8926e64b851aaedb2220861c0bd852fc\">Dades clau<\/h4>\n\n\n\n<p>Viu una aventura aquest estiu a l&#8217;Escola Tarr\u00e9s i amb l&#8217;ajuda de VillageNiu!<\/p>\n\n\n\n<p class=\"has-black-color has-text-color has-link-color wp-elements-85e54fc4c8b48c3c36090355c12ea99e\" style=\"padding-top:0;padding-bottom:0\">El Casal d&#8217;Estiu 2025 s&#8217;est\u00e9n <strong>del 25 de juny al<\/strong>&nbsp;<strong>25 de juliol<\/strong>&nbsp;amb els seg\u00fcents horaris:<\/p>\n\n\n\n<ul class=\"wp-block-list\">\n<li>7:30 a 8:45h: <strong>Acollida Matinal<\/strong><\/li>\n\n\n\n<li>8:45 a 13h:<strong> Activitats de mat\u00ed<\/strong><\/li>\n\n\n\n<li>13 a 15:30h: <strong>Servei de Menjador<\/strong><\/li>\n<\/ul>\n\n\n\n<h5 class=\"wp-block-heading has-black-color has-text-color has-link-color wp-elements-4905a400875847da957872b9ef309854\">Edats<\/h5>\n\n\n\n<p>Per a nenes i nens nascuts entre el 2022 i el 2013 (d\u2019I2 a 6\u00e8 de Prim\u00e0ria)<\/p>\n\n\n\n<h5 class=\"wp-block-heading has-black-color has-text-color has-link-color wp-elements-26c0a14b7d1687587ffaf99df3b2a9c4\">Preus<\/h5>\n\n\n\n<ul class=\"wp-block-list\">\n<li><strong>Acollida Matinal<\/strong>: 25\u20ac\/setmana (9\u20ac dia espor\u00e0dic)<\/li>\n\n\n\n<li><strong>Casal de Mat\u00ed<\/strong>: 76\u20ac\/setmana (40\u20ac dia espor\u00e0dic)<\/li>\n\n\n\n<li><strong>Servei de Menjador<\/strong> amb dinar: 40\u20ac\/setmana (11\u20ac dia espor\u00e0dic)<\/li>\n\n\n\n<li><strong>Servei de Menjador<\/strong> sense dinar (carmanyola): 30\u20ac\/setmana (9\u20ac dia espor\u00e0dic)<\/li>\n<\/ul>\n\n\n\n<h4 class=\"wp-block-heading has-ast-global-color-1-color has-text-color has-link-color wp-elements-81172859d44a421be877d732c38acf34\">Inscripcions<\/h4>\n\n\n\n<p>Places per estricte ordre d&#8217;inscripcions i pagament i fins a exhaurir places.<\/p>\n\n\n\n<div class=\"wp-block-buttons is-layout-flex wp-block-buttons-is-layout-flex\">\n<div class=\"wp-block-button\"><a class=\"wp-block-button__link wp-element-button\" href=\"https:\/\/villageniu.acadesoft.com\/ca\/inscripcio\/l\/256\/inscripcio-on-line-escola-tarres\" target=\"_blank\" rel=\"noreferrer noopener\">FORMULARI D&#8217;INSCRIPCI\u00d3<\/a><\/div>\n<\/div>\n<\/div>\n\n\n\n<div class=\"wp-block-column has-black-color has-text-color has-link-color wp-elements-ab325df1a6f8e16614983b2bfd67a325 is-layout-flow wp-block-column-is-layout-flow\" style=\"padding-left:var(--wp--preset--spacing--50);flex-basis:50%\">\n<h4 class=\"wp-block-heading has-ast-global-color-1-color has-text-color has-link-color wp-elements-32d63507fa0e30745c9c50f0ce715933\">Activitats<\/h4>\n\n\n\n<p>El Casal es basa en un centre d\u2019inter\u00e8s relacionat amb la nostra mascota, en&nbsp;<strong>Vee<\/strong>, i amb una capacitat educativa-l\u00fadica basada en la metodologia <em>STEAM educational<\/em> i les metodologies de nova escola i viviencials. <\/p>\n\n\n\n<ul class=\"wp-block-list\">\n<li>Un dia a la setmana anirem a la <strong>piscina de la Bassa<\/strong>.<\/li>\n\n\n\n<li>Un dia a la setmana anem d&#8217;<strong>excursi\u00f3<\/strong>!<\/li>\n\n\n\n<li>Un altre dia farem <strong>jocs d&#8217;aigua<\/strong> a l&#8217;Escola.<\/li>\n<\/ul>\n\n\n\n<p>Els altres dies farem activitats i jocs a l\u2019Escola s relacionats amb la rob\u00f2tica, tallers de cuina, esports, circ i gimn\u00e0stica, inflables, ambient art\u00edstic, etc.<\/p>\n\n\n\n<p>Enguany seguirem combinant l&#8217;angl\u00e8s amb les activitats l\u00fadiques d&#8217;estiu (adaptat al nivell i les etapes dels infants).<\/p>\n\n\n\n<p>Tamb\u00e9 farem celebrarem la&nbsp;<strong>festa de l\u2019equador<\/strong>&nbsp;a meitat del casal, fent activitats al llarg de tot un dia i el <strong>sopar m\u00e0gic<\/strong>.<\/p>\n\n\n\n<p>A banda de tot aix\u00f2, farem moltes m\u00e9s activitats que trobareu detallades al&nbsp;<strong>tr\u00edptic<\/strong>.<\/p>\n\n\n\n<figure class=\"wp-block-image aligncenter size-full is-resized\" style=\"margin-top:var(--wp--preset--spacing--60);margin-bottom:var(--wp--preset--spacing--60)\"><a href=\"https:\/\/agora.xtec.cat\/col-tarres\/wp-content\/uploads\/usu1585\/2022\/01\/villageniu.png\"><img loading=\"lazy\" decoding=\"async\" width=\"644\" height=\"612\" src=\"https:\/\/agora.xtec.cat\/col-tarres\/wp-content\/uploads\/usu1585\/2022\/01\/villageniu.png\" alt=\"\" class=\"wp-image-14820\" style=\"width:198px;height:auto\" srcset=\"https:\/\/agora.xtec.cat\/col-tarres\/wp-content\/uploads\/usu1585\/2022\/01\/villageniu.png 644w, https:\/\/agora.xtec.cat\/col-tarres\/wp-content\/uploads\/usu1585\/2022\/01\/villageniu-300x285.png 300w\" sizes=\"auto, (max-width: 644px) 100vw, 644px\" \/><\/a><\/figure>\n<\/div>\n<\/div>\n\n\n\n<hr class=\"wp-block-separator has-text-color has-ast-global-color-1-color has-alpha-channel-opacity has-ast-global-color-1-background-color has-background\"\/>\n\n\n\n<h4 class=\"wp-block-heading has-text-align-center has-black-color has-text-color has-link-color wp-elements-477df3579ddb32e05802cc6f8d72cba5\">Tr\u00edptic informatiu<\/h4>\n\n\n\n<div class=\"wp-block-getwid-images-slider has-arrows-inside has-dots-inside has-images-center has-cropped-images\"><div class=\"wp-block-getwid-images-slider__wrapper\" data-effect=\"slide\" data-slides-show=\"1\" data-slides-show-laptop=\"1\" data-slides-show-tablet=\"1\" data-slides-show-mobile=\"1\" data-slides-scroll=\"1\" data-autoplay=\"false\" data-pause-hover=\"false\" data-autoplay-speed=\"6000\" data-infinite=\"true\" data-animation-speed=\"800\" data-center-mode=\"false\" data-variable-width=\"false\" data-arrows=\"inside\" data-dots=\"inside\" data-spacing=\"none\"><div class=\"wp-block-getwid-images-slider__item\"><figure><img loading=\"lazy\" decoding=\"async\" width=\"1755\" height=\"1241\" src=\"https:\/\/agora.xtec.cat\/col-tarres\/wp-content\/uploads\/usu1585\/2025\/05\/Casal-Estiu-2025_Triptic_page-0002.jpg\" alt=\"\" data-id=\"18822\" data-link=\"https:\/\/agora.xtec.cat\/col-tarres\/serveis\/casal\/attachment\/casal-estiu-2025_triptic_page-0002\/\" data-original-link=\"https:\/\/agora.xtec.cat\/col-tarres\/wp-content\/uploads\/usu1585\/2025\/05\/Casal-Estiu-2025_Triptic_page-0002.jpg\" class=\"wp-block-getwid-images-slider__image wp-image-18822\" srcset=\"https:\/\/agora.xtec.cat\/col-tarres\/wp-content\/uploads\/usu1585\/2025\/05\/Casal-Estiu-2025_Triptic_page-0002.jpg 1755w, https:\/\/agora.xtec.cat\/col-tarres\/wp-content\/uploads\/usu1585\/2025\/05\/Casal-Estiu-2025_Triptic_page-0002-300x212.jpg 300w, https:\/\/agora.xtec.cat\/col-tarres\/wp-content\/uploads\/usu1585\/2025\/05\/Casal-Estiu-2025_Triptic_page-0002-1024x724.jpg 1024w, https:\/\/agora.xtec.cat\/col-tarres\/wp-content\/uploads\/usu1585\/2025\/05\/Casal-Estiu-2025_Triptic_page-0002-768x543.jpg 768w, https:\/\/agora.xtec.cat\/col-tarres\/wp-content\/uploads\/usu1585\/2025\/05\/Casal-Estiu-2025_Triptic_page-0002-1536x1086.jpg 1536w\" sizes=\"auto, (max-width: 1755px) 100vw, 1755px\" \/><\/figure><\/div><div class=\"wp-block-getwid-images-slider__item\"><figure><img loading=\"lazy\" decoding=\"async\" width=\"1755\" height=\"1241\" src=\"https:\/\/agora.xtec.cat\/col-tarres\/wp-content\/uploads\/usu1585\/2025\/05\/Casal-Estiu-2025_Triptic_page-0003.jpg\" alt=\"\" data-id=\"18823\" data-link=\"https:\/\/agora.xtec.cat\/col-tarres\/serveis\/casal\/attachment\/casal-estiu-2025_triptic_page-0003\/\" data-original-link=\"https:\/\/agora.xtec.cat\/col-tarres\/wp-content\/uploads\/usu1585\/2025\/05\/Casal-Estiu-2025_Triptic_page-0003.jpg\" class=\"wp-block-getwid-images-slider__image wp-image-18823\" srcset=\"https:\/\/agora.xtec.cat\/col-tarres\/wp-content\/uploads\/usu1585\/2025\/05\/Casal-Estiu-2025_Triptic_page-0003.jpg 1755w, https:\/\/agora.xtec.cat\/col-tarres\/wp-content\/uploads\/usu1585\/2025\/05\/Casal-Estiu-2025_Triptic_page-0003-300x212.jpg 300w, https:\/\/agora.xtec.cat\/col-tarres\/wp-content\/uploads\/usu1585\/2025\/05\/Casal-Estiu-2025_Triptic_page-0003-1024x724.jpg 1024w, https:\/\/agora.xtec.cat\/col-tarres\/wp-content\/uploads\/usu1585\/2025\/05\/Casal-Estiu-2025_Triptic_page-0003-768x543.jpg 768w, https:\/\/agora.xtec.cat\/col-tarres\/wp-content\/uploads\/usu1585\/2025\/05\/Casal-Estiu-2025_Triptic_page-0003-1536x1086.jpg 1536w\" sizes=\"auto, (max-width: 1755px) 100vw, 1755px\" \/><\/figure><\/div><div class=\"wp-block-getwid-images-slider__item\"><figure><img loading=\"lazy\" decoding=\"async\" width=\"1755\" height=\"1241\" src=\"https:\/\/agora.xtec.cat\/col-tarres\/wp-content\/uploads\/usu1585\/2025\/05\/Casal-Estiu-2025_Triptic_page-0004.jpg\" alt=\"\" data-id=\"18824\" data-link=\"https:\/\/agora.xtec.cat\/col-tarres\/serveis\/casal\/attachment\/casal-estiu-2025_triptic_page-0004\/\" data-original-link=\"https:\/\/agora.xtec.cat\/col-tarres\/wp-content\/uploads\/usu1585\/2025\/05\/Casal-Estiu-2025_Triptic_page-0004.jpg\" class=\"wp-block-getwid-images-slider__image wp-image-18824\" srcset=\"https:\/\/agora.xtec.cat\/col-tarres\/wp-content\/uploads\/usu1585\/2025\/05\/Casal-Estiu-2025_Triptic_page-0004.jpg 1755w, https:\/\/agora.xtec.cat\/col-tarres\/wp-content\/uploads\/usu1585\/2025\/05\/Casal-Estiu-2025_Triptic_page-0004-300x212.jpg 300w, https:\/\/agora.xtec.cat\/col-tarres\/wp-content\/uploads\/usu1585\/2025\/05\/Casal-Estiu-2025_Triptic_page-0004-1024x724.jpg 1024w, https:\/\/agora.xtec.cat\/col-tarres\/wp-content\/uploads\/usu1585\/2025\/05\/Casal-Estiu-2025_Triptic_page-0004-768x543.jpg 768w, https:\/\/agora.xtec.cat\/col-tarres\/wp-content\/uploads\/usu1585\/2025\/05\/Casal-Estiu-2025_Triptic_page-0004-1536x1086.jpg 1536w\" sizes=\"auto, (max-width: 1755px) 100vw, 1755px\" \/><\/figure><\/div><div class=\"wp-block-getwid-images-slider__item\"><figure><img loading=\"lazy\" decoding=\"async\" width=\"1755\" height=\"1241\" src=\"https:\/\/agora.xtec.cat\/col-tarres\/wp-content\/uploads\/usu1585\/2025\/05\/Casal-Estiu-2025_Triptic_page-0001.jpg\" alt=\"\" data-id=\"18821\" data-link=\"https:\/\/agora.xtec.cat\/col-tarres\/serveis\/casal\/attachment\/casal-estiu-2025_triptic_page-0001\/\" data-original-link=\"https:\/\/agora.xtec.cat\/col-tarres\/wp-content\/uploads\/usu1585\/2025\/05\/Casal-Estiu-2025_Triptic_page-0001.jpg\" class=\"wp-block-getwid-images-slider__image wp-image-18821\" srcset=\"https:\/\/agora.xtec.cat\/col-tarres\/wp-content\/uploads\/usu1585\/2025\/05\/Casal-Estiu-2025_Triptic_page-0001.jpg 1755w, https:\/\/agora.xtec.cat\/col-tarres\/wp-content\/uploads\/usu1585\/2025\/05\/Casal-Estiu-2025_Triptic_page-0001-300x212.jpg 300w, https:\/\/agora.xtec.cat\/col-tarres\/wp-content\/uploads\/usu1585\/2025\/05\/Casal-Estiu-2025_Triptic_page-0001-1024x724.jpg 1024w, https:\/\/agora.xtec.cat\/col-tarres\/wp-content\/uploads\/usu1585\/2025\/05\/Casal-Estiu-2025_Triptic_page-0001-768x543.jpg 768w, https:\/\/agora.xtec.cat\/col-tarres\/wp-content\/uploads\/usu1585\/2025\/05\/Casal-Estiu-2025_Triptic_page-0001-1536x1086.jpg 1536w\" sizes=\"auto, (max-width: 1755px) 100vw, 1755px\" \/><\/figure><\/div><\/div><\/div>\n\n\n\n<p><\/p>\n","protected":false},"excerpt":{"rendered":"<p>Dades clau Viu una aventura aquest estiu a l&#8217;Escola Tarr\u00e9s i amb l&#8217;ajuda de VillageNiu! El Casal d&#8217;Estiu 2025 s&#8217;est\u00e9n [&hellip;]<\/p>\n","protected":false},"author":8,"featured_media":0,"parent":63,"menu_order":5,"comment_status":"closed","ping_status":"closed","template":"","meta":{"_bbp_topic_count":0,"_bbp_reply_count":0,"_bbp_total_topic_count":0,"_bbp_total_reply_count":0,"_bbp_voice_count":0,"_bbp_anonymous_reply_count":0,"_bbp_topic_count_hidden":0,"_bbp_reply_count_hidden":0,"_bbp_forum_subforum_count":0,"site-sidebar-layout":"default","site-content-layout":"","ast-site-content-layout":"default","site-content-style":"default","site-sidebar-style":"default","ast-global-header-display":"","ast-banner-title-visibility":"","ast-main-header-display":"","ast-hfb-above-header-display":"","ast-hfb-below-header-display":"","ast-hfb-mobile-header-display":"","site-post-title":"disabled","ast-breadcrumbs-content":"","ast-featured-img":"","footer-sml-layout":"","theme-transparent-header-meta":"","adv-header-id-meta":"","stick-header-meta":"","header-above-stick-meta":"","header-main-stick-meta":"","header-below-stick-meta":"","astra-migrate-meta-layouts":"set","ast-page-background-enabled":"default","ast-page-background-meta":{"desktop":{"background-color":"var(--ast-global-color-4)","background-image":"","background-repeat":"repeat","background-position":"center center","background-size":"auto","background-attachment":"scroll","background-type":"","background-media":"","overlay-type":"","overlay-color":"","overlay-opacity":"","overlay-gradient":""},"tablet":{"background-color":"","background-image":"","background-repeat":"repeat","background-position":"center center","background-size":"auto","background-attachment":"scroll","background-type":"","background-media":"","overlay-type":"","overlay-color":"","overlay-opacity":"","overlay-gradient":""},"mobile":{"background-color":"","background-image":"","background-repeat":"repeat","background-position":"center center","background-size":"auto","background-attachment":"scroll","background-type":"","background-media":"","overlay-type":"","overlay-color":"","overlay-opacity":"","overlay-gradient":""}},"ast-content-background-meta":{"desktop":{"background-color":"var(--ast-global-color-5)","background-image":"","background-repeat":"repeat","background-position":"center center","background-size":"auto","background-attachment":"scroll","background-type":"","background-media":"","overlay-type":"","overlay-color":"","overlay-opacity":"","overlay-gradient":""},"tablet":{"background-color":"var(--ast-global-color-5)","background-image":"","background-repeat":"repeat","background-position":"center center","background-size":"auto","background-attachment":"scroll","background-type":"","background-media":"","overlay-type":"","overlay-color":"","overlay-opacity":"","overlay-gradient":""},"mobile":{"background-color":"var(--ast-global-color-5)","background-image":"","background-repeat":"repeat","background-position":"center center","background-size":"auto","background-attachment":"scroll","background-type":"","background-media":"","overlay-type":"","overlay-color":"","overlay-opacity":"","overlay-gradient":""}},"footnotes":""},"class_list":["post-10876","page","type-page","status-publish","hentry"],"post_mailing_queue_ids":[],"_links":{"self":[{"href":"https:\/\/agora.xtec.cat\/col-tarres\/wp-json\/wp\/v2\/pages\/10876","targetHints":{"allow":["GET"]}}],"collection":[{"href":"https:\/\/agora.xtec.cat\/col-tarres\/wp-json\/wp\/v2\/pages"}],"about":[{"href":"https:\/\/agora.xtec.cat\/col-tarres\/wp-json\/wp\/v2\/types\/page"}],"author":[{"embeddable":true,"href":"https:\/\/agora.xtec.cat\/col-tarres\/wp-json\/wp\/v2\/users\/8"}],"replies":[{"embeddable":true,"href":"https:\/\/agora.xtec.cat\/col-tarres\/wp-json\/wp\/v2\/comments?post=10876"}],"version-history":[{"count":6,"href":"https:\/\/agora.xtec.cat\/col-tarres\/wp-json\/wp\/v2\/pages\/10876\/revisions"}],"predecessor-version":[{"id":19088,"href":"https:\/\/agora.xtec.cat\/col-tarres\/wp-json\/wp\/v2\/pages\/10876\/revisions\/19088"}],"up":[{"embeddable":true,"href":"https:\/\/agora.xtec.cat\/col-tarres\/wp-json\/wp\/v2\/pages\/63"}],"wp:attachment":[{"href":"https:\/\/agora.xtec.cat\/col-tarres\/wp-json\/wp\/v2\/media?parent=10876"}],"curies":[{"name":"wp","href":"https:\/\/api.w.org\/{rel}","templated":true}]}}