{"id":57,"date":"2014-09-17T17:01:07","date_gmt":"2014-09-17T17:01:07","guid":{"rendered":"http:\/\/agora.xtec.cat\/col-stma-trinitat\/?page_id=57"},"modified":"2017-11-02T13:16:32","modified_gmt":"2017-11-02T12:16:32","slug":"projecte-educatiu","status":"publish","type":"page","link":"https:\/\/agora.xtec.cat\/col-stma-trinitat\/pagines-dinici\/projecte-educatiu\/","title":{"rendered":"Projecte educatiu"},"content":{"rendered":"<p style=\"text-align: center;\"><strong>Missi\u00f3 \u2013 Visi\u00f3 &#8211; Valors<\/strong><\/p>\n<p>L\u2019any 1813,\u00a0 l\u2019ajuntament de Felanitx eleg\u00ed les Trinit\u00e0ries per a la formaci\u00f3 i educaci\u00f3 de les nenes del poble, servei que es considerava de benefic\u00e8ncia p\u00fablica.<\/p>\n<p>A partir d\u2019aqu\u00ed,\u00a0 fem p\u00fablic el nostre comprom\u00eds de servei a la societat i,\u00a0 preferentment, a les classes m\u00e9s desfavorides i a l\u2019Esgl\u00e9sia, com escola cristiana arrelada a la cultura del nostre temps i inserida en la realitat social del nostre poble.<\/p>\n<p>Com en els or\u00edgens, les Trinit\u00e0ries, seguim creient que EDUCAR \u00c9S ALLIBERAR. Per aix\u00f2, la Congregaci\u00f3 de RR TT Trinit\u00e0ries, en comuni\u00f3 amb l&#8217;Esgl\u00e9sia i en fidelitat al seu carisma alliberador, considera la tasca educativa com a mitj\u00e0 privilegiat d&#8217;alliberament integral de la persona i realitza la seva missi\u00f3 fent-se present en el m\u00f3n de la cultura mitjan\u00e7ant la creaci\u00f3 d&#8217;escoles.<\/p>\n<p><strong>MISSI\u00d3\u00a0<\/strong><\/p>\n<p>La nostra missi\u00f3 i identitat emanen del carisma trinitari que ens va donar Miquel Ferrer i es concreta en el comprom\u00eds alliberador per un m\u00f3n millor possible, que comen\u00e7a en la mateixa comunitat educativa i s&#8217;est\u00e9n a l&#8217;entorn escolar i social en qu\u00e8 vivim i eduquem:<\/p>\n<p style=\"padding-left: 60px;\">* en la llibertat i per a la llibertat,<\/p>\n<p style=\"padding-left: 60px;\">* per a la just\u00edcia i la solidaritat,<\/p>\n<p style=\"padding-left: 60px;\">* per a la conviv\u00e8ncia en la Pau<\/p>\n<p style=\"padding-left: 60px;\">* per a una intel\u00b7lig\u00e8ncia emocional,<\/p>\n<p style=\"padding-left: 60px;\">* per aprendre a desenvolupar-se en la societat que els tocar\u00e0 viure<\/p>\n<p style=\"padding-left: 60px;\">\n<p><strong>VISI\u00d3<\/strong><\/p>\n<p>Els col\u00b7legis Trinitaris neixen a partir de la visi\u00f3, i intu\u00efci\u00f3, del carisma alliberador rebut per Miquel Ferrer i l&#8217;esperit de Joan de Mata. Promouen la formaci\u00f3 integral dels alumnes d\u2019acord amb una concepci\u00f3 cristiana de la persona, de la vida i del m\u00f3n i promouen l\u2019alliberaci\u00f3 de l&#8217;home i de la dona de les esclavituds actuals.<\/p>\n<p>Es concreta en :<\/p>\n<p>\u2022 una visi\u00f3 des de l&#8217;autonomia i riquesa de la persona,<\/p>\n<p>\u2022 una visi\u00f3 des de la pedagogia activa,<\/p>\n<p>\u2022 una visi\u00f3 des de l&#8217;experi\u00e8ncia de D\u00e9u com a Trinitat.<\/p>\n<p>&nbsp;<\/p>\n<p><strong>VALORS<\/strong><\/p>\n<p>Els nostres centres educatius s&#8217;inspiren en l&#8217;estil de vida trinitari, que proposa els valors cristians com a generadors d&#8217;actituds humanes i com a motors del canvi social, per orientar l\u2019alumne en la seva realitzaci\u00f3 personal, de manera que puguin aprofundir i dissenyar la pr\u00f2pia personalitat, com a individu i com a membre d&#8217;una comunitat humana. Aquest model educatiu i relacional es caracteritza per la promoci\u00f3 d&#8217;una escola:<\/p>\n<p><strong>Familiar<\/strong> Som una fam\u00edlia que, des del carisma trinitari, creix superant dificultats, ajudant el m\u00e9s petit i el feble, respectant les difer\u00e8ncies i individualitats i vivint la senzillesa.<\/p>\n<p>&nbsp;<\/p>\n<p><strong>Obert<\/strong> Aqu\u00ed hi cabem tots, ning\u00fa se sent estrany i cadasc\u00fa troba un espai per al creixement personal i per relacionar-se amb els altres, enriquint amb la diversitat, perqu\u00e8 creiem que un ambient obert, harm\u00f2nic i agradable \u00e9s el millor punt de partida educatiu.<\/p>\n<p>&nbsp;<\/p>\n<p><strong>Proper<\/strong> La nostra Comunitat Educativa &#8211; Pastoral trenca barreres i genera accessibilitat, perqu\u00e8 creiem que nom\u00e9s des de la proximitat es genera confian\u00e7a, i aquesta \u00e9s la millor base per a l&#8217;actuaci\u00f3 pedag\u00f2gica i pastoral . Entenem que ser proper \u00e9s ser pro\u00efsme, i aix\u00f2 \u00e9s ser cristi\u00e0 .<\/p>\n<p>&nbsp;<\/p>\n<p><strong>Lluitador<\/strong> Ens caracteritza l&#8217;esperit lluitador, no conformista, comprom\u00e8s en la qualitat de la seva tasca educativa i evangelitzadora, obert a un futur sempre il\u00b7lusionant, en constant avaluaci\u00f3 i sense per\u00a0 millorar cada dia .<\/p>\n<p>&nbsp;<\/p>\n<p><strong>Innovador<\/strong> Perqu\u00e8 creiem en el canvi, i proposem metodologies i espais per a la trobada, des d&#8217;un estil educatiu marcat pel carisma alliberador trinitari, que es caracteritza per aportar idees i recursos nous en circumst\u00e0ncies bloquejades per l\u2019immobilisme .<\/p>\n<p>&nbsp;<\/p>\n<p><strong>Comprom\u00e8s<\/strong> Col\u00b7laborem en la construcci\u00f3 d&#8217;una societat m\u00e9s solid\u00e0ria i igualit\u00e0ria, amb cura del medi ambient, generant un comprom\u00eds actiu que fomenta el sentit cr\u00edtic i l&#8217;educaci\u00f3 transversal mitjan\u00e7ant els valors de l&#8217;Evangeli inherents al proc\u00e9s educatiu .<\/p>\n<p>&nbsp;<\/p>\n","protected":false},"excerpt":{"rendered":"<p>Missi\u00f3 \u2013 Visi\u00f3 &#8211; Valors<br \/>\nL\u2019any 1813,\u00a0 l\u2019ajuntament de Felanitx eleg\u00ed les Trinit\u00e0ries per a la formaci\u00f3 i educaci\u00f3 de les nenes del poble, servei que es considerava de benefic\u00e8ncia p\u00fablica.<br \/>\nA partir d\u2019aqu\u00ed,\u00a0 fem p\u00fablic el nostre comprom\u00eds de servei a la societat i,\u00a0 preferentment, a&hellip;  <a href=\"https:\/\/agora.xtec.cat\/col-stma-trinitat\/pagines-dinici\/projecte-educatiu\/\" title=\"Read Projecte educatiu\">Llegeix m\u00e9s\u00bb<\/a><\/p>\n","protected":false},"author":1,"featured_media":0,"parent":7,"menu_order":0,"comment_status":"closed","ping_status":"closed","template":"page-templates\/side-menu.php","meta":{"_bbp_topic_count":0,"_bbp_reply_count":0,"_bbp_total_topic_count":0,"_bbp_total_reply_count":0,"_bbp_voice_count":0,"_bbp_anonymous_reply_count":0,"_bbp_topic_count_hidden":0,"_bbp_reply_count_hidden":0,"_bbp_forum_subforum_count":0,"footnotes":""},"class_list":["post-57","page","type-page","status-publish","hentry"],"post_mailing_queue_ids":[],"_links":{"self":[{"href":"https:\/\/agora.xtec.cat\/col-stma-trinitat\/wp-json\/wp\/v2\/pages\/57","targetHints":{"allow":["GET"]}}],"collection":[{"href":"https:\/\/agora.xtec.cat\/col-stma-trinitat\/wp-json\/wp\/v2\/pages"}],"about":[{"href":"https:\/\/agora.xtec.cat\/col-stma-trinitat\/wp-json\/wp\/v2\/types\/page"}],"author":[{"embeddable":true,"href":"https:\/\/agora.xtec.cat\/col-stma-trinitat\/wp-json\/wp\/v2\/users\/1"}],"replies":[{"embeddable":true,"href":"https:\/\/agora.xtec.cat\/col-stma-trinitat\/wp-json\/wp\/v2\/comments?post=57"}],"version-history":[{"count":3,"href":"https:\/\/agora.xtec.cat\/col-stma-trinitat\/wp-json\/wp\/v2\/pages\/57\/revisions"}],"predecessor-version":[{"id":2520,"href":"https:\/\/agora.xtec.cat\/col-stma-trinitat\/wp-json\/wp\/v2\/pages\/57\/revisions\/2520"}],"up":[{"embeddable":true,"href":"https:\/\/agora.xtec.cat\/col-stma-trinitat\/wp-json\/wp\/v2\/pages\/7"}],"wp:attachment":[{"href":"https:\/\/agora.xtec.cat\/col-stma-trinitat\/wp-json\/wp\/v2\/media?parent=57"}],"curies":[{"name":"wp","href":"https:\/\/api.w.org\/{rel}","templated":true}]}}