{"id":52,"date":"2014-09-17T16:58:07","date_gmt":"2014-09-17T16:58:07","guid":{"rendered":"http:\/\/agora.xtec.cat\/col-stma-trinitat\/?page_id=52"},"modified":"2018-10-14T22:41:28","modified_gmt":"2018-10-14T20:41:28","slug":"calendari-del-curs","status":"publish","type":"page","link":"https:\/\/agora.xtec.cat\/col-stma-trinitat\/linstitut\/calendari-del-curs\/","title":{"rendered":"Calendari del curs"},"content":{"rendered":"<div class=\"panel-heading\">\n<h2 class=\"panel-title\">Calendari<\/h2>\n<\/div>\n<div id=\"bloc2\" class=\"panel-collapse collapse in\">\n<div class=\"col-xs-12\">\n<div class=\"cos_bloc basic_text_peq pd-15\">\n<p><strong>12 de setembre de 2018<\/strong>: inici de les classes al segon cicle de l&#8217;educaci\u00f3 infantil, l&#8217;educaci\u00f3 prim\u00e0ria, l&#8217;educaci\u00f3 secund\u00e0ria obligat\u00f2ria.<br \/>\n<strong>Del 22 de desembre de 2018\u00a0al\u00a07 de gener de 2019<\/strong>: vacances de Nadal.<br \/>\n<strong>Del 13 al 22 d&#8217;abril de 2019<\/strong>: vacances de Setmana Santa.<br \/>\n<strong>21 de juny de 2019<\/strong>: acaben les classes a tots els centres,\u00a0llevat de les dels ensenyaments de r\u00e8gim especial i de la formaci\u00f3 professional, que ho faran d&#8217;acord amb la seva programaci\u00f3 acad\u00e8mica.<br \/>\nLes proves extraordin\u00e0ries de l&#8217;educaci\u00f3 secund\u00e0ria obligat\u00f2ria, es faran del<strong>\u00a02 al 4 de setembre de 2019<\/strong>.<\/p>\n<p>Els centres poden establir tres dies festius de lliure disposici\u00f3 que s&#8217;han de distribuir equitativament entre els tres trimestres, no poden coincidir amb els d&#8217;inici i final de les classes; s&#8217;han de preveure en la programaci\u00f3 general del centre i s&#8217;han de comunicar als serveis territorials.<\/p>\n<p>&nbsp;<\/p>\n<\/div>\n<\/div>\n<\/div>\n<div id=\"bloc3\" class=\"panel-collapse collapse in\">\n<div class=\"col-xs-12\">\n<div class=\"cos_bloc basic_text_peq pd-15\">\n<p><a href=\"https:\/\/drive.google.com\/file\/d\/1FtOjJWDntRxhD8ZrHzbcmBSMnvnCJDT_\/view?usp=sharing\">Calendari aprovat \u00a018-19<\/a><\/p>\n<\/div>\n<\/div>\n<\/div>\n","protected":false},"excerpt":{"rendered":"<p>Calendari<\/p>\n<p>12 de setembre de 2018: inici de les classes al segon cicle de l&#8217;educaci\u00f3 infantil, l&#8217;educaci\u00f3 prim\u00e0ria, l&#8217;educaci\u00f3 secund\u00e0ria obligat\u00f2ria.<br \/>\nDel 22 de desembre de 2018\u00a0al\u00a07 de gener de 2019: vacances de Nadal.<br \/>\nDel 13 al 22 d&#8217;abril de 2019: vacances de Setmana Santa.<br \/>\n21 de juny de&hellip;  <a href=\"https:\/\/agora.xtec.cat\/col-stma-trinitat\/linstitut\/calendari-del-curs\/\" title=\"Read Calendari del curs\">Llegeix m\u00e9s\u00bb<\/a><\/p>\n","protected":false},"author":1,"featured_media":0,"parent":19,"menu_order":70,"comment_status":"closed","ping_status":"closed","template":"page-templates\/side-menu.php","meta":{"_bbp_topic_count":0,"_bbp_reply_count":0,"_bbp_total_topic_count":0,"_bbp_total_reply_count":0,"_bbp_voice_count":0,"_bbp_anonymous_reply_count":0,"_bbp_topic_count_hidden":0,"_bbp_reply_count_hidden":0,"_bbp_forum_subforum_count":0,"footnotes":""},"class_list":["post-52","page","type-page","status-publish","hentry"],"post_mailing_queue_ids":[],"_links":{"self":[{"href":"https:\/\/agora.xtec.cat\/col-stma-trinitat\/wp-json\/wp\/v2\/pages\/52","targetHints":{"allow":["GET"]}}],"collection":[{"href":"https:\/\/agora.xtec.cat\/col-stma-trinitat\/wp-json\/wp\/v2\/pages"}],"about":[{"href":"https:\/\/agora.xtec.cat\/col-stma-trinitat\/wp-json\/wp\/v2\/types\/page"}],"author":[{"embeddable":true,"href":"https:\/\/agora.xtec.cat\/col-stma-trinitat\/wp-json\/wp\/v2\/users\/1"}],"replies":[{"embeddable":true,"href":"https:\/\/agora.xtec.cat\/col-stma-trinitat\/wp-json\/wp\/v2\/comments?post=52"}],"version-history":[{"count":4,"href":"https:\/\/agora.xtec.cat\/col-stma-trinitat\/wp-json\/wp\/v2\/pages\/52\/revisions"}],"predecessor-version":[{"id":4108,"href":"https:\/\/agora.xtec.cat\/col-stma-trinitat\/wp-json\/wp\/v2\/pages\/52\/revisions\/4108"}],"up":[{"embeddable":true,"href":"https:\/\/agora.xtec.cat\/col-stma-trinitat\/wp-json\/wp\/v2\/pages\/19"}],"wp:attachment":[{"href":"https:\/\/agora.xtec.cat\/col-stma-trinitat\/wp-json\/wp\/v2\/media?parent=52"}],"curies":[{"name":"wp","href":"https:\/\/api.w.org\/{rel}","templated":true}]}}