{"id":49,"date":"2014-09-17T16:55:55","date_gmt":"2014-09-17T16:55:55","guid":{"rendered":"http:\/\/agora.xtec.cat\/col-stma-trinitat\/?page_id=49"},"modified":"2016-11-11T23:50:05","modified_gmt":"2016-11-11T22:50:05","slug":"normes-dorganitzacio-i-funcionament","status":"publish","type":"page","link":"https:\/\/agora.xtec.cat\/col-stma-trinitat\/linstitut\/normes-dorganitzacio-i-funcionament\/","title":{"rendered":"Normes de disciplina"},"content":{"rendered":"<p>\u2022 \u00c9s obligatori assistir al centre nets, correctament vestits i seguir en tot moment les indicacions del professorat i\/0 Equip Directiu.<\/p>\n<p>\u2022 Els alumnes entraran al centre a l\u2019hora establerta, per tal de comen\u00e7ar amb puntualitat les seves classes. Els retards i les abs\u00e8ncies s\u2019hauran de justificar a l\u2019agenda i telef\u00f2nicament.<\/p>\n<p>\u2022 Els alumnes guardaran sempre el degut respecte als professors, al personal de serveis i als seus companys.<\/p>\n<p>\u2022 Tot membre, tant del personal docent com no docent, podr\u00e0 cridar l\u2019atenci\u00f3 als alumnes sobre el seu comportament, informant-ne al professor-tutor corresponent.<\/p>\n<p>\u2022 Les entrades, sortides i despla\u00e7aments per les diverses depend\u00e8ncies del centre es realitzaran amb el degut ordre, quedant totalment prohibides les corredisses, crits i jocs a les escales i passadissos.<\/p>\n<p>\u2022 Els alumnes han de ser responsables a l\u2019hora de portar el material necessari (llibres, ordinador, xandall, flauta..) per realitzar les mat\u00e8ries corresponents.<\/p>\n<p>\u2022 Els alumnes hauran de mantenir un clima d\u2019ordre i de treball a les classes.<\/p>\n<p>\u2022 Els alumnes atendran les ordres rebudes dels seus professors i les compliran correctament.<\/p>\n<p>\u2022 Els alumnes es comportaran sempre d\u2019acord amb els principis del centre, en cas contrari podran ser amonestats i sancionats.<\/p>\n<p>\u2022 Tots els alumnes seran tractats sense cap discriminaci\u00f3 per ra\u00f3 de naixement, ra\u00e7a, sexe, nivell social, conviccions, discapacitats o qualsevol altra condici\u00f3 personal o social.<\/p>\n<p>\u2022 La despesa dels desperfectes ocasionats per un \u00fas inadequat dels locals, materials o en el b\u00e9ns d\u2019altres membres de la Comunitat Educativa hauran de ser assumits pels alumnes causants o pels seus pares.<\/p>\n<p>\u2022 Els alumnes no han de dur al Centre begudes amb env\u00e0s de vidre o llauna.<\/p>\n<p>\u2022 Est\u00e0 totalment prohibit que els alumnes duguin tabac o qualsevol subst\u00e0ncia nociva per la salut.<\/p>\n<p>\u2022 En cas que els alumnes tinguin un 25% de faltes d\u2019assist\u00e8ncia sense justificar, s\u2019informar\u00e0 als serveis socials.<\/p>\n<p>\u2022 Els alumnes hauran d\u2019apagar el m\u00f2bil abans d\u2019entrar al col\u00b7legi. En cas que soni o se\u2019n faci \u00fas sense perm\u00eds del professor, se\u2019ls retirar\u00e0 i els pares l\u2019hauran de venir a recollir al Centre.<\/p>\n","protected":false},"excerpt":{"rendered":"<p>\u2022 \u00c9s obligatori assistir al centre nets, correctament vestits i seguir en tot moment les indicacions del professorat i\/0 Equip Directiu.<br \/>\n\u2022 Els alumnes entraran al centre a l\u2019hora establerta, per tal de comen\u00e7ar amb puntualitat les seves classes. Els retards i les abs\u00e8ncies s\u2019hauran de&hellip;  <a href=\"https:\/\/agora.xtec.cat\/col-stma-trinitat\/linstitut\/normes-dorganitzacio-i-funcionament\/\" title=\"Read Normes de disciplina\">Llegeix m\u00e9s\u00bb<\/a><\/p>\n","protected":false},"author":1,"featured_media":0,"parent":19,"menu_order":60,"comment_status":"closed","ping_status":"closed","template":"page-templates\/side-menu.php","meta":{"_bbp_topic_count":0,"_bbp_reply_count":0,"_bbp_total_topic_count":0,"_bbp_total_reply_count":0,"_bbp_voice_count":0,"_bbp_anonymous_reply_count":0,"_bbp_topic_count_hidden":0,"_bbp_reply_count_hidden":0,"_bbp_forum_subforum_count":0,"footnotes":""},"class_list":["post-49","page","type-page","status-publish","hentry"],"post_mailing_queue_ids":[],"_links":{"self":[{"href":"https:\/\/agora.xtec.cat\/col-stma-trinitat\/wp-json\/wp\/v2\/pages\/49","targetHints":{"allow":["GET"]}}],"collection":[{"href":"https:\/\/agora.xtec.cat\/col-stma-trinitat\/wp-json\/wp\/v2\/pages"}],"about":[{"href":"https:\/\/agora.xtec.cat\/col-stma-trinitat\/wp-json\/wp\/v2\/types\/page"}],"author":[{"embeddable":true,"href":"https:\/\/agora.xtec.cat\/col-stma-trinitat\/wp-json\/wp\/v2\/users\/1"}],"replies":[{"embeddable":true,"href":"https:\/\/agora.xtec.cat\/col-stma-trinitat\/wp-json\/wp\/v2\/comments?post=49"}],"version-history":[{"count":3,"href":"https:\/\/agora.xtec.cat\/col-stma-trinitat\/wp-json\/wp\/v2\/pages\/49\/revisions"}],"predecessor-version":[{"id":895,"href":"https:\/\/agora.xtec.cat\/col-stma-trinitat\/wp-json\/wp\/v2\/pages\/49\/revisions\/895"}],"up":[{"embeddable":true,"href":"https:\/\/agora.xtec.cat\/col-stma-trinitat\/wp-json\/wp\/v2\/pages\/19"}],"wp:attachment":[{"href":"https:\/\/agora.xtec.cat\/col-stma-trinitat\/wp-json\/wp\/v2\/media?parent=49"}],"curies":[{"name":"wp","href":"https:\/\/api.w.org\/{rel}","templated":true}]}}