{"id":46,"date":"2014-09-17T16:53:45","date_gmt":"2014-09-17T16:53:45","guid":{"rendered":"http:\/\/agora.xtec.cat\/col-stma-trinitat\/?page_id=46"},"modified":"2016-07-11T19:11:40","modified_gmt":"2016-07-11T18:11:40","slug":"organigrama","status":"publish","type":"page","link":"https:\/\/agora.xtec.cat\/col-stma-trinitat\/linstitut\/organigrama\/","title":{"rendered":"Organigrama"},"content":{"rendered":"<p style=\"text-align: center;\">\u00a0Organigrama<\/p>\n<table>\n<tbody>\n<tr>\n<td rowspan=\"2\">&nbsp;<\/td>\n<td>\n<p style=\"text-align: center;\"><b>EI<\/b><\/p>\n<\/td>\n<td>\n<p style=\"text-align: center;\"><b>EP<\/b><\/p>\n<\/td>\n<td>\n<p style=\"text-align: center;\"><b>ESO<\/b><\/p>\n<\/td>\n<\/tr>\n<tr>\n<td>\n<p style=\"text-align: center;\">Coordinadora d\u2019Educaci\u00f3 Infantil<\/p>\n<\/td>\n<td>\n<p style=\"text-align: center;\">Coordinadora de\u00a0Prim\u00e0ria<\/p>\n<\/td>\n<td>\n<p style=\"text-align: center;\">Coordinadora d\u2019ESO<\/p>\n<\/td>\n<\/tr>\n<tr>\n<td rowspan=\"4\">Equip directiu<\/td>\n<td colspan=\"2\">\n<p style=\"text-align: center;\">Cap d\u2019Estudis d\u2019Educaci\u00f3 infantil i Prim\u00e0ria<\/p>\n<\/td>\n<td>\n<p style=\"text-align: center;\">Cap d\u2019estudis d\u2019Educaci\u00f3 Secund\u00e0ria Obligat\u00f2ria<\/p>\n<\/td>\n<\/tr>\n<tr>\n<td colspan=\"3\">\n<p style=\"text-align: center;\">Coordinadora d\u2019animaci\u00f3 Cristiana<\/p>\n<\/td>\n<\/tr>\n<tr>\n<td colspan=\"3\">\n<p style=\"text-align: center;\">Directora Pedag\u00f2gica<\/p>\n<\/td>\n<\/tr>\n<tr>\n<td colspan=\"3\">\n<p style=\"text-align: center;\">Titular del Centre<\/p>\n<\/td>\n<\/tr>\n<\/tbody>\n<\/table>\n<p>&nbsp;<\/p>\n<p>HORES DE VISITES I ATENCI\u00d3 AL P\u00daBLIC<\/p>\n<p>&nbsp;<\/p>\n<table>\n<tbody>\n<tr>\n<td>Direcci\u00f3:<\/td>\n<td>hores convingudes.<\/td>\n<\/tr>\n<tr>\n<td>Cap d\u2019estudis de prim\u00e0ria i secund\u00e0ria:<\/td>\n<td>hores convingudes.<\/td>\n<\/tr>\n<tr>\n<td>Entitat Titular:<\/td>\n<td>hores convingudes.<\/td>\n<\/tr>\n<tr>\n<td>Secretaria:<\/td>\n<td>tots els dies de 9:30h a 13:00h.<\/td>\n<\/tr>\n<tr>\n<td>\n<ul>\n<li><i>Reserva i venda de tiquets del menjador:\u00a0\u00a0<\/i><\/li>\n<\/ul>\n<\/td>\n<td>\n<ul>\n<li>tots els dies de 9h a 9:15h (Cal avisar com a m\u00ednim un dia abans).<\/li>\n<\/ul>\n<\/td>\n<\/tr>\n<tr>\n<td>\n<ul>\n<li><i>Venda de bates i <\/i><i>equip<\/i> <i>esportiu<\/i><i>:<\/i><\/li>\n<\/ul>\n<\/td>\n<td>\n<ul>\n<li>tots els matins de 9:30 a 13h. i dimarts, dimecres i dijous de les 15h a 17h.<\/li>\n<\/ul>\n<\/td>\n<\/tr>\n<tr>\n<td>Proinf\u00e0ncia:<\/td>\n<td>de dilluns a divendres a les 13h<\/p>\n<p>dimecres, dijous i divendres a les 17h.<\/td>\n<\/tr>\n<tr>\n<td>Tutors i altres especialistes:<\/td>\n<td>hores convingudes<\/td>\n<\/tr>\n<\/tbody>\n<\/table>\n<p>&nbsp;<\/p>\n<p>&nbsp;<\/p>\n","protected":false},"excerpt":{"rendered":"<p>\u00a0Organigrama<\/p>\n<p>&nbsp;<\/p>\n<p>EI<\/p>\n<p>EP<\/p>\n<p>ESO<\/p>\n<p>Coordinadora d\u2019Educaci\u00f3 Infantil<\/p>\n<p>Coordinadora de\u00a0Prim\u00e0ria<\/p>\n<p>Coordinadora d\u2019ESO<\/p>\n<p>Equip directiu<\/p>\n<p>Cap d\u2019Estudis d\u2019Educaci\u00f3 infantil i Prim\u00e0ria<\/p>\n<p>Cap d\u2019estudis d\u2019Educaci\u00f3 Secund\u00e0ria Obligat\u00f2ria<\/p>\n<p>Coordinadora d\u2019animaci\u00f3 Cristiana<\/p>\n<p>Directora Pedag\u00f2gica<\/p>\n<p>Titular del Centre<\/p>\n<p>&nbsp;<br \/>\nHORES DE VISITES I ATENCI\u00d3 AL P\u00daBLIC<br \/>\n&nbsp;<\/p>\n<p>Direcci\u00f3:<br \/>\nhores convingudes.<\/p>\n<p>Cap d\u2019estudis de prim\u00e0ria i secund\u00e0ria:<br \/>\nhores convingudes.<\/p>\n<p>Entitat Titular:<br \/>\nhores convingudes.<\/p>\n<p>Secretaria:<br \/>\ntots els dies de 9:30h a 13:00h.<\/p>\n<ul>\n<li>Reserva i venda de tiquets&hellip;  <a href=\"https:\/\/agora.xtec.cat\/col-stma-trinitat\/linstitut\/organigrama\/\" title=\"Read Organigrama\">Llegeix m\u00e9s\u00bb<\/a><br \/>\n","protected":false},"author":1,"featured_media":0,"parent":19,"menu_order":50,"comment_status":"closed","ping_status":"closed","template":"page-templates\/side-menu.php","meta":{"_bbp_topic_count":0,"_bbp_reply_count":0,"_bbp_total_topic_count":0,"_bbp_total_reply_count":0,"_bbp_voice_count":0,"_bbp_anonymous_reply_count":0,"_bbp_topic_count_hidden":0,"_bbp_reply_count_hidden":0,"_bbp_forum_subforum_count":0,"footnotes":""},"class_list":["post-46","page","type-page","status-publish","hentry"],"post_mailing_queue_ids":[],"_links":{"self":[{"href":"https:\/\/agora.xtec.cat\/col-stma-trinitat\/wp-json\/wp\/v2\/pages\/46","targetHints":{"allow":["GET"]}}],"collection":[{"href":"https:\/\/agora.xtec.cat\/col-stma-trinitat\/wp-json\/wp\/v2\/pages"}],"about":[{"href":"https:\/\/agora.xtec.cat\/col-stma-trinitat\/wp-json\/wp\/v2\/types\/page"}],"author":[{"embeddable":true,"href":"https:\/\/agora.xtec.cat\/col-stma-trinitat\/wp-json\/wp\/v2\/users\/1"}],"replies":[{"embeddable":true,"href":"https:\/\/agora.xtec.cat\/col-stma-trinitat\/wp-json\/wp\/v2\/comments?post=46"}],"version-history":[{"count":3,"href":"https:\/\/agora.xtec.cat\/col-stma-trinitat\/wp-json\/wp\/v2\/pages\/46\/revisions"}],"predecessor-version":[{"id":623,"href":"https:\/\/agora.xtec.cat\/col-stma-trinitat\/wp-json\/wp\/v2\/pages\/46\/revisions\/623"}],"up":[{"embeddable":true,"href":"https:\/\/agora.xtec.cat\/col-stma-trinitat\/wp-json\/wp\/v2\/pages\/19"}],"wp:attachment":[{"href":"https:\/\/agora.xtec.cat\/col-stma-trinitat\/wp-json\/wp\/v2\/media?parent=46"}],"curies":[{"name":"wp","href":"https:\/\/api.w.org\/{rel}","templated":true}]}}