{"id":451,"date":"2016-02-18T21:51:02","date_gmt":"2016-02-18T20:51:02","guid":{"rendered":"http:\/\/agora.xtec.cat\/col-stma-trinitat\/intraweb\/proinfancia\/"},"modified":"2017-04-17T20:22:11","modified_gmt":"2017-04-17T18:22:11","slug":"proinfancia","status":"publish","type":"page","link":"https:\/\/agora.xtec.cat\/col-stma-trinitat\/proinfancia\/","title":{"rendered":"Proinfancia"},"content":{"rendered":"<p style=\"margin: 0px 0px 15px; padding: 0px; border: 0px; outline: 0px; font-size: 12px; color: #444444; font-family: Helvetica, Arial, sans-serif; line-height: 20.4px; text-align: justify; background-image: initial; background-attachment: initial; background-size: initial; background-origin: initial; background-clip: initial; background-position: initial; background-repeat: initial;\"><a title=\"Proinfancia\" href=\"http:\/\/obrasocial.lacaixa.es\/ambitos\/caixaproinfancia\/caixaproinfancia_ca.html\" target=\"_blank\"><span style=\"font-family: 'comic sans ms', sans-serif; font-size: 12pt;\">E l Col\u00b7legi \u00a0gaudeix de les beques que ofereix\u00a0el programa de Caixaproinf\u00e0ncia a favor de l\u2019\u00e8xit escolar. <\/span><\/a><\/p>\n<p style=\"margin: 0px 0px 15px; padding: 0px; border: 0px; outline: 0px; font-size: 12px; color: #444444; font-family: Helvetica, Arial, sans-serif; line-height: 20.4px; text-align: justify; background-image: initial; background-attachment: initial; background-size: initial; background-origin: initial; background-clip: initial; background-position: initial; background-repeat: initial;\"><a title=\"Proinfancia\" href=\"http:\/\/obrasocial.lacaixa.es\/ambitos\/caixaproinfancia\/caixaproinfancia_ca.html\" target=\"_blank\"><span style=\"font-family: 'comic sans ms', sans-serif; font-size: 12pt;\">Els destinataris d\u2019aquestes beques s\u00f3n infants i joves de fam\u00edlies en risc d\u2019exclusi\u00f3. <\/span><\/a><\/p>\n<p style=\"margin: 0px 0px 15px; padding: 0px; border: 0px; outline: 0px; font-size: 12px; color: #444444; font-family: Helvetica, Arial, sans-serif; line-height: 20.4px; text-align: justify; background-image: initial; background-attachment: initial; background-size: initial; background-origin: initial; background-clip: initial; background-position: initial; background-repeat: initial;\"><a title=\"Proinfancia\" href=\"http:\/\/obrasocial.lacaixa.es\/ambitos\/caixaproinfancia\/caixaproinfancia_ca.html\" target=\"_blank\"><span style=\"font-family: 'comic sans ms', sans-serif; font-size: 12pt;\">Els serveis que s\u2019ofereixen s\u00f3n:<img loading=\"lazy\" decoding=\"async\" style=\"display: block; margin-left: auto; margin-right: auto;\" src=\"http:\/\/agora.xtec.cat\/col-stma-trinitat\/wp-content\/uploads\/usu32\/2016\/06\/caixa.jpg\" width=\"168\" height=\"44\" border=\"0\" \/><\/span><\/a><\/p>\n<ul>\n<li><a title=\"Proinfancia\" href=\"http:\/\/obrasocial.lacaixa.es\/ambitos\/caixaproinfancia\/caixaproinfancia_ca.html\" target=\"_blank\"><strong><span style=\"font-family: 'comic sans ms', sans-serif;\"><span style=\"font-size: 12pt;\"><span style=\"color: #444444; line-height: 1.3em; background-color: transparent;\">Refor\u00e7 educatiu i equipament escolar\u00a0<\/span><\/span><\/span><\/strong><\/a><\/li>\n<li><strong><span style=\"font-family: 'comic sans ms', sans-serif;\"><span style=\"font-size: 12pt;\"><span style=\"color: #444444; line-height: 1.3em; background-color: transparent;\"><a title=\"Proinfancia\" href=\"http:\/\/obrasocial.lacaixa.es\/ambitos\/caixaproinfancia\/caixaproinfancia_ca.html\" target=\"_blank\">Estudi assitit a l&#8217;ESO<\/a><\/span><\/span><\/span><\/strong><\/li>\n<li><a title=\"Proinfancia\" href=\"http:\/\/obrasocial.lacaixa.es\/ambitos\/caixaproinfancia\/caixaproinfancia_ca.html\" target=\"_blank\"><strong><span style=\"font-family: 'comic sans ms', sans-serif;\"><span style=\"font-size: 12pt;\"><span style=\"color: #444444; line-height: 1.7em; background-color: transparent;\">Suport a les fam\u00edlies per garantir als fills un nivell de benestar f\u00edsic i ps\u00edquic \u00f2ptim:\u00a0<\/span><\/span><\/span><\/strong><strong><span style=\"font-family: 'comic sans ms', sans-serif;\"><span style=\"font-size: 12pt;\"><span style=\"color: #333333; line-height: 14px; background-color: transparent;\">Ulleres i audi\u00f2fons<\/span><\/span><\/span><\/strong><\/a><\/li>\n<\/ul>\n<p>&nbsp;<\/p>\n","protected":false},"excerpt":{"rendered":"<p><a title=\"Proinfancia\" href=\"http:\/\/obrasocial.lacaixa.es\/ambitos\/caixaproinfancia\/caixaproinfancia_ca.html\" target=\"_blank\">E l Col\u00b7legi \u00a0gaudeix de les beques que ofereix\u00a0el programa de Caixaproinf\u00e0ncia a favor de l\u2019\u00e8xit escolar. <\/a><br \/>\n<a title=\"Proinfancia\" href=\"http:\/\/obrasocial.lacaixa.es\/ambitos\/caixaproinfancia\/caixaproinfancia_ca.html\" target=\"_blank\">Els destinataris d\u2019aquestes beques s\u00f3n infants i joves de fam\u00edlies en risc d\u2019exclusi\u00f3. <\/a><br \/>\n<a title=\"Proinfancia\" href=\"http:\/\/obrasocial.lacaixa.es\/ambitos\/caixaproinfancia\/caixaproinfancia_ca.html\" target=\"_blank\">Els serveis que s\u2019ofereixen s\u00f3n:<\/a><\/p>\n<ul>\n<li><a title=\"Proinfancia\"&hellip;  <a href=\"https:\/\/agora.xtec.cat\/col-stma-trinitat\/proinfancia\/\" title=\"Read Proinfancia\">Llegeix m\u00e9s\u00bb<\/a><br \/>\n","protected":false},"author":1,"featured_media":0,"parent":0,"menu_order":0,"comment_status":"closed","ping_status":"closed","template":"","meta":{"_bbp_topic_count":0,"_bbp_reply_count":0,"_bbp_total_topic_count":0,"_bbp_total_reply_count":0,"_bbp_voice_count":0,"_bbp_anonymous_reply_count":0,"_bbp_topic_count_hidden":0,"_bbp_reply_count_hidden":0,"_bbp_forum_subforum_count":0,"footnotes":""},"class_list":["post-451","page","type-page","status-publish","hentry"],"post_mailing_queue_ids":[],"_links":{"self":[{"href":"https:\/\/agora.xtec.cat\/col-stma-trinitat\/wp-json\/wp\/v2\/pages\/451","targetHints":{"allow":["GET"]}}],"collection":[{"href":"https:\/\/agora.xtec.cat\/col-stma-trinitat\/wp-json\/wp\/v2\/pages"}],"about":[{"href":"https:\/\/agora.xtec.cat\/col-stma-trinitat\/wp-json\/wp\/v2\/types\/page"}],"author":[{"embeddable":true,"href":"https:\/\/agora.xtec.cat\/col-stma-trinitat\/wp-json\/wp\/v2\/users\/1"}],"replies":[{"embeddable":true,"href":"https:\/\/agora.xtec.cat\/col-stma-trinitat\/wp-json\/wp\/v2\/comments?post=451"}],"version-history":[{"count":1,"href":"https:\/\/agora.xtec.cat\/col-stma-trinitat\/wp-json\/wp\/v2\/pages\/451\/revisions"}],"predecessor-version":[{"id":1774,"href":"https:\/\/agora.xtec.cat\/col-stma-trinitat\/wp-json\/wp\/v2\/pages\/451\/revisions\/1774"}],"wp:attachment":[{"href":"https:\/\/agora.xtec.cat\/col-stma-trinitat\/wp-json\/wp\/v2\/media?parent=451"}],"curies":[{"name":"wp","href":"https:\/\/api.w.org\/{rel}","templated":true}]}}