{"id":43,"date":"2014-09-17T16:45:07","date_gmt":"2014-09-17T16:45:07","guid":{"rendered":"http:\/\/agora.xtec.cat\/col-stma-trinitat\/?page_id=43"},"modified":"2017-10-13T23:48:25","modified_gmt":"2017-10-13T21:48:25","slug":"consell-escolar","status":"publish","type":"page","link":"https:\/\/agora.xtec.cat\/col-stma-trinitat\/linstitut\/consell-escolar\/","title":{"rendered":"Consell escolar"},"content":{"rendered":"<p>&nbsp;<\/p>\n<h2>Consell escolar<\/h2>\n<p>Es l&#8217;\u00f2rgan de participaci\u00f3 dels diferents sectors de la comunitat educativa en el govern dels centres.<\/p>\n<p>El formen els representants de tota la comunitat educativa, \u00e9s a dir, direcci\u00f3, professors, alumnes, fam\u00edlies, personal d&#8217;administraci\u00f3 i serveis, representant de l&#8217;administraci\u00f3 local i altres persones que el mateix consell consideri necess\u00e0ries.<\/p>\n<p>Les reunions ordin\u00e0ries es realitzaran una vegada per trimestre. Les reunions extraordin\u00e0ries sempre que siguin sol\u00b7licitades per un ter\u00e7 dels seus membres o les convoqui la presidenta del Consell Escolar.<\/p>\n<p>Calendari de reunions previstes del Consell Escolar<\/p>\n<ul>\n<li>Octubre: Presentaci\u00f3 del Pla de Centre<\/li>\n<li>Gener- febrer:\u00a0 Liquidaci\u00f3 econ\u00f2mica presentaci\u00f3 del pressupost anual<\/li>\n<li>Abril: Calendari escolar, dies festius i horari curs seg\u00fcent<\/li>\n<\/ul>\n<p>Hi haur\u00e0 reunions extraordin\u00e0ries que es realitzaran en les dates que oportunament es convoquin.<\/p>\n<p>Presidenta &#8211; Directora: Montserrat Queralt Rovira<\/p>\n<p>&nbsp;<\/p>\n<table style=\"height: 417px;\" width=\"458\">\n<tbody>\n<tr>\n<td style=\"width: 256px;\">Representant del titular<\/td>\n<td style=\"width: 194px;\"><\/td>\n<\/tr>\n<tr>\n<td style=\"width: 256px;\" rowspan=\"4\">Representant del professorat<\/td>\n<td style=\"width: 194px;\"><\/td>\n<\/tr>\n<tr>\n<td style=\"width: 194px;\"><\/td>\n<\/tr>\n<tr>\n<td style=\"width: 194px;\"><\/td>\n<\/tr>\n<tr>\n<td style=\"width: 194px;\"><\/td>\n<\/tr>\n<tr>\n<td style=\"width: 256px;\">Representant de l&#8217;alumnat<\/td>\n<td style=\"width: 194px;\"><\/td>\n<\/tr>\n<tr>\n<td style=\"width: 256px;\" rowspan=\"3\">Representant de pares i mares<\/td>\n<td style=\"width: 194px;\"><\/td>\n<\/tr>\n<tr>\n<td style=\"width: 194px;\"><\/td>\n<\/tr>\n<tr>\n<td style=\"width: 194px;\"><\/td>\n<\/tr>\n<tr>\n<td style=\"width: 256px;\">Representant de l\u2019AMPA<\/td>\n<td style=\"width: 194px;\"><\/td>\n<\/tr>\n<tr>\n<td style=\"width: 256px;\">Representant del PAS<\/td>\n<td style=\"width: 194px;\"><\/td>\n<\/tr>\n<\/tbody>\n<\/table>\n<p>&nbsp;<\/p>\n","protected":false},"excerpt":{"rendered":"<p>&nbsp;<br \/>\nConsell escolar<br \/>\nEs l&#8217;\u00f2rgan de participaci\u00f3 dels diferents sectors de la comunitat educativa en el govern dels centres.<br \/>\nEl formen els representants de tota la comunitat educativa, \u00e9s a dir, direcci\u00f3, professors, alumnes, fam\u00edlies, personal d&#8217;administraci\u00f3 i serveis, representant de l&#8217;administraci\u00f3 local i altres persones que el&hellip;  <a href=\"https:\/\/agora.xtec.cat\/col-stma-trinitat\/linstitut\/consell-escolar\/\" title=\"Read Consell escolar\">Llegeix m\u00e9s\u00bb<\/a><\/p>\n","protected":false},"author":1,"featured_media":0,"parent":19,"menu_order":40,"comment_status":"closed","ping_status":"closed","template":"page-templates\/side-menu.php","meta":{"_bbp_topic_count":0,"_bbp_reply_count":0,"_bbp_total_topic_count":0,"_bbp_total_reply_count":0,"_bbp_voice_count":0,"_bbp_anonymous_reply_count":0,"_bbp_topic_count_hidden":0,"_bbp_reply_count_hidden":0,"_bbp_forum_subforum_count":0,"footnotes":""},"class_list":["post-43","page","type-page","status-publish","hentry"],"post_mailing_queue_ids":[],"_links":{"self":[{"href":"https:\/\/agora.xtec.cat\/col-stma-trinitat\/wp-json\/wp\/v2\/pages\/43","targetHints":{"allow":["GET"]}}],"collection":[{"href":"https:\/\/agora.xtec.cat\/col-stma-trinitat\/wp-json\/wp\/v2\/pages"}],"about":[{"href":"https:\/\/agora.xtec.cat\/col-stma-trinitat\/wp-json\/wp\/v2\/types\/page"}],"author":[{"embeddable":true,"href":"https:\/\/agora.xtec.cat\/col-stma-trinitat\/wp-json\/wp\/v2\/users\/1"}],"replies":[{"embeddable":true,"href":"https:\/\/agora.xtec.cat\/col-stma-trinitat\/wp-json\/wp\/v2\/comments?post=43"}],"version-history":[{"count":4,"href":"https:\/\/agora.xtec.cat\/col-stma-trinitat\/wp-json\/wp\/v2\/pages\/43\/revisions"}],"predecessor-version":[{"id":2380,"href":"https:\/\/agora.xtec.cat\/col-stma-trinitat\/wp-json\/wp\/v2\/pages\/43\/revisions\/2380"}],"up":[{"embeddable":true,"href":"https:\/\/agora.xtec.cat\/col-stma-trinitat\/wp-json\/wp\/v2\/pages\/19"}],"wp:attachment":[{"href":"https:\/\/agora.xtec.cat\/col-stma-trinitat\/wp-json\/wp\/v2\/media?parent=43"}],"curies":[{"name":"wp","href":"https:\/\/api.w.org\/{rel}","templated":true}]}}