{"id":39,"date":"2014-09-17T16:36:44","date_gmt":"2014-09-17T16:36:44","guid":{"rendered":"http:\/\/agora.xtec.cat\/col-stma-trinitat\/?page_id=39"},"modified":"2016-11-11T23:32:31","modified_gmt":"2016-11-11T22:32:31","slug":"instal%c2%b7lacions","status":"publish","type":"page","link":"https:\/\/agora.xtec.cat\/col-stma-trinitat\/linstitut\/instal%c2%b7lacions\/","title":{"rendered":"Instal\u00b7lacions"},"content":{"rendered":"<p>L\u2019escola consta, a m\u00e9s de les aules corresponents de cada curs, d\u2019aules de desdoblament, laboratori, dues aules d\u2019inform\u00e0tica, aula &#8211; taller de tecnologia, aula de m\u00fasica, aula de lleng\u00fces, biblioteca, ludoteca, sala multi \u00fas, menjador, gimn\u00e0s polivalent i pati amb pista esportiva.<br \/>\nConnexi\u00f3 amb Xarxes Inform\u00e0tiques<br \/>\nEl centre disposa de connexi\u00f3 wifi per atendre les necessitats i portar a terme el projecte educat 2.0; de dues aules d\u2019inform\u00e0tica com a recurs tecnol\u00f2gic de formaci\u00f3 i informaci\u00f3; de totes les aules amb dispositius multim\u00e8dia. Totes les aules disposen d\u2019ordinador i pantalla i\/o pissarra digital amb connexi\u00f3 a Internet. <\/p>\n","protected":false},"excerpt":{"rendered":"<p>L\u2019escola consta, a m\u00e9s de les aules corresponents de cada curs, d\u2019aules de desdoblament, laboratori, dues aules d\u2019inform\u00e0tica, aula &#8211; taller de tecnologia, aula de m\u00fasica, aula de lleng\u00fces, biblioteca, ludoteca, sala multi \u00fas, menjador, gimn\u00e0s polivalent i pati amb pista esportiva.<br \/>\nConnexi\u00f3 amb Xarxes Inform\u00e0tiques<br \/>\nEl&hellip;  <a href=\"https:\/\/agora.xtec.cat\/col-stma-trinitat\/linstitut\/instal%c2%b7lacions\/\" title=\"Read Instal\u00b7lacions\">Llegeix m\u00e9s\u00bb<\/a><\/p>\n","protected":false},"author":1,"featured_media":0,"parent":19,"menu_order":30,"comment_status":"closed","ping_status":"closed","template":"page-templates\/side-menu.php","meta":{"_bbp_topic_count":0,"_bbp_reply_count":0,"_bbp_total_topic_count":0,"_bbp_total_reply_count":0,"_bbp_voice_count":0,"_bbp_anonymous_reply_count":0,"_bbp_topic_count_hidden":0,"_bbp_reply_count_hidden":0,"_bbp_forum_subforum_count":0,"footnotes":""},"class_list":["post-39","page","type-page","status-publish","hentry"],"post_mailing_queue_ids":[],"_links":{"self":[{"href":"https:\/\/agora.xtec.cat\/col-stma-trinitat\/wp-json\/wp\/v2\/pages\/39","targetHints":{"allow":["GET"]}}],"collection":[{"href":"https:\/\/agora.xtec.cat\/col-stma-trinitat\/wp-json\/wp\/v2\/pages"}],"about":[{"href":"https:\/\/agora.xtec.cat\/col-stma-trinitat\/wp-json\/wp\/v2\/types\/page"}],"author":[{"embeddable":true,"href":"https:\/\/agora.xtec.cat\/col-stma-trinitat\/wp-json\/wp\/v2\/users\/1"}],"replies":[{"embeddable":true,"href":"https:\/\/agora.xtec.cat\/col-stma-trinitat\/wp-json\/wp\/v2\/comments?post=39"}],"version-history":[{"count":3,"href":"https:\/\/agora.xtec.cat\/col-stma-trinitat\/wp-json\/wp\/v2\/pages\/39\/revisions"}],"predecessor-version":[{"id":890,"href":"https:\/\/agora.xtec.cat\/col-stma-trinitat\/wp-json\/wp\/v2\/pages\/39\/revisions\/890"}],"up":[{"embeddable":true,"href":"https:\/\/agora.xtec.cat\/col-stma-trinitat\/wp-json\/wp\/v2\/pages\/19"}],"wp:attachment":[{"href":"https:\/\/agora.xtec.cat\/col-stma-trinitat\/wp-json\/wp\/v2\/media?parent=39"}],"curies":[{"name":"wp","href":"https:\/\/api.w.org\/{rel}","templated":true}]}}