{"id":27,"date":"2014-09-17T16:24:03","date_gmt":"2014-09-17T16:24:03","guid":{"rendered":"http:\/\/agora.xtec.cat\/col-stma-trinitat\/?page_id=27"},"modified":"2016-06-22T23:09:21","modified_gmt":"2016-06-22T22:09:21","slug":"historia","status":"publish","type":"page","link":"https:\/\/agora.xtec.cat\/col-stma-trinitat\/linstitut\/historia\/","title":{"rendered":"Hist\u00f2ria"},"content":{"rendered":"<p>PER QU\u00c8<b> <\/b>VAN<b> <\/b>VENIR?<\/p>\n<p>Feia 12 anys que havia acabat la Guerra Civil, Espanya encara no estava recuperada de la crisi soferta els anys anteriors.<\/p>\n\n\t\t<style type=\"text\/css\">\n\t\t\t#gallery-1 {\n\t\t\t\tmargin: auto;\n\t\t\t}\n\t\t\t#gallery-1 .gallery-item {\n\t\t\t\tfloat: left;\n\t\t\t\tmargin-top: 10px;\n\t\t\t\ttext-align: center;\n\t\t\t\twidth: 33%;\n\t\t\t}\n\t\t\t#gallery-1 img {\n\t\t\t\tborder: 2px solid #cfcfcf;\n\t\t\t}\n\t\t\t#gallery-1 .gallery-caption {\n\t\t\t\tmargin-left: 0;\n\t\t\t}\n\t\t\t\/* see gallery_shortcode() in wp-includes\/media.php *\/\n\t\t<\/style>\n\t\t<div id='gallery-1' class='gallery galleryid-27 gallery-columns-3 gallery-size-medium'><dl class='gallery-item'>\n\t\t\t<dt class='gallery-icon landscape'>\n\t\t\t\t<a href='https:\/\/agora.xtec.cat\/col-stma-trinitat\/linstitut\/historia\/attachment\/classe2\/'><img loading=\"lazy\" decoding=\"async\" width=\"300\" height=\"208\" src=\"https:\/\/agora.xtec.cat\/col-stma-trinitat\/wp-content\/uploads\/usu32\/2014\/09\/CLASSE2-300x208.jpg\" class=\"attachment-medium size-medium\" alt=\"\" srcset=\"https:\/\/agora.xtec.cat\/col-stma-trinitat\/wp-content\/uploads\/usu32\/2014\/09\/CLASSE2-300x208.jpg 300w, https:\/\/agora.xtec.cat\/col-stma-trinitat\/wp-content\/uploads\/usu32\/2014\/09\/CLASSE2.jpg 599w\" sizes=\"auto, (max-width: 300px) 100vw, 300px\" \/><\/a>\n\t\t\t<\/dt><\/dl><dl class='gallery-item'>\n\t\t\t<dt class='gallery-icon landscape'>\n\t\t\t\t<a href='https:\/\/agora.xtec.cat\/col-stma-trinitat\/linstitut\/historia\/attachment\/gimnas2\/'><img loading=\"lazy\" decoding=\"async\" width=\"300\" height=\"215\" src=\"https:\/\/agora.xtec.cat\/col-stma-trinitat\/wp-content\/uploads\/usu32\/2014\/09\/GIMNAS2-300x215.jpg\" class=\"attachment-medium size-medium\" alt=\"\" srcset=\"https:\/\/agora.xtec.cat\/col-stma-trinitat\/wp-content\/uploads\/usu32\/2014\/09\/GIMNAS2-300x215.jpg 300w, https:\/\/agora.xtec.cat\/col-stma-trinitat\/wp-content\/uploads\/usu32\/2014\/09\/GIMNAS2.jpg 593w\" sizes=\"auto, (max-width: 300px) 100vw, 300px\" \/><\/a>\n\t\t\t<\/dt><\/dl><dl class='gallery-item'>\n\t\t\t<dt class='gallery-icon landscape'>\n\t\t\t\t<a href='https:\/\/agora.xtec.cat\/col-stma-trinitat\/linstitut\/historia\/attachment\/classe1\/'><img loading=\"lazy\" decoding=\"async\" width=\"300\" height=\"183\" src=\"https:\/\/agora.xtec.cat\/col-stma-trinitat\/wp-content\/uploads\/usu32\/2014\/09\/CLASSE1-300x183.jpg\" class=\"attachment-medium size-medium\" alt=\"\" srcset=\"https:\/\/agora.xtec.cat\/col-stma-trinitat\/wp-content\/uploads\/usu32\/2014\/09\/CLASSE1-300x183.jpg 300w, https:\/\/agora.xtec.cat\/col-stma-trinitat\/wp-content\/uploads\/usu32\/2014\/09\/CLASSE1.jpg 544w\" sizes=\"auto, (max-width: 300px) 100vw, 300px\" \/><\/a>\n\t\t\t<\/dt><\/dl><br style=\"clear: both\" \/><dl class='gallery-item'>\n\t\t\t<dt class='gallery-icon landscape'>\n\t\t\t\t<a href='https:\/\/agora.xtec.cat\/col-stma-trinitat\/linstitut\/historia\/attachment\/pati1\/'><img loading=\"lazy\" decoding=\"async\" width=\"300\" height=\"210\" src=\"https:\/\/agora.xtec.cat\/col-stma-trinitat\/wp-content\/uploads\/usu32\/2014\/09\/PATI1-300x210.jpg\" class=\"attachment-medium size-medium\" alt=\"\" srcset=\"https:\/\/agora.xtec.cat\/col-stma-trinitat\/wp-content\/uploads\/usu32\/2014\/09\/PATI1-300x210.jpg 300w, https:\/\/agora.xtec.cat\/col-stma-trinitat\/wp-content\/uploads\/usu32\/2014\/09\/PATI1.jpg 454w\" sizes=\"auto, (max-width: 300px) 100vw, 300px\" \/><\/a>\n\t\t\t<\/dt><\/dl><dl class='gallery-item'>\n\t\t\t<dt class='gallery-icon landscape'>\n\t\t\t\t<a href='https:\/\/agora.xtec.cat\/col-stma-trinitat\/linstitut\/historia\/attachment\/gimnas1\/'><img loading=\"lazy\" decoding=\"async\" width=\"300\" height=\"210\" src=\"https:\/\/agora.xtec.cat\/col-stma-trinitat\/wp-content\/uploads\/usu32\/2014\/09\/GIMNAS1-300x210.jpg\" class=\"attachment-medium size-medium\" alt=\"\" srcset=\"https:\/\/agora.xtec.cat\/col-stma-trinitat\/wp-content\/uploads\/usu32\/2014\/09\/GIMNAS1-300x210.jpg 300w, https:\/\/agora.xtec.cat\/col-stma-trinitat\/wp-content\/uploads\/usu32\/2014\/09\/GIMNAS1.jpg 404w\" sizes=\"auto, (max-width: 300px) 100vw, 300px\" \/><\/a>\n\t\t\t<\/dt><\/dl><dl class='gallery-item'>\n\t\t\t<dt class='gallery-icon landscape'>\n\t\t\t\t<a href='https:\/\/agora.xtec.cat\/col-stma-trinitat\/linstitut\/historia\/attachment\/comunio1\/'><img loading=\"lazy\" decoding=\"async\" width=\"300\" height=\"189\" src=\"https:\/\/agora.xtec.cat\/col-stma-trinitat\/wp-content\/uploads\/usu32\/2014\/09\/COMUNIO1-300x189.jpg\" class=\"attachment-medium size-medium\" alt=\"\" srcset=\"https:\/\/agora.xtec.cat\/col-stma-trinitat\/wp-content\/uploads\/usu32\/2014\/09\/COMUNIO1-300x189.jpg 300w, https:\/\/agora.xtec.cat\/col-stma-trinitat\/wp-content\/uploads\/usu32\/2014\/09\/COMUNIO1.jpg 488w\" sizes=\"auto, (max-width: 300px) 100vw, 300px\" \/><\/a>\n\t\t\t<\/dt><\/dl><br style=\"clear: both\" \/><dl class='gallery-item'>\n\t\t\t<dt class='gallery-icon landscape'>\n\t\t\t\t<a href='https:\/\/agora.xtec.cat\/col-stma-trinitat\/linstitut\/historia\/attachment\/monges1\/'><img loading=\"lazy\" decoding=\"async\" width=\"300\" height=\"190\" src=\"https:\/\/agora.xtec.cat\/col-stma-trinitat\/wp-content\/uploads\/usu32\/2014\/09\/MONGES1-300x190.jpg\" class=\"attachment-medium size-medium\" alt=\"\" srcset=\"https:\/\/agora.xtec.cat\/col-stma-trinitat\/wp-content\/uploads\/usu32\/2014\/09\/MONGES1-300x190.jpg 300w, https:\/\/agora.xtec.cat\/col-stma-trinitat\/wp-content\/uploads\/usu32\/2014\/09\/MONGES1.jpg 544w\" sizes=\"auto, (max-width: 300px) 100vw, 300px\" \/><\/a>\n\t\t\t<\/dt><\/dl>\n\t\t\t<br style='clear: both' \/>\n\t\t<\/div>\n\n<p>Durant la guerra van haver-hi persecucions religioses; amb aquest fet les monges Franciscanes que residien en Sant Adri\u00e0 es van veure obligades a marxar, comporten aix\u00ed un allunyament total. La formaci\u00f3 religiosa femenina va quedar truncada.<\/p>\n<p>Un gran terratinent\u00a0 va cedir, abans de la guerra, unes extensions de terres per construir els col\u00b7legis religiosos. L&#8217;ensenyament de la noia no tenia massa import\u00e0ncia, per aquest motiu \u00e9s comprensible que el territori per l&#8217;escola masculina tingu\u00e9s m\u00e9s extensi\u00f3 que per un senyor de Sant Adri\u00e0, es va informar per tornar a tenir ensenyament religi\u00f3s femen\u00ed. Va insistir a les monges Franciscanes, per\u00f2 elles tenien una actitud radical.la femenina.<\/p>\n<p>Aleshores el bisbat va oferir un llistat de congregacions que tenien inter\u00e8s en instal\u00b7lar-se en Sant Adri\u00e0. Entre elles es trobaven les trinit\u00e0ries<\/p>\n<p>A les trinit\u00e0ries se&#8217;ls va proporcionar una resid\u00e8ncia amb capacitat suficient per comen\u00e7ar a donar classes. Van estar instal\u00b7lades all\u00e0 fins l&#8217;any 1.956.\u00a0 Aquest mateix any el bisbe auxiliar de Barcelona , Narc\u00eds Jubany i Arnau , va beneir el nou edifici de l&#8217;escola<\/p>\n<p>Una mica m\u00e9s d&#8217;hist\u00f2ria<\/p>\n<p>Era el 1951, fa m\u00e9s de 50 anys, un grupet de sis germanes trinit\u00e0ries obrien un parvulari i una escola de prim\u00e0ria a l&#8217;Avda. Alfons XIII de Badalona. Al cap de tres dies la matr\u00edcula ja estava complerta.<\/p>\n<p>Era prec\u00eds trobar un nou local i el 1956 aconseguiren trobar dues torretes al lloc actual de l&#8217;escola i se n&#8217;edific\u00e0 una nova planta que tamb\u00e9 als pocs anys result\u00e0 insuficient. Aix\u00ed que marxaven els ve\u00efns anaven comprant les torretes de la vora i el 1961 pogueren adquirir-ne\u00a0dues m\u00e9s i s&#8217;ampli\u00e0 la tercera planta.<\/p>\n<p>En aquell temps les ajudes de l&#8217;Estat eren impensables i per tant els professors havien d&#8217;\u00e9sser pagats amb l&#8217;aportaci\u00f3 dels pares dels alumnes, que en aquell moment eren fam\u00edlies d&#8217;immigrants\u00a0 o treballadors del cintur\u00f3 industrial de Barcelona, que tenien un nivell cultural bastant baix i el seu nivell econ\u00f2mic era ben senzill. Per altra banda aquells pares i mares, tenien un gran inter\u00e8s que els seus fills adquirissin una cultura que a ells i a elles no els havia estat perm\u00e8s, ja que de ben jovenets comen\u00e7aren a treballar. Aix\u00f2 feia que l&#8217;escola poc a poc an\u00e9s creixent. Per aquest motiu, les quotes de l&#8217;escola havien de ser el m\u00e9s econ\u00f2miques possibles, cosa que fou impossible degut a que el nombre de professors seglars era molt petit, la feina la feien gaireb\u00e9 en la totalitat les germanes i aix\u00ed s&#8217;estalviaven les despeses de la Seguretat Social, gestories, personal administratiu, porteria i fins i tot neteja; aquesta tasca tamb\u00e9 la feien les mateixes germanes un cop les alumnes sortien de la classe. D&#8217;aquesta manera s&#8217;anava invertint tot el que es guanyava en la construcci\u00f3 de la nova escola amb pocs diners i amb molts maldecaps, fins arribar a la que avui tenim.<\/p>\n<p>NOUS REPTES<\/p>\n<p>Malgrat tot\u00a0aix\u00f2, l\u2019escola cada vegada est\u00e0 m\u00e9s atesa per l\u2019Administraci\u00f3 P\u00fablica, creiem que tenim encara un repte molt gran per aconseguir.<\/p>\n<p>La societat d\u00f3na grans incentius per adquirir cada vegada m\u00e9s coses a trav\u00e9s de la seva societat de consum, d\u00f3na m\u00e9s llibertat moral , no est\u00e0 mal vista la llibertat sexual fins i tot entre els mateixos adolescents, ni l\u2019\u00fas indiscriminat de l\u2019alcohol, ni tant sols el consum de la droga entre els mateixos joves. Per\u00f2 l\u2019home i la dona d\u2019avui amb tot aix\u00f2 no \u00e9s m\u00e9s feli\u00e7, li manquen altres valors, els valors que ens ha donat Jes\u00fas i que els trobem a l\u2019Evangeli, valors com poden ser: la capacitat d\u2019estimar sense tant ego\u00efsme, la solidaritat amb els m\u00e9s pobres, la lluita contra un m\u00f3n que crea cada cop m\u00e9s marginaci\u00f3 i soledat, l\u2019estimaci\u00f3 de la vida comen\u00e7ant per la dels unats, el respecte als pares i mares, als ancians, etc.<\/p>\n<p>Creiem que si ens ho propos\u00e9ssim, seriem capa\u00e7os de canviar aquest m\u00f3n i construir-ne un altre m\u00e9s digne i m\u00e9s hum\u00e0.<\/p>\n<p>CONSTRUCCI\u00d3<\/p>\n<p>L&#8217;escola ha tingut tres ampliacions:<\/p>\n<p>-Primerament era un edifici rectangular amb poca extensi\u00f3, amb nom\u00e9s sis classes, el bany i unes escales.<\/p>\n<p>-Despr\u00e9s van pujar 1 pis i van afegir dues classes m\u00e9s per planta.<\/p>\n<p>-M\u00e9s tard es va ampliar el pati i el gimn\u00e0s<\/p>\n<p>&nbsp;<\/p>\n<p>EL MOMENT PRESENT<\/p>\n<p>L\u2019Escola ha estat funcionant durant 50 anys, al llarg d\u2019aquest temps l\u2019ensenyament ha anat canviant, primerament es va desenvolupar un ensenyament primari complementat amb classes de mecanografia, taquigrafia, franc\u00e8s i comptabilitat.<\/p>\n<p>Les noies a partir dels deu anys optaven pel Batxillerat o b\u00e9 continuar l\u2019ensenyament primari. L\u2019Escola no estava qualificada per realitzar els ex\u00e0mens finals en el Centre i les alumnes tenien que viatjar fins a un Institut de Barcelona per presentar-se a la prova.<\/p>\n<p>Cap els anys 70 es va passar al Batxillerat professional i ja no era necessari marxar de l\u2019Escola per fer els ex\u00e0mens.<\/p>\n<p>A partir dels 80 es substitueix el Batxillerat per l\u2019E.G.B. No va ser fins els anys 80 que l\u2019Escola va estar subvencionada per l\u2019Estat.<\/p>\n<p>Actualment l&#8217;ensenyament impartit \u00e9s des de P3 fins a quart d&#8217;ESO<\/p>\n<p>Fa anys que l\u2019ensenyament \u00e9s mixt.<\/p>\n<p>ENSENYAMENT<\/p>\n<p>Ara ja som una fam\u00edlia gran, han passat tres generacions, i moltes d\u2019aquelles noietes avui ja s\u00f3n \u00e0vies, el seu nivell cultural, social i econ\u00f2mic, gr\u00e0cies a D\u00e9u s\u2019ha elevat bastant i fins i tot la fisonomia del poble est\u00e0 quasi b\u00e9 desconeguda. Avui el grau d\u2019exig\u00e8ncia dels pares, professors i alumnes \u00e9s m\u00e9s gran.<\/p>\n<p>A nivell pol\u00edtic Espanya a passat d\u2019un sistema dictatorial a un sistema democr\u00e0tic, l\u2019escola \u00e9s concertada per l\u2019estat i per tant l\u2019administraci\u00f3 p\u00fablica se\u2019n fa c\u00e0rrec del sou dels professors.<\/p>\n<p>El col\u00b7legi \u00e9s concertat. Imparteix classes des de P3 fins a quart d\u2019E.S.O. Funciona de manera democr\u00e0tica conjuntament amb l\u2019equip de professors, pares i personal no docent, tots som importants<\/p>\n<p>Els alumnes\u00a0 estan representats en el consell escolar.<\/p>\n<p>L\u2019A.M.P.A (Associaci\u00f3 de mares i pares d\u2019alumnes.) t\u00e9 un paper molt important.<\/p>\n<p>La congregaci\u00f3 de religioses\u00a0 han nomenat una professora com a directora pedag\u00f2gica.<\/p>\n<p>Tamb\u00e9 els pares i professors conjuntament amb una religiosa formen l\u2019equip de pastoral. I des de fa m\u00e9s 25 anys l\u2019escola gaudeix tamb\u00e9 d\u2019un <a href=\"http:\/\/www.xtec.cat\/col-stma-trinitat\/Esplai.htm\">esplai<\/a> amb un grup de\u00a0 monitors, utilitzant les depend\u00e8ncies del col\u00b7legi els caps de setmana .<\/p>\n<p>\u00c9s doncs, una escola democr\u00e0tica, activa amb un caire cristi\u00e0 que, amb el carisma trinitari distingeix la seva forma de ser<\/p>\n","protected":false},"excerpt":{"rendered":"<p>PER QU\u00c8 VAN VENIR?<br \/>\nFeia 12 anys que havia acabat la Guerra Civil, Espanya encara no estava recuperada de la crisi soferta els anys anteriors.<\/p>\n<p>\t\t\t#gallery-2 {<br \/>\n\t\t\t\tmargin: auto;<br \/>\n\t\t\t}<br \/>\n\t\t\t#gallery-2 .gallery-item {<br \/>\n\t\t\t\tfloat: left;<br \/>\n\t\t\t\tmargin-top: 10px;<br \/>\n\t\t\t\ttext-align: center;<br \/>\n\t\t\t\twidth: 33%;<br \/>\n\t\t\t}<br \/>\n\t\t\t#gallery-2 img {<br \/>\n\t\t\t\tborder: 2px solid #cfcfcf;<br \/>\n\t\t\t}<br \/>\n\t\t\t#gallery-2 .gallery-caption {<br \/>\n\t\t\t\tmargin-left: 0;<br \/>\n\t\t\t}<br \/>\n\t\t\t\/* see gallery_shortcode() in wp-includes\/media.php *\/<\/p>\n<p>\t\t\t\t<a&hellip;  <a href=\"https:\/\/agora.xtec.cat\/col-stma-trinitat\/linstitut\/historia\/\" title=\"Read Hist\u00f2ria\">Llegeix m\u00e9s\u00bb<\/a><\/p>\n","protected":false},"author":1,"featured_media":494,"parent":19,"menu_order":20,"comment_status":"closed","ping_status":"closed","template":"page-templates\/side-menu.php","meta":{"_bbp_topic_count":0,"_bbp_reply_count":0,"_bbp_total_topic_count":0,"_bbp_total_reply_count":0,"_bbp_voice_count":0,"_bbp_anonymous_reply_count":0,"_bbp_topic_count_hidden":0,"_bbp_reply_count_hidden":0,"_bbp_forum_subforum_count":0,"footnotes":""},"class_list":["post-27","page","type-page","status-publish","has-post-thumbnail","hentry"],"post_mailing_queue_ids":[],"_links":{"self":[{"href":"https:\/\/agora.xtec.cat\/col-stma-trinitat\/wp-json\/wp\/v2\/pages\/27","targetHints":{"allow":["GET"]}}],"collection":[{"href":"https:\/\/agora.xtec.cat\/col-stma-trinitat\/wp-json\/wp\/v2\/pages"}],"about":[{"href":"https:\/\/agora.xtec.cat\/col-stma-trinitat\/wp-json\/wp\/v2\/types\/page"}],"author":[{"embeddable":true,"href":"https:\/\/agora.xtec.cat\/col-stma-trinitat\/wp-json\/wp\/v2\/users\/1"}],"replies":[{"embeddable":true,"href":"https:\/\/agora.xtec.cat\/col-stma-trinitat\/wp-json\/wp\/v2\/comments?post=27"}],"version-history":[{"count":3,"href":"https:\/\/agora.xtec.cat\/col-stma-trinitat\/wp-json\/wp\/v2\/pages\/27\/revisions"}],"predecessor-version":[{"id":497,"href":"https:\/\/agora.xtec.cat\/col-stma-trinitat\/wp-json\/wp\/v2\/pages\/27\/revisions\/497"}],"up":[{"embeddable":true,"href":"https:\/\/agora.xtec.cat\/col-stma-trinitat\/wp-json\/wp\/v2\/pages\/19"}],"wp:featuredmedia":[{"embeddable":true,"href":"https:\/\/agora.xtec.cat\/col-stma-trinitat\/wp-json\/wp\/v2\/media\/494"}],"wp:attachment":[{"href":"https:\/\/agora.xtec.cat\/col-stma-trinitat\/wp-json\/wp\/v2\/media?parent=27"}],"curies":[{"name":"wp","href":"https:\/\/api.w.org\/{rel}","templated":true}]}}