{"id":19,"date":"2014-09-17T14:56:56","date_gmt":"2014-09-17T14:56:56","guid":{"rendered":"http:\/\/agora.xtec.cat\/col-stma-trinitat\/?page_id=19"},"modified":"2016-06-22T23:07:47","modified_gmt":"2016-06-22T22:07:47","slug":"linstitut","status":"publish","type":"page","link":"https:\/\/agora.xtec.cat\/col-stma-trinitat\/linstitut\/","title":{"rendered":"El col\u00b7legi Stma Trinitat"},"content":{"rendered":"<h1><\/h1>\n<p>La nostra escola, fundada l\u2019any 1951, es defineix com a escola cat\u00f2lica i proposa com a primordials els valors evang\u00e8lics, tal com: l\u2019amor fratern, el respecte dels drets humans, la llibertat, la just\u00edcia, solidaritat, etc.<\/p>\n<p>Considerem que l\u2019escola \u00e9s un complement de la fam\u00edlia\u00a0 en l\u2019educaci\u00f3 de l\u2019infant. Per aix\u00f2 mateix, ni l\u2019escola pot prescindir de la realitat familiar, ni la fam\u00edlia pot descarregar la seva responsabilitat educativa en l\u2019escola. Les dues parts (fam\u00edlia i escola) han d\u2019estar d\u2019acord en all\u00f2 que \u00e9s fonamental.<\/p>\n<p>Les fam\u00edlies, tant les que han escollit la nostra escola conscients del tipus d\u2019educaci\u00f3 que en ella s\u2019imparteix, com els qui ho han fet degut a altres motius, han de respectar el seu Car\u00e0cter Propi i el seu Projecte Educatiu. D\u2019altra banda, el centre mai no discriminar\u00e0 ning\u00fa i ser\u00e0 respectu\u00f3s amb les creences de tots: pares, alumnes i professors.<\/p>\n<p>L\u2019educaci\u00f3 que imparteix l\u2019escola t\u00e9 com objecte l\u2019educaci\u00f3 integral dels alumnes, el que suposa educar tots els aspectes de la seva persona: intel\u00b7lectuals, \u00e8tics i morals, a fi que descobreixin les seves aptituds i limitacions i que, de manera gradual, aprenguin a auto governar-se per tal de poder desenvolupar totes les seves capacitats.<\/p>\n<p>A l\u2019escola s\u2019imparteix ensenyament religi\u00f3s, presentant les diferents religions, encara que d\u00f3na prioritat als continguts del cristianisme i de la religi\u00f3 cat\u00f2lica.<\/p>\n<p>L\u2019escola s\u2019acull al finan\u00e7ament p\u00fablic per tal d\u2019evitar discriminacions per motius econ\u00f2mics.<\/p>\n<p>Finalment, l\u2019escola \u00e9s una de les institucions del pa\u00eds, per tal motiu, tindr\u00e0 en compte la realitat catalana, col\u00b7laborant en la descoberta de la seva pr\u00f2pia cultura.<\/p>\n<p style=\"color: #444444;\"><strong>\u00a0<\/strong><\/p>\n<p><strong>OPCIONS PREFERENTS DEL PROJECTE EDUCATIU DEL CENTRE<\/strong><\/p>\n<p>\u00d8\u00a0 <strong>L\u2019EDUCACI\u00d3 CRISTIANA: UNA PROPOSTA D\u2019EDUCACI\u00d3 INTEGRAL<\/strong><\/p>\n<p><strong>1- <\/strong><strong>Una educaci\u00f3 al servei de la persona.<\/strong><\/p>\n<p><strong>2- <\/strong><strong>Una\u00a0 educaci\u00f3 integradora de la personalitat.<\/strong><\/p>\n<p><strong>3- <\/strong><strong>Una educaci\u00f3 social i compromesa en la construcci\u00f3 del m\u00f3n.<\/strong><\/p>\n<p><strong>4- <\/strong><strong>Una educaci\u00f3 \u00e8tica i oberta a la transcend\u00e8ncia:<\/strong><\/p>\n<p>\u00d8\u00a0 <strong>Proposem un profund respecte a la persona.<\/strong><\/p>\n<p>\u00d8\u00a0 <strong>Tenim una actitud d\u2019acollida, evitant qualsevol discriminaci\u00f3.<\/strong><\/p>\n<p>\u00d8\u00a0 <strong>Cerquem la creativitat i l\u2019esperit de renovaci\u00f3.<\/strong><\/p>\n<p>\u00d8\u00a0 <strong>Treballem per la participaci\u00f3 i corresponsabilitat en la tasca educativa.<\/strong><\/p>\n<p>\u00d8\u00a0 <strong>VALORS QUE ENRIQUEIXEN L\u2019ACCI\u00d3 EDUCATIVA<\/strong><\/p>\n<p><strong>1- <\/strong><strong>Eduquem per a la just\u00edcia i la solidaritat.<\/strong><\/p>\n<p><strong>2- <\/strong><strong>Eduquem en la llibertat i per a la llibertat.<\/strong><\/p>\n<p><strong>3- <\/strong><strong>Eduquem per a la conviv\u00e8ncia en la pau<\/strong><\/p>\n","protected":false},"excerpt":{"rendered":"<p>La nostra escola, fundada l\u2019any 1951, es defineix com a escola cat\u00f2lica i proposa com a primordials els valors evang\u00e8lics, tal com: l\u2019amor fratern, el respecte dels drets humans, la llibertat, la just\u00edcia, solidaritat, etc.<br \/>\nConsiderem que l\u2019escola \u00e9s un complement de la fam\u00edlia\u00a0 en l\u2019educaci\u00f3&hellip;  <a href=\"https:\/\/agora.xtec.cat\/col-stma-trinitat\/linstitut\/\" title=\"Read El col\u00b7legi Stma Trinitat\">Llegeix m\u00e9s\u00bb<\/a><\/p>\n","protected":false},"author":1,"featured_media":0,"parent":0,"menu_order":0,"comment_status":"closed","ping_status":"closed","template":"page-templates\/side-menu.php","meta":{"_bbp_topic_count":0,"_bbp_reply_count":0,"_bbp_total_topic_count":0,"_bbp_total_reply_count":0,"_bbp_voice_count":0,"_bbp_anonymous_reply_count":0,"_bbp_topic_count_hidden":0,"_bbp_reply_count_hidden":0,"_bbp_forum_subforum_count":0,"footnotes":""},"class_list":["post-19","page","type-page","status-publish","hentry"],"post_mailing_queue_ids":[],"_links":{"self":[{"href":"https:\/\/agora.xtec.cat\/col-stma-trinitat\/wp-json\/wp\/v2\/pages\/19","targetHints":{"allow":["GET"]}}],"collection":[{"href":"https:\/\/agora.xtec.cat\/col-stma-trinitat\/wp-json\/wp\/v2\/pages"}],"about":[{"href":"https:\/\/agora.xtec.cat\/col-stma-trinitat\/wp-json\/wp\/v2\/types\/page"}],"author":[{"embeddable":true,"href":"https:\/\/agora.xtec.cat\/col-stma-trinitat\/wp-json\/wp\/v2\/users\/1"}],"replies":[{"embeddable":true,"href":"https:\/\/agora.xtec.cat\/col-stma-trinitat\/wp-json\/wp\/v2\/comments?post=19"}],"version-history":[{"count":3,"href":"https:\/\/agora.xtec.cat\/col-stma-trinitat\/wp-json\/wp\/v2\/pages\/19\/revisions"}],"predecessor-version":[{"id":496,"href":"https:\/\/agora.xtec.cat\/col-stma-trinitat\/wp-json\/wp\/v2\/pages\/19\/revisions\/496"}],"wp:attachment":[{"href":"https:\/\/agora.xtec.cat\/col-stma-trinitat\/wp-json\/wp\/v2\/media?parent=19"}],"curies":[{"name":"wp","href":"https:\/\/api.w.org\/{rel}","templated":true}]}}