{"id":1126,"date":"2017-01-19T19:04:34","date_gmt":"2017-01-19T18:04:34","guid":{"rendered":"http:\/\/agora.xtec.cat\/col-stma-trinitat\/?page_id=1126"},"modified":"2019-03-05T10:55:17","modified_gmt":"2019-03-05T09:55:17","slug":"curs-2017-2018-calendari-preinscripcio-i-matricula","status":"publish","type":"page","link":"https:\/\/agora.xtec.cat\/col-stma-trinitat\/secretaria\/curs-2017-2018-calendari-preinscripcio-i-matricula\/","title":{"rendered":"Curs 2019-2020. Calendari preinscripci\u00f3 i matr\u00edcula"},"content":{"rendered":"<p>El\u00a0 proppassat dia 1 de mar\u00e7 es va publicar la disposici\u00f3 la RESOLUCI\u00d3 EDU\/452\/2019, de 21 de febrer, per la qual s&#8217;aproven les normes de preinscripci\u00f3 i<br \/>\nmatr\u00edcula d&#8217;alumnes als centres del Servei d&#8217;Educaci\u00f3 de Catalunya i altres centres educatius, en els diversos ensenyaments sostinguts amb fons p\u00fablics, per al curs 2019-2020.<br \/>\nEn destaquem ara algun dels aspectes.<br \/>\n1. Calendaris<br \/>\nEducaci\u00f3 infantil segon cicle, prim\u00e0ria i ESO<br \/>\n\uf0fc Presentaci\u00f3 de sol\u00b7licituds: del <strong>29 de mar\u00e7 al 9 d&#8217;abril de 2019<\/strong><br \/>\n\uf0fc Llista de sol\u00b7licituds amb la puntuaci\u00f3 provisional: 26 d&#8217;abril de 2019<br \/>\n\uf0fc Presentaci\u00f3 de reclamacions: del 29 d&#8217;abril al 3 de maig de 2019<br \/>\n\uf0fc Llista de sol\u00b7licituds amb la puntuaci\u00f3 un cop resoltes les reclamacions: 8 de maig de 2019<br \/>\n\uf0fc Sorteig del n\u00famero de desempat: 9 de maig de 2019, a les 11 h.<br \/>\n\uf0fc Llista ordenada definitiva: 14 de maig de 2019<br \/>\n\uf0fc Ampliaci\u00f3 de petici\u00f3 de centres per a les sol\u00b7licituds que no han obtingut cap assignaci\u00f3 (assignaci\u00f3 d&#8217;ofici): del 30 de maig al 3 de juny de 2019<br \/>\n\uf0fc Oferta final de places escolars: 11 de juny de 2019<br \/>\n\uf0fc Llista d&#8217;alumnes admesos i llista d&#8217;espera: <strong>12 de juny de 2019<\/strong><br \/>\nMatr\u00edcula:<br \/>\n\uf0fc Alumnes preinscrits amb pla\u00e7a assignada a segon cicle d&#8217;educaci\u00f3 infantil, educaci\u00f3 prim\u00e0ria i primer curs d&#8217;ESO: del <strong>20 al 26 de juny de 2019<\/strong><br \/>\n\uf0fc Alumnes preinscrits amb pla\u00e7a assignada a 2n, 3r i 4t d&#8217;ESO: del <strong>27 de juny al 3 de juliol de 2019<\/strong><br \/>\n\uf0fc La llista d&#8217;alumnes matriculats al centre procedents del proc\u00e9s de preinscripci\u00f3 i admissi\u00f3 es publica l&#8217;1 d&#8217;octubre de 2019.<\/p>\n","protected":false},"excerpt":{"rendered":"<p>El\u00a0 proppassat dia 1 de mar\u00e7 es va publicar la disposici\u00f3 la RESOLUCI\u00d3 EDU\/452\/2019, de 21 de febrer, per la qual s&#8217;aproven les normes de preinscripci\u00f3 i<br \/>\nmatr\u00edcula d&#8217;alumnes als centres del Servei d&#8217;Educaci\u00f3 de Catalunya i altres centres educatius, en els diversos ensenyaments sostinguts amb&hellip;  <a href=\"https:\/\/agora.xtec.cat\/col-stma-trinitat\/secretaria\/curs-2017-2018-calendari-preinscripcio-i-matricula\/\" title=\"Read Curs 2019-2020. Calendari preinscripci\u00f3 i matr\u00edcula\">Llegeix m\u00e9s\u00bb<\/a><\/p>\n","protected":false},"author":1,"featured_media":0,"parent":81,"menu_order":0,"comment_status":"closed","ping_status":"closed","template":"page-templates\/side-menu.php","meta":{"_bbp_topic_count":0,"_bbp_reply_count":0,"_bbp_total_topic_count":0,"_bbp_total_reply_count":0,"_bbp_voice_count":0,"_bbp_anonymous_reply_count":0,"_bbp_topic_count_hidden":0,"_bbp_reply_count_hidden":0,"_bbp_forum_subforum_count":0,"footnotes":""},"class_list":["post-1126","page","type-page","status-publish","hentry"],"post_mailing_queue_ids":[],"_links":{"self":[{"href":"https:\/\/agora.xtec.cat\/col-stma-trinitat\/wp-json\/wp\/v2\/pages\/1126","targetHints":{"allow":["GET"]}}],"collection":[{"href":"https:\/\/agora.xtec.cat\/col-stma-trinitat\/wp-json\/wp\/v2\/pages"}],"about":[{"href":"https:\/\/agora.xtec.cat\/col-stma-trinitat\/wp-json\/wp\/v2\/types\/page"}],"author":[{"embeddable":true,"href":"https:\/\/agora.xtec.cat\/col-stma-trinitat\/wp-json\/wp\/v2\/users\/1"}],"replies":[{"embeddable":true,"href":"https:\/\/agora.xtec.cat\/col-stma-trinitat\/wp-json\/wp\/v2\/comments?post=1126"}],"version-history":[{"count":3,"href":"https:\/\/agora.xtec.cat\/col-stma-trinitat\/wp-json\/wp\/v2\/pages\/1126\/revisions"}],"predecessor-version":[{"id":4906,"href":"https:\/\/agora.xtec.cat\/col-stma-trinitat\/wp-json\/wp\/v2\/pages\/1126\/revisions\/4906"}],"up":[{"embeddable":true,"href":"https:\/\/agora.xtec.cat\/col-stma-trinitat\/wp-json\/wp\/v2\/pages\/81"}],"wp:attachment":[{"href":"https:\/\/agora.xtec.cat\/col-stma-trinitat\/wp-json\/wp\/v2\/media?parent=1126"}],"curies":[{"name":"wp","href":"https:\/\/api.w.org\/{rel}","templated":true}]}}