{"id":9,"date":"2026-04-27T09:30:18","date_gmt":"2026-04-27T07:30:18","guid":{"rendered":"http:\/\/agora.xtec.cat\/col-santateresa\/?page_id=9"},"modified":"2026-04-29T12:00:43","modified_gmt":"2026-04-29T10:00:43","slug":"pagina-dinici-buida","status":"publish","type":"page","link":"https:\/\/agora.xtec.cat\/col-santateresa\/","title":{"rendered":"PREINSCRIPCIONS. CURS 2026-27"},"content":{"rendered":"<p style=\"text-align: center;\"><img decoding=\"async\" src=\"https:\/\/drive.google.com\/thumbnail?id=1vIroN744X9oF6Tbezvmro9QnvuGr9y1f&amp;sz=w800\" \/><\/p>\n<h4 style=\"text-align: center;\"><strong><span style=\"color: #008000;\">3 de mar\u00e7:<\/span><\/strong><\/h4>\n<h4 style=\"text-align: center;\"><a href=\"https:\/\/agora.xtec.cat\/col-santateresa\/wp-content\/uploads\/usu645\/2026\/04\/INFORME_OFERTA_OME_INFORME_OFERTA.pdf\" target=\"_blank\" rel=\"noopener\"><strong>PUBLICACI\u00d3 DE L&#8217;OFERTA INICIAL<\/strong><\/a><\/h4>\n<h4 style=\"text-align: center;\"><strong><span style=\"color: #008000;\">15 d&#8217;abril:<\/span><\/strong><\/h4>\n<h4 style=\"text-align: center;\"><a href=\"https:\/\/agora.xtec.cat\/col-santateresa\/wp-content\/uploads\/usu645\/2026\/04\/INFORME_BAREM_PROVISIONAL_BAREM.pdf\" target=\"_blank\" rel=\"noopener\"><strong>PUBLICACI\u00d3 DE LA LLISTA DE SOL\u00b7LICITUDS amb la puntuaci\u00f3 provisional<\/strong><\/a><\/h4>\n<h4 style=\"text-align: center;\"><strong style=\"font-size: 20.8px;\"><span style=\"color: #008000;\">23 d&#8217;abril:<\/span><\/strong><\/h4>\n<h4 style=\"text-align: center;\"><a href=\"https:\/\/agora.xtec.cat\/col-santateresa\/wp-content\/uploads\/usu645\/2026\/04\/INFORME_BAREM_RESOLTES_BAREM.pdf\" target=\"_blank\" rel=\"noopener\"><strong style=\"font-size: 20.8px;\">PUBLICACI\u00d3 DE LA LLISTA DE SOL\u00b7LICITUDS amb la puntuaci\u00f3 resoltes les reclamacions<\/strong><\/a><\/h4>\n<h4 style=\"text-align: center;\"><strong style=\"font-size: 20.8px;\"><span style=\"color: #008000;\">29 d&#8217;abril:<\/span><\/strong><\/h4>\n<h4 style=\"text-align: center;\"><a href=\"https:\/\/agora.xtec.cat\/col-santateresa\/wp-content\/uploads\/usu645\/2026\/04\/INFORME_BAREM_DEFINITIU_BAREM.pdf\">PUBLICACI\u00d3 BAREM DEFINITIU<\/a><\/h4>\n<p><strong style=\"font-size: 14px;\"><span style=\"color: #666699;\"><em>+Informaci\u00f3: <a style=\"color: #666699;\" href=\"https:\/\/preinscripcio.gencat.cat\/ca\/detalls\/noticia\/dates-preinscripcio-2026-2027\" target=\"_blank\" rel=\"noopener\">gencat<\/a><\/em><\/span><\/strong><\/p>\n","protected":false},"excerpt":{"rendered":"<p>3 de mar\u00e7: PUBLICACI\u00d3 DE L&#8217;OFERTA INICIAL 15 d&#8217;abril: PUBLICACI\u00d3 DE LA LLISTA DE SOL\u00b7LICITUDS amb la puntuaci\u00f3 provisional 23 [&hellip;]<\/p>\n","protected":false},"author":1,"featured_media":0,"parent":7,"menu_order":0,"comment_status":"closed","ping_status":"closed","template":"","meta":{"_bbp_topic_count":0,"_bbp_reply_count":0,"_bbp_total_topic_count":0,"_bbp_total_reply_count":0,"_bbp_voice_count":0,"_bbp_anonymous_reply_count":0,"_bbp_topic_count_hidden":0,"_bbp_reply_count_hidden":0,"_bbp_forum_subforum_count":0,"site-sidebar-layout":"default","site-content-layout":"","ast-site-content-layout":"default","site-content-style":"default","site-sidebar-style":"default","ast-global-header-display":"","ast-banner-title-visibility":"","ast-main-header-display":"","ast-hfb-above-header-display":"","ast-hfb-below-header-display":"","ast-hfb-mobile-header-display":"","site-post-title":"","ast-breadcrumbs-content":"","ast-featured-img":"","footer-sml-layout":"","theme-transparent-header-meta":"default","adv-header-id-meta":"","stick-header-meta":"","header-above-stick-meta":"","header-main-stick-meta":"","header-below-stick-meta":"","astra-migrate-meta-layouts":"set","ast-page-background-enabled":"default","ast-page-background-meta":{"desktop":{"background-color":"var(--ast-global-color-4)","background-image":"","background-repeat":"repeat","background-position":"center center","background-size":"auto","background-attachment":"scroll","background-type":"","background-media":"","overlay-type":"","overlay-color":"","overlay-opacity":"","overlay-gradient":""},"tablet":{"background-color":"","background-image":"","background-repeat":"repeat","background-position":"center center","background-size":"auto","background-attachment":"scroll","background-type":"","background-media":"","overlay-type":"","overlay-color":"","overlay-opacity":"","overlay-gradient":""},"mobile":{"background-color":"","background-image":"","background-repeat":"repeat","background-position":"center center","background-size":"auto","background-attachment":"scroll","background-type":"","background-media":"","overlay-type":"","overlay-color":"","overlay-opacity":"","overlay-gradient":""}},"ast-content-background-meta":{"desktop":{"background-color":"var(--ast-global-color-5)","background-image":"","background-repeat":"repeat","background-position":"center center","background-size":"auto","background-attachment":"scroll","background-type":"","background-media":"","overlay-type":"","overlay-color":"","overlay-opacity":"","overlay-gradient":""},"tablet":{"background-color":"var(--ast-global-color-5)","background-image":"","background-repeat":"repeat","background-position":"center center","background-size":"auto","background-attachment":"scroll","background-type":"","background-media":"","overlay-type":"","overlay-color":"","overlay-opacity":"","overlay-gradient":""},"mobile":{"background-color":"var(--ast-global-color-5)","background-image":"","background-repeat":"repeat","background-position":"center center","background-size":"auto","background-attachment":"scroll","background-type":"","background-media":"","overlay-type":"","overlay-color":"","overlay-opacity":"","overlay-gradient":""}},"footnotes":""},"class_list":["post-9","page","type-page","status-publish","hentry"],"post_mailing_queue_ids":[],"_links":{"self":[{"href":"https:\/\/agora.xtec.cat\/col-santateresa\/wp-json\/wp\/v2\/pages\/9","targetHints":{"allow":["GET"]}}],"collection":[{"href":"https:\/\/agora.xtec.cat\/col-santateresa\/wp-json\/wp\/v2\/pages"}],"about":[{"href":"https:\/\/agora.xtec.cat\/col-santateresa\/wp-json\/wp\/v2\/types\/page"}],"author":[{"embeddable":true,"href":"https:\/\/agora.xtec.cat\/col-santateresa\/wp-json\/wp\/v2\/users\/1"}],"replies":[{"embeddable":true,"href":"https:\/\/agora.xtec.cat\/col-santateresa\/wp-json\/wp\/v2\/comments?post=9"}],"version-history":[{"count":6,"href":"https:\/\/agora.xtec.cat\/col-santateresa\/wp-json\/wp\/v2\/pages\/9\/revisions"}],"predecessor-version":[{"id":3832,"href":"https:\/\/agora.xtec.cat\/col-santateresa\/wp-json\/wp\/v2\/pages\/9\/revisions\/3832"}],"up":[{"embeddable":true,"href":"https:\/\/agora.xtec.cat\/col-santateresa\/wp-json\/wp\/v2\/pages\/7"}],"wp:attachment":[{"href":"https:\/\/agora.xtec.cat\/col-santateresa\/wp-json\/wp\/v2\/media?parent=9"}],"curies":[{"name":"wp","href":"https:\/\/api.w.org\/{rel}","templated":true}]}}