{"id":714,"date":"2017-02-06T09:21:55","date_gmt":"2017-02-06T08:21:55","guid":{"rendered":"http:\/\/agora.xtec.cat\/col-santateresa\/?page_id=714"},"modified":"2023-03-22T14:50:35","modified_gmt":"2023-03-22T13:50:35","slug":"eso-2","status":"publish","type":"page","link":"https:\/\/agora.xtec.cat\/col-santateresa\/lescola\/qui-som\/eso-2\/","title":{"rendered":"ESO"},"content":{"rendered":"<p style=\"text-align: center;\">\r\n\t<div class=\"slideshow_container slideshow_container_style-light\" style=\"height: 300px; \" data-slideshow-id=\"1603\" data-style-name=\"style-light\" data-style-version=\"2.3.1\" >\r\n\r\n\t\t\t\t\t<div class=\"slideshow_loading_icon\"><\/div>\r\n\t\t\r\n\t\t<div class=\"slideshow_content\" style=\"display: none;\">\r\n\r\n\t\t\t<div class=\"slideshow_view\">\r\n\t\t\t\t<div class=\"slideshow_slide slideshow_slide_image\">\r\n\t\t\t\t\t\t\t\t\t\t\t<img src=\"https:\/\/agora.xtec.cat\/col-santateresa\/wp-content\/uploads\/usu645\/2019\/03\/ROB\u00d2TICA-1.jpg\" alt=\"ROB\u00d2TICA (1)\" width=\"849\" height=\"912\" \/>\r\n\t\t\t\t\t\t\t\t\t\t<div class=\"slideshow_description_box slideshow_transparent\">\r\n\t\t\t\t\t\t\t\t\t\t\t\t\t\t\t\t\t<\/div>\r\n\t\t\t\t<\/div>\r\n\r\n\t\t\t\t\t\t<div style=\"clear: both;\"><\/div><\/div><div class=\"slideshow_view\">\r\n\t\t\t\t<div class=\"slideshow_slide slideshow_slide_image\">\r\n\t\t\t\t\t\t\t\t\t\t\t<img src=\"https:\/\/agora.xtec.cat\/col-santateresa\/wp-content\/uploads\/usu645\/2019\/03\/32169769_2070326136583905_5159714460893446144_n.jpg\" alt=\"32169769_2070326136583905_5159714460893446144_n\" width=\"960\" height=\"720\" \/>\r\n\t\t\t\t\t\t\t\t\t\t<div class=\"slideshow_description_box slideshow_transparent\">\r\n\t\t\t\t\t\t\t\t\t\t\t\t\t\t\t\t\t<\/div>\r\n\t\t\t\t<\/div>\r\n\r\n\t\t\t\t\t\t<div style=\"clear: both;\"><\/div><\/div><div class=\"slideshow_view\">\r\n\t\t\t\t<div class=\"slideshow_slide slideshow_slide_image\">\r\n\t\t\t\t\t\t\t\t\t\t\t<img src=\"https:\/\/agora.xtec.cat\/col-santateresa\/wp-content\/uploads\/usu645\/2019\/03\/45863289_2205155629767621_3815148152579686400_n.jpg\" alt=\"45863289_2205155629767621_3815148152579686400_n\" width=\"960\" height=\"720\" \/>\r\n\t\t\t\t\t\t\t\t\t\t<div class=\"slideshow_description_box slideshow_transparent\">\r\n\t\t\t\t\t\t\t\t\t\t\t\t\t\t\t\t\t<\/div>\r\n\t\t\t\t<\/div>\r\n\r\n\t\t\t\t\t\t<div style=\"clear: both;\"><\/div><\/div><div class=\"slideshow_view\">\r\n\t\t\t\t<div class=\"slideshow_slide slideshow_slide_image\">\r\n\t\t\t\t\t\t\t\t\t\t\t<img src=\"https:\/\/agora.xtec.cat\/col-santateresa\/wp-content\/uploads\/usu645\/2019\/03\/IMG_1014-e1551437702148.jpg\" alt=\"IMG_1014\" width=\"1171\" height=\"806\" \/>\r\n\t\t\t\t\t\t\t\t\t\t<div class=\"slideshow_description_box slideshow_transparent\">\r\n\t\t\t\t\t\t\t\t\t\t\t\t\t\t\t\t\t<\/div>\r\n\t\t\t\t<\/div>\r\n\r\n\t\t\t\t\t\t<div style=\"clear: both;\"><\/div><\/div><div class=\"slideshow_view\">\t<div style=\"clear: both;\"><\/div><\/div>\r\n\t\t<\/div>\r\n\r\n\t\t<div class=\"slideshow_controlPanel slideshow_transparent\" style=\"display: none;\"><ul><li class=\"slideshow_togglePlay\" data-play-text=\"Visualitza\" data-pause-text=\"Pausa\"><\/li><\/ul><\/div>\r\n\r\n\t\t<div class=\"slideshow_button slideshow_previous slideshow_transparent\" role=\"button\" data-previous-text=\"Anterior\" style=\"display: none;\"><\/div>\r\n\t\t<div class=\"slideshow_button slideshow_next slideshow_transparent\" role=\"button\" data-next-text=\"Seg\u00fcent\" style=\"display: none;\"><\/div>\r\n\r\n\t\t<div class=\"slideshow_pagination\" style=\"display: none;\" data-go-to-text=\"V\u00e9s a la diapositiva\"><div class=\"slideshow_pagination_center\"><\/div><\/div>\r\n\r\n\t\t<!-- WordPress Slideshow Version 2.3.1 -->\r\n\r\n\t\t\t<\/div>\r\n\r\n<\/p>\n<p style=\"text-align: justify;\">L&#8217;etapa d&#8217;ESO correspon a l&#8217;edat dels 12 als 16 anys. L&#8217;equip docent que imparteix les classes als diferents grups fomenta:<\/p>\n<ul>\n<li>El treball de la interioritat per tal d\u2019afavorir la formaci\u00f3 integral de l\u2019alumnat.<\/li>\n<li>La millora de la compet\u00e8ncia ling\u00fc\u00edstica en llengua anglesa.<\/li>\n<li>Fem el treball de s\u00edntesi en angl\u00e8s, practiquem vocabulari espec\u00edfic i prioritzem\u00a0 les exposicions orals.<\/li>\n<li>\u00a0Potenciem el projecte de recerca en llengua anglesa.<\/li>\n<li>Potenciem l&#8217;speaking\u00a0 setmanalment.<\/li>\n<li>Fem la Pl\u00e0stica en angl\u00e8s als cursos on s&#8217;imparteix la mat\u00e8ria.<\/li>\n<li>Treballem aspectes de diferents \u00e0rees en angl\u00e8s ( biologia, emprenedoria, matem\u00e0tiques- resolucions de jocs i enigmes).<\/li>\n<li>Preparem pels ex\u00e0mens de Cambridge.<\/li>\n<li>El Franc\u00e8s com a segona llengua estrangera.<\/li>\n<li>El llenguatge de programaci\u00f3 i la Rob\u00f2tica.<\/li>\n<li>L&#8217;apropament de les matem\u00e0tiques a la realitat del dia a dia.<\/li>\n<li>El gust per la lectura.<\/li>\n<li>La participaci\u00f3 en el projecte del \u201cServei Comunitari\u201d.<\/li>\n<li>Els nois de 4t d&#8217;ESO fan voluntariat acompanyant els avis de la Resid\u00e8ncia Natzaret a la Fira de M\u00f3ra la Nova i a visitar les parades de llibres i roses per Sant Jordi.<\/li>\n<li>En grups programats els alumnes de 4t van a la Resid\u00e8ncia els dimarts a la tarda ( dia que no tenen classe al centre) i acompanyen els avis fent jocs, lectura&#8230; Veuen una altra realitat, treballen diferents\u00a0 valors de vida en un entorn proper i que per molts era desconegut fins ara.<\/li>\n<li>Els tallers de primers auxilis, socorrisme i DEA.<\/li>\n<li>L&#8217;\u00fas de les TIC treballant en les diferents \u00e0rees: Prezzi, Power Point, Glogster i BookTrailer&#8230;<\/li>\n<li>Anem introduint el treball cooperatiu a les diferents \u00e0rees.<\/li>\n<\/ul>\n","protected":false},"excerpt":{"rendered":"<p>L&#8217;etapa d&#8217;ESO correspon a l&#8217;edat dels 12 als 16 anys. L&#8217;equip docent que imparteix les classes als diferents grups fomenta: [&hellip;]<\/p>\n","protected":false},"author":1,"featured_media":0,"parent":26,"menu_order":30,"comment_status":"closed","ping_status":"closed","template":"","meta":{"_bbp_topic_count":0,"_bbp_reply_count":0,"_bbp_total_topic_count":0,"_bbp_total_reply_count":0,"_bbp_voice_count":0,"_bbp_anonymous_reply_count":0,"_bbp_topic_count_hidden":0,"_bbp_reply_count_hidden":0,"_bbp_forum_subforum_count":0,"site-sidebar-layout":"default","site-content-layout":"","ast-site-content-layout":"","site-content-style":"default","site-sidebar-style":"default","ast-global-header-display":"","ast-banner-title-visibility":"","ast-main-header-display":"","ast-hfb-above-header-display":"","ast-hfb-below-header-display":"","ast-hfb-mobile-header-display":"","site-post-title":"","ast-breadcrumbs-content":"","ast-featured-img":"","footer-sml-layout":"","theme-transparent-header-meta":"","adv-header-id-meta":"","stick-header-meta":"","header-above-stick-meta":"","header-main-stick-meta":"","header-below-stick-meta":"","astra-migrate-meta-layouts":"default","ast-page-background-enabled":"default","ast-page-background-meta":{"desktop":{"background-color":"var(--ast-global-color-4)","background-image":"","background-repeat":"repeat","background-position":"center center","background-size":"auto","background-attachment":"scroll","background-type":"","background-media":"","overlay-type":"","overlay-color":"","overlay-opacity":"","overlay-gradient":""},"tablet":{"background-color":"","background-image":"","background-repeat":"repeat","background-position":"center center","background-size":"auto","background-attachment":"scroll","background-type":"","background-media":"","overlay-type":"","overlay-color":"","overlay-opacity":"","overlay-gradient":""},"mobile":{"background-color":"","background-image":"","background-repeat":"repeat","background-position":"center center","background-size":"auto","background-attachment":"scroll","background-type":"","background-media":"","overlay-type":"","overlay-color":"","overlay-opacity":"","overlay-gradient":""}},"ast-content-background-meta":{"desktop":{"background-color":"var(--ast-global-color-5)","background-image":"","background-repeat":"repeat","background-position":"center center","background-size":"auto","background-attachment":"scroll","background-type":"","background-media":"","overlay-type":"","overlay-color":"","overlay-opacity":"","overlay-gradient":""},"tablet":{"background-color":"var(--ast-global-color-5)","background-image":"","background-repeat":"repeat","background-position":"center center","background-size":"auto","background-attachment":"scroll","background-type":"","background-media":"","overlay-type":"","overlay-color":"","overlay-opacity":"","overlay-gradient":""},"mobile":{"background-color":"var(--ast-global-color-5)","background-image":"","background-repeat":"repeat","background-position":"center center","background-size":"auto","background-attachment":"scroll","background-type":"","background-media":"","overlay-type":"","overlay-color":"","overlay-opacity":"","overlay-gradient":""}},"footnotes":""},"class_list":["post-714","page","type-page","status-publish","hentry"],"post_mailing_queue_ids":[],"_links":{"self":[{"href":"https:\/\/agora.xtec.cat\/col-santateresa\/wp-json\/wp\/v2\/pages\/714","targetHints":{"allow":["GET"]}}],"collection":[{"href":"https:\/\/agora.xtec.cat\/col-santateresa\/wp-json\/wp\/v2\/pages"}],"about":[{"href":"https:\/\/agora.xtec.cat\/col-santateresa\/wp-json\/wp\/v2\/types\/page"}],"author":[{"embeddable":true,"href":"https:\/\/agora.xtec.cat\/col-santateresa\/wp-json\/wp\/v2\/users\/1"}],"replies":[{"embeddable":true,"href":"https:\/\/agora.xtec.cat\/col-santateresa\/wp-json\/wp\/v2\/comments?post=714"}],"version-history":[{"count":3,"href":"https:\/\/agora.xtec.cat\/col-santateresa\/wp-json\/wp\/v2\/pages\/714\/revisions"}],"predecessor-version":[{"id":1606,"href":"https:\/\/agora.xtec.cat\/col-santateresa\/wp-json\/wp\/v2\/pages\/714\/revisions\/1606"}],"up":[{"embeddable":true,"href":"https:\/\/agora.xtec.cat\/col-santateresa\/wp-json\/wp\/v2\/pages\/26"}],"wp:attachment":[{"href":"https:\/\/agora.xtec.cat\/col-santateresa\/wp-json\/wp\/v2\/media?parent=714"}],"curies":[{"name":"wp","href":"https:\/\/api.w.org\/{rel}","templated":true}]}}