{"id":77,"date":"2014-09-18T14:05:08","date_gmt":"2014-09-18T13:05:08","guid":{"rendered":"http:\/\/agora.xtec.cat\/col-sanfranciscojavier\/?page_id=77"},"modified":"2020-05-13T21:01:03","modified_gmt":"2020-05-13T19:01:03","slug":"acollida","status":"publish","type":"page","link":"https:\/\/agora.xtec.cat\/col-sanfranciscojavier\/pagina-exemple\/acollida\/","title":{"rendered":"Escola inclusiva"},"content":{"rendered":"<h3>Atenci\u00f3 a la diversitat: Aula d&#8217;acollida<\/h3>\n<p>El nostre centre t\u00e9 un unitat concertada d&#8217;Aula d&#8217;Acollida. Aquesta aula t\u00e9 com a objectiu prioritari la integraci\u00f3 del alumnat nouvingut a la societat i al nostre sistema educatiu.<\/p>\n<p>Una de les caracter\u00edstiques del nostre centre \u00e9s la diversitat de \u00e8tnies i diferents cultures, a m\u00e9s dels alumnes que presenten necessitats educatives especials o d&#8217;Integraci\u00f3. El nostre centre flexibilitza l&#8217;organitzaci\u00f3 de les aules en grups redu\u00efts d&#8217;alumnes de classe o cicle segon els ritmes de aprenentatge, les capacitats i interessos dels nostres alumnes amb la finalitat d&#8217;evitar el frac\u00e0s escolar molt prematur i, d&#8217;altra banda, el fre que suposa per als alumnes m\u00e9s ben capacitats treballar en una estructura r\u00edgida i igualit\u00e0ria.<\/p>\n<p>Les caracter\u00edstiques que regeixen aquestes agrupacions flexibles s\u00f3n:<\/p>\n<ul>\n<li>No s\u00f3n grups tancats. Un alumne o una alumna pot anar canviant d&#8217;un grup a un altre en funci\u00f3 del volum de coneixements que vagi adquirint, del seu ritme d&#8217;aprenentatge i dels interessos i prefer\u00e8ncies personals.<\/li>\n<li>Les activitats que es proposen s\u00f3n variades, motivadores i adaptades a les diferents capacitats i ritmes d&#8217;aprenentatge individuals.<\/li>\n<li>La metodologia \u00e9s activa, procurant partir sempre de les experi\u00e8ncies dels alumnes en el seu entorn pr\u00f2xim.<\/li>\n<li>Els materials curriculars s\u00f3n molt diversos.<\/li>\n<li>L&#8217;avaluaci\u00f3 \u00e9s individual i cont\u00ednua.<\/li>\n<li>Tenen un marcat car\u00e0cter preventiu i integrador, responent a la creixent diversitat de l&#8217;alumnat.<\/li>\n<\/ul>\n","protected":false},"excerpt":{"rendered":"<p>Atenci\u00f3 a la diversitat: Aula d&#8217;acollida<br \/>\nEl nostre centre t\u00e9 un unitat concertada d&#8217;Aula d&#8217;Acollida. Aquesta aula t\u00e9 com a objectiu prioritari la integraci\u00f3 del alumnat nouvingut a la societat i al nostre sistema educatiu.<br \/>\nUna de les caracter\u00edstiques del nostre centre \u00e9s la diversitat de \u00e8tnies&hellip;  <a href=\"https:\/\/agora.xtec.cat\/col-sanfranciscojavier\/pagina-exemple\/acollida\/\" title=\"Read Escola inclusiva\">Llegeix m\u00e9s\u00bb<\/a><\/p>\n","protected":false},"author":1,"featured_media":0,"parent":2,"menu_order":23,"comment_status":"closed","ping_status":"closed","template":"page-templates\/side-menu.php","meta":{"_bbp_topic_count":0,"_bbp_reply_count":0,"_bbp_total_topic_count":0,"_bbp_total_reply_count":0,"_bbp_voice_count":0,"_bbp_anonymous_reply_count":0,"_bbp_topic_count_hidden":0,"_bbp_reply_count_hidden":0,"_bbp_forum_subforum_count":0,"footnotes":""},"class_list":["post-77","page","type-page","status-publish","hentry"],"post_mailing_queue_ids":[],"_links":{"self":[{"href":"https:\/\/agora.xtec.cat\/col-sanfranciscojavier\/wp-json\/wp\/v2\/pages\/77","targetHints":{"allow":["GET"]}}],"collection":[{"href":"https:\/\/agora.xtec.cat\/col-sanfranciscojavier\/wp-json\/wp\/v2\/pages"}],"about":[{"href":"https:\/\/agora.xtec.cat\/col-sanfranciscojavier\/wp-json\/wp\/v2\/types\/page"}],"author":[{"embeddable":true,"href":"https:\/\/agora.xtec.cat\/col-sanfranciscojavier\/wp-json\/wp\/v2\/users\/1"}],"replies":[{"embeddable":true,"href":"https:\/\/agora.xtec.cat\/col-sanfranciscojavier\/wp-json\/wp\/v2\/comments?post=77"}],"version-history":[{"count":3,"href":"https:\/\/agora.xtec.cat\/col-sanfranciscojavier\/wp-json\/wp\/v2\/pages\/77\/revisions"}],"predecessor-version":[{"id":669,"href":"https:\/\/agora.xtec.cat\/col-sanfranciscojavier\/wp-json\/wp\/v2\/pages\/77\/revisions\/669"}],"up":[{"embeddable":true,"href":"https:\/\/agora.xtec.cat\/col-sanfranciscojavier\/wp-json\/wp\/v2\/pages\/2"}],"wp:attachment":[{"href":"https:\/\/agora.xtec.cat\/col-sanfranciscojavier\/wp-json\/wp\/v2\/media?parent=77"}],"curies":[{"name":"wp","href":"https:\/\/api.w.org\/{rel}","templated":true}]}}