{"id":723,"date":"2023-05-13T11:36:51","date_gmt":"2023-05-13T09:36:51","guid":{"rendered":"https:\/\/agora.xtec.cat\/col-sanfranciscojavier\/?page_id=723"},"modified":"2023-09-25T14:01:06","modified_gmt":"2023-09-25T12:01:06","slug":"secretaria-administracio","status":"publish","type":"page","link":"https:\/\/agora.xtec.cat\/col-sanfranciscojavier\/secretaria-administracio\/","title":{"rendered":"Secretaria\/administraci\u00f3"},"content":{"rendered":"<h4><span style=\"color: #333399;\">Horari de secretaria i administraci\u00f3<\/span><\/h4>\n<p>Els horaris establerts per a l\u2019administraci\u00f3 econ\u00f2mica i documentaci\u00f3 acad\u00e8mica del centre s\u00f3n:<\/p>\n<p style=\"padding-left: 40px;\"><strong><span style=\"color: #666699;\">De dilluns a divendres:<\/span><\/strong><\/p>\n<ul>\n<li style=\"list-style-type: none;\">\n<ul>\n<li style=\"list-style-type: none;\">\n<ul>\n<li style=\"list-style-type: none;\">\n<ul>\n<li>Mat\u00ed: de 9\u00a0 a 13 hores<\/li>\n<li>Tarda: 15 a 18 hores<\/li>\n<\/ul>\n<\/li>\n<\/ul>\n<\/li>\n<\/ul>\n<\/li>\n<\/ul>\n<p style=\"padding-left: 40px;\"><strong><span style=\"color: #666699;\">Visites guiades: <\/span><\/strong>de dilluns a divendres<\/p>\n<ul>\n<li style=\"list-style-type: none;\">\n<ul>\n<li style=\"list-style-type: none;\">\n<ul>\n<li style=\"list-style-type: none;\">\n<ul>\n<li>Tarda: 17 a 18 hores.<\/li>\n<\/ul>\n<\/li>\n<\/ul>\n<\/li>\n<\/ul>\n<\/li>\n<\/ul>\n<p>&nbsp;<\/p>\n","protected":false},"excerpt":{"rendered":"<p>Horari de secretaria i administraci\u00f3<br \/>\nEls horaris establerts per a l\u2019administraci\u00f3 econ\u00f2mica i documentaci\u00f3 acad\u00e8mica del centre s\u00f3n:<br \/>\nDe dilluns a divendres:<\/p>\n<ul>\n<li style=\"list-style-type: none;\">\n<ul>\n<li style=\"list-style-type: none;\">\n<ul>\n<li style=\"list-style-type: none;\">\n<ul>\n<li>Mat\u00ed: de 9\u00a0 a 13 hores<\/li>\n<li>Tarda: 15 a 18 hores<\/li>\n<\/ul>\n<\/li>\n<\/ul>\n<\/li>\n<\/ul>\n<\/li>\n<\/ul>\n<p>Visites guiades: de dilluns a divendres<\/p>\n<ul>\n<li style=\"list-style-type: none;\">\n<ul>\n<li style=\"list-style-type: none;\">\n<ul>\n<li style=\"list-style-type:&hellip;  <a href=\"https:\/\/agora.xtec.cat\/col-sanfranciscojavier\/secretaria-administracio\/\" title=\"Read Secretaria\/administraci\u00f3\">Llegeix m\u00e9s\u00bb<\/a><br \/>\n","protected":false},"author":1,"featured_media":0,"parent":0,"menu_order":4,"comment_status":"closed","ping_status":"closed","template":"page-templates\/side-menu.php","meta":{"_bbp_topic_count":0,"_bbp_reply_count":0,"_bbp_total_topic_count":0,"_bbp_total_reply_count":0,"_bbp_voice_count":0,"_bbp_anonymous_reply_count":0,"_bbp_topic_count_hidden":0,"_bbp_reply_count_hidden":0,"_bbp_forum_subforum_count":0,"footnotes":""},"class_list":["post-723","page","type-page","status-publish","hentry"],"post_mailing_queue_ids":[],"_links":{"self":[{"href":"https:\/\/agora.xtec.cat\/col-sanfranciscojavier\/wp-json\/wp\/v2\/pages\/723","targetHints":{"allow":["GET"]}}],"collection":[{"href":"https:\/\/agora.xtec.cat\/col-sanfranciscojavier\/wp-json\/wp\/v2\/pages"}],"about":[{"href":"https:\/\/agora.xtec.cat\/col-sanfranciscojavier\/wp-json\/wp\/v2\/types\/page"}],"author":[{"embeddable":true,"href":"https:\/\/agora.xtec.cat\/col-sanfranciscojavier\/wp-json\/wp\/v2\/users\/1"}],"replies":[{"embeddable":true,"href":"https:\/\/agora.xtec.cat\/col-sanfranciscojavier\/wp-json\/wp\/v2\/comments?post=723"}],"version-history":[{"count":3,"href":"https:\/\/agora.xtec.cat\/col-sanfranciscojavier\/wp-json\/wp\/v2\/pages\/723\/revisions"}],"predecessor-version":[{"id":1151,"href":"https:\/\/agora.xtec.cat\/col-sanfranciscojavier\/wp-json\/wp\/v2\/pages\/723\/revisions\/1151"}],"wp:attachment":[{"href":"https:\/\/agora.xtec.cat\/col-sanfranciscojavier\/wp-json\/wp\/v2\/media?parent=723"}],"curies":[{"name":"wp","href":"https:\/\/api.w.org\/{rel}","templated":true}]}}