{"id":7,"date":"2014-09-17T15:07:41","date_gmt":"2014-09-17T14:07:41","guid":{"rendered":"http:\/\/agora.xtec.cat\/col-sanfranciscojavier\/?page_id=7"},"modified":"2025-10-23T02:05:31","modified_gmt":"2025-10-23T00:05:31","slug":"pagines-dinici","status":"publish","type":"page","link":"https:\/\/agora.xtec.cat\/col-sanfranciscojavier\/","title":{"rendered":"Inici"},"content":{"rendered":"<p>&nbsp;<\/p>\n<p>L&#8217;escola Sant Francesc Xavier va cessar la seva activitat educativa a finals del curs 2023-2024.<br \/>\nTota la documentaci\u00f3 acad\u00e8mica de les ensenyaments de Educaci\u00f3 Prim\u00e0ria i Educaci\u00f3 Secund\u00e0ria va ser dipositada a l&#8217;Institut XXV Olimp\u00edada de Barcelona. Per a qualsevol petici\u00f3 documental heu d&#8217;adre\u00e7ar-vos a:<\/p>\n<ul>\n<li>Institut XXV Olimp\u00edada de Barcelona<\/li>\n<li>Carrer de la D\u00e0lia, 2 Bis,<\/li>\n<li>Sants-Montju\u00efc, 08004 Barcelona<br \/>\nTel\u00e8fon: 932 89 06 30<\/li>\n<\/ul>\n<p><a href=\"https:\/\/agora.xtec.cat\/col-sanfranciscojavier\/pagina-exemple\/instal%c2%b7lacions\/attachment\/01_jpg\/\" rel=\"attachment wp-att-974\"><img loading=\"lazy\" decoding=\"async\" class=\"aligncenter  wp-image-974\" src=\"https:\/\/agora.xtec.cat\/col-sanfranciscojavier\/wp-content\/uploads\/usu2069\/2021\/02\/01_jpg.jpg\" alt=\"\" width=\"380\" height=\"285\" \/><\/a><\/p>\n<p>&nbsp;<\/p>\n","protected":false},"excerpt":{"rendered":"<p>&nbsp;<br \/>\nL&#8217;escola Sant Francesc Xavier va cessar la seva activitat educativa a finals del curs 2023-2024.<br \/>\nTota la documentaci\u00f3 acad\u00e8mica de les ensenyaments de Educaci\u00f3 Prim\u00e0ria i Educaci\u00f3 Secund\u00e0ria va ser dipositada a l&#8217;Institut XXV Olimp\u00edada de Barcelona. Per a qualsevol petici\u00f3 documental heu d&#8217;adre\u00e7ar-vos a:<\/p>\n<ul>\n<li>Institut XXV&hellip;  <a href=\"https:\/\/agora.xtec.cat\/col-sanfranciscojavier\/\" title=\"Read Inici\">Llegeix m\u00e9s\u00bb<\/a><br \/>\n","protected":false},"author":1,"featured_media":0,"parent":0,"menu_order":0,"comment_status":"closed","ping_status":"closed","template":"","meta":{"_bbp_topic_count":0,"_bbp_reply_count":0,"_bbp_total_topic_count":0,"_bbp_total_reply_count":0,"_bbp_voice_count":0,"_bbp_anonymous_reply_count":0,"_bbp_topic_count_hidden":0,"_bbp_reply_count_hidden":0,"_bbp_forum_subforum_count":0,"footnotes":""},"class_list":["post-7","page","type-page","status-publish","hentry"],"post_mailing_queue_ids":[],"_links":{"self":[{"href":"https:\/\/agora.xtec.cat\/col-sanfranciscojavier\/wp-json\/wp\/v2\/pages\/7","targetHints":{"allow":["GET"]}}],"collection":[{"href":"https:\/\/agora.xtec.cat\/col-sanfranciscojavier\/wp-json\/wp\/v2\/pages"}],"about":[{"href":"https:\/\/agora.xtec.cat\/col-sanfranciscojavier\/wp-json\/wp\/v2\/types\/page"}],"author":[{"embeddable":true,"href":"https:\/\/agora.xtec.cat\/col-sanfranciscojavier\/wp-json\/wp\/v2\/users\/1"}],"replies":[{"embeddable":true,"href":"https:\/\/agora.xtec.cat\/col-sanfranciscojavier\/wp-json\/wp\/v2\/comments?post=7"}],"version-history":[{"count":5,"href":"https:\/\/agora.xtec.cat\/col-sanfranciscojavier\/wp-json\/wp\/v2\/pages\/7\/revisions"}],"predecessor-version":[{"id":1202,"href":"https:\/\/agora.xtec.cat\/col-sanfranciscojavier\/wp-json\/wp\/v2\/pages\/7\/revisions\/1202"}],"wp:attachment":[{"href":"https:\/\/agora.xtec.cat\/col-sanfranciscojavier\/wp-json\/wp\/v2\/media?parent=7"}],"curies":[{"name":"wp","href":"https:\/\/api.w.org\/{rel}","templated":true}]}}