{"id":656,"date":"2020-05-13T09:45:03","date_gmt":"2020-05-13T07:45:03","guid":{"rendered":"https:\/\/agora.xtec.cat\/col-sanfranciscojavier\/?page_id=656"},"modified":"2020-05-13T10:15:08","modified_gmt":"2020-05-13T08:15:08","slug":"servei-menjador","status":"publish","type":"page","link":"https:\/\/agora.xtec.cat\/col-sanfranciscojavier\/serveis\/servei-menjador\/","title":{"rendered":"Servei menjador"},"content":{"rendered":"<p>El menjador escolar \u00e9s un servei que ofereix l\u2019escola a les fam\u00edlies. La franja hor\u00e0ria que abasta forma part d\u2019un temps que engloba el moment de dinar i el temps de lleure. \u00c9s un espai idoni per desenvolupar l\u2019autonomia i la personalitat dels infants.<\/p>\n<p>Aquest servei l\u2019ofereix i lo gestiona la Titularitat del nostre centre mitjan\u00e7ant l\u2019organitzaci\u00f3, monitoratge i funcionament de la seva cuina pr\u00f2pia.<\/p>\n<p>L\u2019atenci\u00f3 a les fam\u00edlies \u00e9s a les nou del mat\u00ed, a consergeria.<\/p>\n<h5>Espai de migdia<\/h5>\n<p>Durant la franja hor\u00e0ria de migdia, des de les 13 hores fins a les 15 hores, a m\u00e9s a m\u00e9s de dinar, els alumnes que fan \u00fas d\u2019aquest espai, realitzen altres activitats, com:<\/p>\n<ul>\n<li>EP i ESO, participen en activitats de lleure.<\/li>\n<li>EI, participen en ludoteca i audiovisuals.<\/li>\n<\/ul>\n<p>Els recordem que tots aquests serveis cal sol\u00b7licitar-los a la recepci\u00f3 del centre.<\/p>\n","protected":false},"excerpt":{"rendered":"<p>El menjador escolar \u00e9s un servei que ofereix l\u2019escola a les fam\u00edlies. La franja hor\u00e0ria que abasta forma part d\u2019un temps que engloba el moment de dinar i el temps de lleure. \u00c9s un espai idoni per desenvolupar l\u2019autonomia i la personalitat dels infants.<br \/>\nAquest servei&hellip;  <a href=\"https:\/\/agora.xtec.cat\/col-sanfranciscojavier\/serveis\/servei-menjador\/\" title=\"Read Servei menjador\">Llegeix m\u00e9s\u00bb<\/a><\/p>\n","protected":false},"author":1,"featured_media":0,"parent":66,"menu_order":0,"comment_status":"closed","ping_status":"closed","template":"page-templates\/side-menu.php","meta":{"_bbp_topic_count":0,"_bbp_reply_count":0,"_bbp_total_topic_count":0,"_bbp_total_reply_count":0,"_bbp_voice_count":0,"_bbp_anonymous_reply_count":0,"_bbp_topic_count_hidden":0,"_bbp_reply_count_hidden":0,"_bbp_forum_subforum_count":0,"footnotes":""},"class_list":["post-656","page","type-page","status-publish","hentry"],"post_mailing_queue_ids":[],"_links":{"self":[{"href":"https:\/\/agora.xtec.cat\/col-sanfranciscojavier\/wp-json\/wp\/v2\/pages\/656","targetHints":{"allow":["GET"]}}],"collection":[{"href":"https:\/\/agora.xtec.cat\/col-sanfranciscojavier\/wp-json\/wp\/v2\/pages"}],"about":[{"href":"https:\/\/agora.xtec.cat\/col-sanfranciscojavier\/wp-json\/wp\/v2\/types\/page"}],"author":[{"embeddable":true,"href":"https:\/\/agora.xtec.cat\/col-sanfranciscojavier\/wp-json\/wp\/v2\/users\/1"}],"replies":[{"embeddable":true,"href":"https:\/\/agora.xtec.cat\/col-sanfranciscojavier\/wp-json\/wp\/v2\/comments?post=656"}],"version-history":[{"count":1,"href":"https:\/\/agora.xtec.cat\/col-sanfranciscojavier\/wp-json\/wp\/v2\/pages\/656\/revisions"}],"predecessor-version":[{"id":657,"href":"https:\/\/agora.xtec.cat\/col-sanfranciscojavier\/wp-json\/wp\/v2\/pages\/656\/revisions\/657"}],"up":[{"embeddable":true,"href":"https:\/\/agora.xtec.cat\/col-sanfranciscojavier\/wp-json\/wp\/v2\/pages\/66"}],"wp:attachment":[{"href":"https:\/\/agora.xtec.cat\/col-sanfranciscojavier\/wp-json\/wp\/v2\/media?parent=656"}],"curies":[{"name":"wp","href":"https:\/\/api.w.org\/{rel}","templated":true}]}}