{"id":38,"date":"2014-09-18T12:34:08","date_gmt":"2014-09-18T11:34:08","guid":{"rendered":"http:\/\/agora.xtec.cat\/col-sanfranciscojavier\/?page_id=38"},"modified":"2020-05-13T20:59:30","modified_gmt":"2020-05-13T18:59:30","slug":"salut","status":"publish","type":"page","link":"https:\/\/agora.xtec.cat\/col-sanfranciscojavier\/pagina-exemple\/salut\/","title":{"rendered":"Salut"},"content":{"rendered":"<h4><span style=\"color: #333399;\"><strong>Higiene i salut<\/strong><\/span><\/h4>\n<p>Quan un\/a alumne\/a est\u00e0 malalt\/a exposa als altres companys a un perill de contagi, per tant \u00e9s important que aviseu a l\u2019escola davant de qualsevol s\u00edmptoma de malaltia.<\/p>\n<p>Quan un\/a alumne\/a presenti s\u00edmptomes de malaltia s\u2019avisar\u00e0 a la fam\u00edlia perqu\u00e8 el vinguin a buscar el m\u00e9s r\u00e0pid possible.<\/p>\n<p><em><span style=\"color: #000000;\"><strong>No podrem acceptar l&#8217;entrada a l&#8217;escola de cap un\/a alumne\/a que presenti:\u00a0<\/strong><\/span><\/em><\/p>\n<ul>\n<li style=\"list-style-type: none;\">\n<ul>\n<li style=\"list-style-type: none;\">\n<ul>\n<li>Brut\u00edcia o manca d\u2019higiene manifesta.<\/li>\n<li>Temperatura superior a 37,5 \u00baC. S\u2019ha d\u2019esperar 24 hores sense febre per tornar a l\u2019escola. Si un infant marxa amb febre de l\u2019escola, \u00e9s recomanable que el dia seg\u00fcent no assisteixi a l\u2019escola.<\/li>\n<li>Diarrea l\u00edquida i\/o persistent.<\/li>\n<li>Infeccions o nafres disseminades a la boca.<\/li>\n<li>Erupcions i altres alteracions de la pell (excepte si porteu l\u2019informe del pediatre amb el diagn\u00f2stic i indicant que no s\u00f3n contagioses).<\/li>\n<\/ul>\n<\/li>\n<\/ul>\n<\/li>\n<\/ul>\n<p>Si alguna vegada \u00e9s necessari que el nen\/a, tot i anant a l\u2019escola, prengui medicaci\u00f3, haureu de donar a l\u2019educadora la recepta on el pediatre indica la dosi i l\u2019horari. \u00c9s obligatori portar marcada la capsa de la medicaci\u00f3 amb el nom del nen\/a, la dosis i l\u2019horari d\u2019administraci\u00f3.<\/p>\n<p>&nbsp;<\/p>\n<p>&nbsp;<\/p>\n<p>&nbsp;<\/p>\n","protected":false},"excerpt":{"rendered":"<p>Higiene i salut<br \/>\nQuan un\/a alumne\/a est\u00e0 malalt\/a exposa als altres companys a un perill de contagi, per tant \u00e9s important que aviseu a l\u2019escola davant de qualsevol s\u00edmptoma de malaltia.<br \/>\nQuan un\/a alumne\/a presenti s\u00edmptomes de malaltia s\u2019avisar\u00e0 a la fam\u00edlia perqu\u00e8 el vinguin a buscar&hellip;  <a href=\"https:\/\/agora.xtec.cat\/col-sanfranciscojavier\/pagina-exemple\/salut\/\" title=\"Read Salut\">Llegeix m\u00e9s\u00bb<\/a><\/p>\n","protected":false},"author":1,"featured_media":0,"parent":2,"menu_order":50,"comment_status":"closed","ping_status":"closed","template":"page-templates\/side-menu.php","meta":{"_bbp_topic_count":0,"_bbp_reply_count":0,"_bbp_total_topic_count":0,"_bbp_total_reply_count":0,"_bbp_voice_count":0,"_bbp_anonymous_reply_count":0,"_bbp_topic_count_hidden":0,"_bbp_reply_count_hidden":0,"_bbp_forum_subforum_count":0,"footnotes":""},"class_list":["post-38","page","type-page","status-publish","hentry"],"post_mailing_queue_ids":[],"_links":{"self":[{"href":"https:\/\/agora.xtec.cat\/col-sanfranciscojavier\/wp-json\/wp\/v2\/pages\/38","targetHints":{"allow":["GET"]}}],"collection":[{"href":"https:\/\/agora.xtec.cat\/col-sanfranciscojavier\/wp-json\/wp\/v2\/pages"}],"about":[{"href":"https:\/\/agora.xtec.cat\/col-sanfranciscojavier\/wp-json\/wp\/v2\/types\/page"}],"author":[{"embeddable":true,"href":"https:\/\/agora.xtec.cat\/col-sanfranciscojavier\/wp-json\/wp\/v2\/users\/1"}],"replies":[{"embeddable":true,"href":"https:\/\/agora.xtec.cat\/col-sanfranciscojavier\/wp-json\/wp\/v2\/comments?post=38"}],"version-history":[{"count":3,"href":"https:\/\/agora.xtec.cat\/col-sanfranciscojavier\/wp-json\/wp\/v2\/pages\/38\/revisions"}],"predecessor-version":[{"id":729,"href":"https:\/\/agora.xtec.cat\/col-sanfranciscojavier\/wp-json\/wp\/v2\/pages\/38\/revisions\/729"}],"up":[{"embeddable":true,"href":"https:\/\/agora.xtec.cat\/col-sanfranciscojavier\/wp-json\/wp\/v2\/pages\/2"}],"wp:attachment":[{"href":"https:\/\/agora.xtec.cat\/col-sanfranciscojavier\/wp-json\/wp\/v2\/media?parent=38"}],"curies":[{"name":"wp","href":"https:\/\/api.w.org\/{rel}","templated":true}]}}