{"id":7255,"date":"2022-11-28T14:48:42","date_gmt":"2022-11-28T13:48:42","guid":{"rendered":"https:\/\/agora.xtec.cat\/col-sagrat-cor\/?page_id=7255"},"modified":"2022-12-05T11:33:23","modified_gmt":"2022-12-05T10:33:23","slug":"formacio-docent","status":"publish","type":"page","link":"https:\/\/agora.xtec.cat\/col-sagrat-cor\/cultura-digital\/formacio-docent\/","title":{"rendered":"Formaci\u00f3 docent"},"content":{"rendered":"<p>Durant el curs 22-23 i el primer trimestre del 23-24\u00a0 els docents duen a terme una formaci\u00f3 de quaranta hores en Compet\u00e8ncia Digital a trav\u00e9s d&#8217;un mentor extern. Fet que els permetr\u00e0 certificar el nivell A1de Compet\u00e8ncia Digital docent.<\/p>\n<h6 dir=\"auto\">\u25cf M\u00f2dul 1: \u00das metodol\u00f2gic dels EVAs (feedback)<\/h6>\n<h6 dir=\"auto\">\u25cb En aquest m\u00f2dul es pret\u00e9n donar a con\u00e8ixer els mecanismes que tenen els<\/h6>\n<h6 dir=\"auto\">EVA per millorar la retroalimentaci\u00f3 que reben els alumnes (comentaris directes, \u00fas de r\u00fabriques, coavaluaci\u00f3, etc.). El m\u00f2dul tamb\u00e9 vol aconseguir que els docents facin una reflexi\u00f3 sobre l\u2019\u00fas que estan fent dels entorns<\/h6>\n<h6 dir=\"auto\">virtuals d\u2019aprenentatge.<\/h6>\n<h6 dir=\"auto\">\u25cf M\u00f2dul 2: Protecci\u00f3 de dades i seguretat<\/h6>\n<h6 dir=\"auto\">\u25cb En aquest m\u00f2dul es pret\u00e9n dotar als docents d\u2019estrat\u00e8gies per utilitzar els dispositius digitals evitant els perills potencials i assegurant un alt grau de protecci\u00f3 de dades, especialment de les dades dels alumnes.<\/h6>\n<h6 dir=\"auto\">\u25cf M\u00f2dul 3: Avaluaci\u00f3 de la compet\u00e8ncia digital de l\u2019alumnat<\/h6>\n<h6 dir=\"auto\">\u25cb En aquest m\u00f2dul es pret\u00e9n que els docents coneguin les dimensions de la<\/h6>\n<h6 dir=\"auto\">compet\u00e8ncia digital de l\u2019alumnat. A partir d\u2019aquest coneixement, es demana als docents que analitzin el desenvolupament d\u2019aquesta compet\u00e8ncia en les activitats de la seva \u00e0rea o mat\u00e8ria.<\/h6>\n<h6 dir=\"auto\">\u25cf M\u00f2dul 4: Itineraris formatius en petit grup.<\/h6>\n<h6 dir=\"auto\">\u25cb A partir de la diagnosi feta de la compet\u00e8ncia digital docent (es recomana<\/h6>\n<h6 dir=\"auto\">utilitzar l\u2019eina Selfie for teachers), els docents seleccionen un itinerari formatiu<\/h6>\n<h6 dir=\"auto\">per a realitzar en grup, de l\u2019oferta formativa del Departament (kudis).<\/h6>\n<h6 dir=\"auto\">\u25cf M\u00f2dul 5: Situacions d\u2019aprenentatge amb l\u2019\u00fas de tecnologia en el marc del nou<\/h6>\n<h6 dir=\"auto\">curr\u00edculum.<\/h6>\n<h6 dir=\"auto\">\u25cb En aquest m\u00f2dul es fa una presentaci\u00f3 dels aspectes principals del nou<\/h6>\n<h6 dir=\"auto\">curr\u00edculum, s\u2019hi emmarquen les situacions d\u2019aprenentatge i s\u2019aborda el seu disseny, especialment amb l\u2019\u00fas de tecnologia digital<\/h6>\n<p>&nbsp;<\/p>\n","protected":false},"excerpt":{"rendered":"<p>Durant el curs 22-23 i el primer trimestre del 23-24\u00a0 els docents duen a terme una formaci\u00f3 de quaranta hores en Compet\u00e8ncia Digital a trav\u00e9s d&#8217;un mentor extern. Fet que els permetr\u00e0 certificar el nivell A1de Compet\u00e8ncia Digital docent.<br \/>\n\u25cf M\u00f2dul 1: \u00das metodol\u00f2gic dels EVAs&hellip;  <a href=\"https:\/\/agora.xtec.cat\/col-sagrat-cor\/cultura-digital\/formacio-docent\/\" title=\"Read Formaci\u00f3 docent\">Llegeix m\u00e9s\u00bb<\/a><\/p>\n","protected":false},"author":1,"featured_media":0,"parent":7187,"menu_order":0,"comment_status":"closed","ping_status":"closed","template":"","meta":{"_bbp_topic_count":0,"_bbp_reply_count":0,"_bbp_total_topic_count":0,"_bbp_total_reply_count":0,"_bbp_voice_count":0,"_bbp_anonymous_reply_count":0,"_bbp_topic_count_hidden":0,"_bbp_reply_count_hidden":0,"_bbp_forum_subforum_count":0,"footnotes":""},"class_list":["post-7255","page","type-page","status-publish","hentry"],"post_mailing_queue_ids":[],"_links":{"self":[{"href":"https:\/\/agora.xtec.cat\/col-sagrat-cor\/wp-json\/wp\/v2\/pages\/7255","targetHints":{"allow":["GET"]}}],"collection":[{"href":"https:\/\/agora.xtec.cat\/col-sagrat-cor\/wp-json\/wp\/v2\/pages"}],"about":[{"href":"https:\/\/agora.xtec.cat\/col-sagrat-cor\/wp-json\/wp\/v2\/types\/page"}],"author":[{"embeddable":true,"href":"https:\/\/agora.xtec.cat\/col-sagrat-cor\/wp-json\/wp\/v2\/users\/1"}],"replies":[{"embeddable":true,"href":"https:\/\/agora.xtec.cat\/col-sagrat-cor\/wp-json\/wp\/v2\/comments?post=7255"}],"version-history":[{"count":1,"href":"https:\/\/agora.xtec.cat\/col-sagrat-cor\/wp-json\/wp\/v2\/pages\/7255\/revisions"}],"predecessor-version":[{"id":7256,"href":"https:\/\/agora.xtec.cat\/col-sagrat-cor\/wp-json\/wp\/v2\/pages\/7255\/revisions\/7256"}],"up":[{"embeddable":true,"href":"https:\/\/agora.xtec.cat\/col-sagrat-cor\/wp-json\/wp\/v2\/pages\/7187"}],"wp:attachment":[{"href":"https:\/\/agora.xtec.cat\/col-sagrat-cor\/wp-json\/wp\/v2\/media?parent=7255"}],"curies":[{"name":"wp","href":"https:\/\/api.w.org\/{rel}","templated":true}]}}