{"id":7252,"date":"2022-11-28T14:35:35","date_gmt":"2022-11-28T13:35:35","guid":{"rendered":"https:\/\/agora.xtec.cat\/col-sagrat-cor\/?page_id=7252"},"modified":"2022-12-05T11:32:36","modified_gmt":"2022-12-05T10:32:36","slug":"avaluacio-de-competencia-digital","status":"publish","type":"page","link":"https:\/\/agora.xtec.cat\/col-sagrat-cor\/cultura-digital\/avaluacio-de-competencia-digital\/","title":{"rendered":"Avaluaci\u00f3 de Compet\u00e8ncia Digital"},"content":{"rendered":"<p>Per a establir els criteris d&#8217;avaluaci\u00f3 s&#8217;ha tingut en compte el perfil de l&#8217;alumnat sortint establert en el curr\u00edculum vigent.<\/p>\n<p>Participaran de l&#8217;avaluaci\u00f3 de la compet\u00e8ncia tots els mestres que imparteixin doc\u00e8ncia en el mateix curs. Tal i com pertoca en tota compet\u00e8ncia transversal,\u00a0 aquesta avaluaci\u00f3 es realitzar\u00e0 des de totes les \u00e0rees\/mat\u00e8ries.<\/p>\n<p>Cada mat\u00e8ria\/\u00e0rea establir\u00e0 la ponderaci\u00f3\u00a0 de la compet\u00e8ncia digital en la seva \u00e0rea. La recollida es far\u00e0 en un full de c\u00e0lcul compartit amb\u00a0 tot el claustre.<\/p>\n<p>Els pares\/tutors rebran informaci\u00f3 trimestralment del progr\u00e9s del seu fill.<\/p>\n<p><a href=\"https:\/\/agora.xtec.cat\/col-sagrat-cor\/wp-content\/uploads\/usu1164\/2022\/11\/AVALUACIO-DE-LA-COMPETENCIA-DIGITAL-PER-CICLES.pdf\">AVALUACI\u00d3 DE LA COMPET\u00c8NCIA DIGITAL PER CICLES<\/a><\/p>\n<p>&nbsp;<\/p>\n<p>&nbsp;<\/p>\n","protected":false},"excerpt":{"rendered":"<p>Per a establir els criteris d&#8217;avaluaci\u00f3 s&#8217;ha tingut en compte el perfil de l&#8217;alumnat sortint establert en el curr\u00edculum vigent.<br \/>\nParticiparan de l&#8217;avaluaci\u00f3 de la compet\u00e8ncia tots els mestres que imparteixin doc\u00e8ncia en el mateix curs. Tal i com pertoca en tota compet\u00e8ncia transversal,\u00a0 aquesta avaluaci\u00f3&hellip;  <a href=\"https:\/\/agora.xtec.cat\/col-sagrat-cor\/cultura-digital\/avaluacio-de-competencia-digital\/\" title=\"Read Avaluaci\u00f3 de Compet\u00e8ncia Digital\">Llegeix m\u00e9s\u00bb<\/a><\/p>\n","protected":false},"author":1,"featured_media":0,"parent":7187,"menu_order":0,"comment_status":"closed","ping_status":"closed","template":"","meta":{"_bbp_topic_count":0,"_bbp_reply_count":0,"_bbp_total_topic_count":0,"_bbp_total_reply_count":0,"_bbp_voice_count":0,"_bbp_anonymous_reply_count":0,"_bbp_topic_count_hidden":0,"_bbp_reply_count_hidden":0,"_bbp_forum_subforum_count":0,"footnotes":""},"class_list":["post-7252","page","type-page","status-publish","hentry"],"post_mailing_queue_ids":[],"_links":{"self":[{"href":"https:\/\/agora.xtec.cat\/col-sagrat-cor\/wp-json\/wp\/v2\/pages\/7252","targetHints":{"allow":["GET"]}}],"collection":[{"href":"https:\/\/agora.xtec.cat\/col-sagrat-cor\/wp-json\/wp\/v2\/pages"}],"about":[{"href":"https:\/\/agora.xtec.cat\/col-sagrat-cor\/wp-json\/wp\/v2\/types\/page"}],"author":[{"embeddable":true,"href":"https:\/\/agora.xtec.cat\/col-sagrat-cor\/wp-json\/wp\/v2\/users\/1"}],"replies":[{"embeddable":true,"href":"https:\/\/agora.xtec.cat\/col-sagrat-cor\/wp-json\/wp\/v2\/comments?post=7252"}],"version-history":[{"count":1,"href":"https:\/\/agora.xtec.cat\/col-sagrat-cor\/wp-json\/wp\/v2\/pages\/7252\/revisions"}],"predecessor-version":[{"id":7254,"href":"https:\/\/agora.xtec.cat\/col-sagrat-cor\/wp-json\/wp\/v2\/pages\/7252\/revisions\/7254"}],"up":[{"embeddable":true,"href":"https:\/\/agora.xtec.cat\/col-sagrat-cor\/wp-json\/wp\/v2\/pages\/7187"}],"wp:attachment":[{"href":"https:\/\/agora.xtec.cat\/col-sagrat-cor\/wp-json\/wp\/v2\/media?parent=7252"}],"curies":[{"name":"wp","href":"https:\/\/api.w.org\/{rel}","templated":true}]}}