{"id":7217,"date":"2022-11-25T12:54:36","date_gmt":"2022-11-25T11:54:36","guid":{"rendered":"https:\/\/agora.xtec.cat\/col-sagrat-cor\/?page_id=7217"},"modified":"2022-12-05T11:31:21","modified_gmt":"2022-12-05T10:31:21","slug":"dispositius-digitals","status":"publish","type":"page","link":"https:\/\/agora.xtec.cat\/col-sagrat-cor\/cultura-digital\/dispositius-digitals\/","title":{"rendered":"Dispositius digitals"},"content":{"rendered":"<p>DISPOSITIUS DIGITALS<br \/>\nEl centre disposa d\u2019ordinadors port\u00e0tils i\/o Chromebook i\/o pissarres digitals per als docents<br \/>\nen totes les aules, amb possibilitat de projecci\u00f3 en els moments que es consideri necessari.<br \/>\nExisteix l\u2019aula d\u2019inform\u00e0tica amb ordinadors fixes d\u2019\u00fas exclusiu dels alumnes. S\u2019estableix un<br \/>\nhorari d\u2019\u00fas tant per les hores espec\u00edfiques d\u2019inform\u00e0tica com per l\u2019\u00fas de la compet\u00e8ncia digital<br \/>\nen altres \u00e0mbits.<br \/>\nEl centre disposa de tauletes i ordinadors per treballar a l\u2019aula, amb possibilitat tant de treball<br \/>\nindividual com col\u00b7laboratiu.<br \/>\nPer al seu \u00fas s\u2019estableix:<br \/>\na) Un horari fixe d\u2019utilitzaci\u00f3 en:<br \/>\n\u25cf Els projectes globalitzadors tant de Prim\u00e0ria com de Secund\u00e0ria.<br \/>\n\u25cf Les mat\u00e8ries d\u2019\u00e0mbit cient\u00edfic-tecnol\u00f2gic a E. Secund\u00e0ria ( 1r \/3r a partir del<br \/>\ncurs 2022-23 i 2n \/4t a partir del curs 2023-24).<br \/>\nb) Un horari variable en la utilitzaci\u00f3 del dispositiu digital en moments puntuals en altres<br \/>\n\u00e0mbits i\/o mat\u00e8ries.<br \/>\nEl centre ha actualitzat els dispositius digitals durant l\u2019any 2022, acollint-se a la subvenci\u00f3<br \/>\neuropea per aquest fi adquirint 35 Chromebook i 20 tauletes que s\u2019afegeixen al material ja<br \/>\nexistent.<br \/>\nEl centre tramita l\u2019ajut que ofereix el Consorci per a aquells alumnes que es trobin en<br \/>\nsituacions singulars: alumnes que reben doc\u00e8ncia domicili\u00e0ria, baixa visi\u00f3&#8230; En aquests casos<br \/>\ncal omplir un document de corresponsabilitat.<\/p>\n<p><a href=\"https:\/\/agora.xtec.cat\/col-sagrat-cor\/wp-content\/uploads\/usu1164\/2022\/11\/NORMATIVA-D_US-DE-DISPOSITIUS-DIGITALS-1.pdf\">NORMATIVA D`\u00daS DE DISPOSITIUS DIGITALS<\/a><\/p>\n<p><a href=\"https:\/\/agora.xtec.cat\/col-sagrat-cor\/wp-content\/uploads\/usu1164\/2022\/11\/CONTRACTE-ORDINADOR-EN-PRESTEC-1.pdf\">CONTRACTE ORDINADOR EN PR\u00c9STEC<\/a><\/p>\n<p>&nbsp;<\/p>\n","protected":false},"excerpt":{"rendered":"<p>DISPOSITIUS DIGITALS<br \/>\nEl centre disposa d\u2019ordinadors port\u00e0tils i\/o Chromebook i\/o pissarres digitals per als docents<br \/>\nen totes les aules, amb possibilitat de projecci\u00f3 en els moments que es consideri necessari.<br \/>\nExisteix l\u2019aula d\u2019inform\u00e0tica amb ordinadors fixes d\u2019\u00fas exclusiu dels alumnes. S\u2019estableix un<br \/>\nhorari d\u2019\u00fas tant per les hores espec\u00edfiques&hellip;  <a href=\"https:\/\/agora.xtec.cat\/col-sagrat-cor\/cultura-digital\/dispositius-digitals\/\" title=\"Read Dispositius digitals\">Llegeix m\u00e9s\u00bb<\/a><\/p>\n","protected":false},"author":1,"featured_media":0,"parent":7187,"menu_order":0,"comment_status":"closed","ping_status":"closed","template":"","meta":{"_bbp_topic_count":0,"_bbp_reply_count":0,"_bbp_total_topic_count":0,"_bbp_total_reply_count":0,"_bbp_voice_count":0,"_bbp_anonymous_reply_count":0,"_bbp_topic_count_hidden":0,"_bbp_reply_count_hidden":0,"_bbp_forum_subforum_count":0,"footnotes":""},"class_list":["post-7217","page","type-page","status-publish","hentry"],"post_mailing_queue_ids":[],"_links":{"self":[{"href":"https:\/\/agora.xtec.cat\/col-sagrat-cor\/wp-json\/wp\/v2\/pages\/7217","targetHints":{"allow":["GET"]}}],"collection":[{"href":"https:\/\/agora.xtec.cat\/col-sagrat-cor\/wp-json\/wp\/v2\/pages"}],"about":[{"href":"https:\/\/agora.xtec.cat\/col-sagrat-cor\/wp-json\/wp\/v2\/types\/page"}],"author":[{"embeddable":true,"href":"https:\/\/agora.xtec.cat\/col-sagrat-cor\/wp-json\/wp\/v2\/users\/1"}],"replies":[{"embeddable":true,"href":"https:\/\/agora.xtec.cat\/col-sagrat-cor\/wp-json\/wp\/v2\/comments?post=7217"}],"version-history":[{"count":3,"href":"https:\/\/agora.xtec.cat\/col-sagrat-cor\/wp-json\/wp\/v2\/pages\/7217\/revisions"}],"predecessor-version":[{"id":7251,"href":"https:\/\/agora.xtec.cat\/col-sagrat-cor\/wp-json\/wp\/v2\/pages\/7217\/revisions\/7251"}],"up":[{"embeddable":true,"href":"https:\/\/agora.xtec.cat\/col-sagrat-cor\/wp-json\/wp\/v2\/pages\/7187"}],"wp:attachment":[{"href":"https:\/\/agora.xtec.cat\/col-sagrat-cor\/wp-json\/wp\/v2\/media?parent=7217"}],"curies":[{"name":"wp","href":"https:\/\/api.w.org\/{rel}","templated":true}]}}