{"id":65,"date":"2014-09-18T10:12:22","date_gmt":"2014-09-18T10:12:22","guid":{"rendered":"http:\/\/agora.xtec.cat\/col-sagrat-cor\/?page_id=65"},"modified":"2020-10-21T13:30:21","modified_gmt":"2020-10-21T11:30:21","slug":"serveis-digitals","status":"publish","type":"page","link":"https:\/\/agora.xtec.cat\/col-sagrat-cor\/serveis\/serveis-digitals\/","title":{"rendered":"Serveis Digitals"},"content":{"rendered":"<p style=\"color: #444444;\">L\u2019oferta de <b>Serveis Digitals<\/b>\u00a0constitueix un element\u00a0molt important de l\u2019engranatge d\u2019un centre educatiu.<\/p>\n<p style=\"color: #444444;\"><strong><a href=\"http:\/\/agora.xtec.cat\/col-sagrat-cor\/moodle\/\">Moodle<\/a>:<\/strong> \u00e9s\u00a0plataforma d&#8217;aprenentatge a dist\u00e0ncia (e-learning) basada en programari lliure.\u00c9s un sistema de gesti\u00f3 avan\u00e7ada (tamb\u00e9 denominat &#8220;Entorn Virtual d&#8217;Ensenyament-Aprenentatge<br \/>\n<strong>(EVEA)&#8221;o &#8220;EVA&#8221;<\/strong>; \u00e9s a dir, una aplicaci\u00f3 dissenyada per ajudar als educadors a crear cursos de qualitat en l\u00ednia.<br \/>\nEl centre ofereix aquest tipus de plataforma des de EI a 4t d&#8217;ESO. Els alumnes poden presentar treballs, fer exercicis i saber les qualificacions de les diferents mat\u00e8ries que s&#8217;imparteixen en cada curs. Els\/les pares\/mares i tutors poden veure el seguiment del proc\u00e9s \u00a0d&#8217;estudi-aprenentatge dels estudiants. L&#8217;acc\u00e9s al sistema \u00e9s personal. Les claus d&#8217;acc\u00e9s les han de tenir els alumnes i els seus pares o tutors.<\/p>\n<p style=\"color: #444444;\"><strong>La resta d&#8217;activitats les podeu veure en el compte d&#8217; <a href=\"https:\/\/www.instagram.com\/sagratcorribes\/\">Instagram<\/a>\u00a0 o en el mateix espai Web.<\/strong><\/p>\n<p style=\"color: #444444;\"><strong>Tenim el compte de <a href=\"https:\/\/www.facebook.com\/sagratcorbcn\">Facebook<\/a> i <a href=\"https:\/\/twitter.com\/Sagrat_Cor\">Twitter<\/a>\u00a0<\/strong><br \/>\nAltres serveis que dona el centre\u00a0els podeu veure en el men\u00fa. d&#8217;aquest espai <a href=\"http:\/\/agora.xtec.cat\/col-sagrat-cor\/\">WEB\u00a0<\/a><\/p>\n<p style=\"color: #444444;\">.<\/p>\n<p style=\"color: #444444;\">\n","protected":false},"excerpt":{"rendered":"<p>L\u2019oferta de Serveis Digitals\u00a0constitueix un element\u00a0molt important de l\u2019engranatge d\u2019un centre educatiu.<br \/>\n<a href=\"http:\/\/agora.xtec.cat\/col-sagrat-cor\/moodle\/\">Moodle<\/a>: \u00e9s\u00a0plataforma d&#8217;aprenentatge a dist\u00e0ncia (e-learning) basada en programari lliure.\u00c9s un sistema de gesti\u00f3 avan\u00e7ada (tamb\u00e9 denominat &#8220;Entorn Virtual d&#8217;Ensenyament-Aprenentatge<br \/>\n(EVEA)&#8221;o &#8220;EVA&#8221;; \u00e9s a dir, una aplicaci\u00f3 dissenyada per ajudar als educadors a crear&hellip;  <a href=\"https:\/\/agora.xtec.cat\/col-sagrat-cor\/serveis\/serveis-digitals\/\" title=\"Read Serveis Digitals\">Llegeix m\u00e9s\u00bb<\/a><\/p>\n","protected":false},"author":1,"featured_media":0,"parent":63,"menu_order":10,"comment_status":"closed","ping_status":"closed","template":"page-templates\/side-menu.php","meta":{"_bbp_topic_count":0,"_bbp_reply_count":0,"_bbp_total_topic_count":0,"_bbp_total_reply_count":0,"_bbp_voice_count":0,"_bbp_anonymous_reply_count":0,"_bbp_topic_count_hidden":0,"_bbp_reply_count_hidden":0,"_bbp_forum_subforum_count":0,"footnotes":""},"class_list":["post-65","page","type-page","status-publish","hentry"],"post_mailing_queue_ids":[],"_links":{"self":[{"href":"https:\/\/agora.xtec.cat\/col-sagrat-cor\/wp-json\/wp\/v2\/pages\/65","targetHints":{"allow":["GET"]}}],"collection":[{"href":"https:\/\/agora.xtec.cat\/col-sagrat-cor\/wp-json\/wp\/v2\/pages"}],"about":[{"href":"https:\/\/agora.xtec.cat\/col-sagrat-cor\/wp-json\/wp\/v2\/types\/page"}],"author":[{"embeddable":true,"href":"https:\/\/agora.xtec.cat\/col-sagrat-cor\/wp-json\/wp\/v2\/users\/1"}],"replies":[{"embeddable":true,"href":"https:\/\/agora.xtec.cat\/col-sagrat-cor\/wp-json\/wp\/v2\/comments?post=65"}],"version-history":[{"count":4,"href":"https:\/\/agora.xtec.cat\/col-sagrat-cor\/wp-json\/wp\/v2\/pages\/65\/revisions"}],"predecessor-version":[{"id":6347,"href":"https:\/\/agora.xtec.cat\/col-sagrat-cor\/wp-json\/wp\/v2\/pages\/65\/revisions\/6347"}],"up":[{"embeddable":true,"href":"https:\/\/agora.xtec.cat\/col-sagrat-cor\/wp-json\/wp\/v2\/pages\/63"}],"wp:attachment":[{"href":"https:\/\/agora.xtec.cat\/col-sagrat-cor\/wp-json\/wp\/v2\/media?parent=65"}],"curies":[{"name":"wp","href":"https:\/\/api.w.org\/{rel}","templated":true}]}}