{"id":63,"date":"2014-09-18T10:06:31","date_gmt":"2014-09-18T10:06:31","guid":{"rendered":"http:\/\/agora.xtec.cat\/col-sagrat-cor\/?page_id=63"},"modified":"2020-10-15T13:33:15","modified_gmt":"2020-10-15T11:33:15","slug":"serveis","status":"publish","type":"page","link":"https:\/\/agora.xtec.cat\/col-sagrat-cor\/serveis\/","title":{"rendered":"Serveis"},"content":{"rendered":"<p style=\"color: #444444;\">Secci\u00f3 en qu\u00e8 informem \u00a0a les fam\u00edlies dels serveis que ofereix el centre. La missi\u00f3 educativa no es limita a l\u2019eix curricular:<\/p>\n<ul style=\"color: #444444;\">\n<li><a href=\"https:\/\/agora.xtec.cat\/col-sagrat-cor\/serveis\/serveis-digitals\/\">Serveis digitals<\/a> (en cas que el centre\u00a0compti amb\u00a0serveis digitals en l\u00ednia com ara Moodle, blogs, tutoria o gesti\u00f3 acad\u00e8mica, aplicacions m\u00f2bils\u2026)<\/li>\n<li>Menjador escolar<\/li>\n<li>Acollida<\/li>\n<li>Casal d\u2019estiu<\/li>\n<li>Activitats extraescolars<\/li>\n<\/ul>\n","protected":false},"excerpt":{"rendered":"<p>Secci\u00f3 en qu\u00e8 informem \u00a0a les fam\u00edlies dels serveis que ofereix el centre. La missi\u00f3 educativa no es limita a l\u2019eix curricular:<\/p>\n<ul style=\"color: #444444;\">\n<li><a href=\"https:\/\/agora.xtec.cat\/col-sagrat-cor\/serveis\/serveis-digitals\/\">Serveis digitals<\/a> (en cas que el centre\u00a0compti amb\u00a0serveis digitals en l\u00ednia com ara Moodle, blogs, tutoria o gesti\u00f3 acad\u00e8mica, aplicacions m\u00f2bils\u2026)<\/li>\n<li>Menjador&hellip;  <a href=\"https:\/\/agora.xtec.cat\/col-sagrat-cor\/serveis\/\" title=\"Read Serveis\">Llegeix m\u00e9s\u00bb<\/a><br \/>\n","protected":false},"author":1,"featured_media":0,"parent":0,"menu_order":0,"comment_status":"closed","ping_status":"closed","template":"page-templates\/side-menu.php","meta":{"_bbp_topic_count":0,"_bbp_reply_count":0,"_bbp_total_topic_count":0,"_bbp_total_reply_count":0,"_bbp_voice_count":0,"_bbp_anonymous_reply_count":0,"_bbp_topic_count_hidden":0,"_bbp_reply_count_hidden":0,"_bbp_forum_subforum_count":0,"footnotes":""},"class_list":["post-63","page","type-page","status-publish","hentry"],"post_mailing_queue_ids":[],"_links":{"self":[{"href":"https:\/\/agora.xtec.cat\/col-sagrat-cor\/wp-json\/wp\/v2\/pages\/63","targetHints":{"allow":["GET"]}}],"collection":[{"href":"https:\/\/agora.xtec.cat\/col-sagrat-cor\/wp-json\/wp\/v2\/pages"}],"about":[{"href":"https:\/\/agora.xtec.cat\/col-sagrat-cor\/wp-json\/wp\/v2\/types\/page"}],"author":[{"embeddable":true,"href":"https:\/\/agora.xtec.cat\/col-sagrat-cor\/wp-json\/wp\/v2\/users\/1"}],"replies":[{"embeddable":true,"href":"https:\/\/agora.xtec.cat\/col-sagrat-cor\/wp-json\/wp\/v2\/comments?post=63"}],"version-history":[{"count":4,"href":"https:\/\/agora.xtec.cat\/col-sagrat-cor\/wp-json\/wp\/v2\/pages\/63\/revisions"}],"predecessor-version":[{"id":6314,"href":"https:\/\/agora.xtec.cat\/col-sagrat-cor\/wp-json\/wp\/v2\/pages\/63\/revisions\/6314"}],"wp:attachment":[{"href":"https:\/\/agora.xtec.cat\/col-sagrat-cor\/wp-json\/wp\/v2\/media?parent=63"}],"curies":[{"name":"wp","href":"https:\/\/api.w.org\/{rel}","templated":true}]}}