{"id":4993,"date":"2019-10-22T11:49:40","date_gmt":"2019-10-22T09:49:40","guid":{"rendered":"http:\/\/agora.xtec.cat\/col-sagrat-cor\/?page_id=4993"},"modified":"2020-11-26T16:03:47","modified_gmt":"2020-11-26T15:03:47","slug":"pla-anual-actituds-horitzo-educatiu","status":"publish","type":"page","link":"https:\/\/agora.xtec.cat\/col-sagrat-cor\/projecte-educatiu\/pla-anual-actituds-horitzo-educatiu\/","title":{"rendered":"Horitz\u00f3 Educatiu"},"content":{"rendered":"<h3 style=\"text-align: center;\"><a href=\"https:\/\/agora.xtec.cat\/col-sagrat-cor\/wp-content\/uploads\/usu1164\/2020\/11\/Batec.jpg\"><img loading=\"lazy\" decoding=\"async\" class=\"wp-image-6459 size-medium aligncenter\" src=\"https:\/\/agora.xtec.cat\/col-sagrat-cor\/wp-content\/uploads\/usu1164\/2020\/11\/Batec-300x188.jpg\" alt=\"\" width=\"300\" height=\"188\" srcset=\"https:\/\/agora.xtec.cat\/col-sagrat-cor\/wp-content\/uploads\/usu1164\/2020\/11\/Batec-300x188.jpg 300w, https:\/\/agora.xtec.cat\/col-sagrat-cor\/wp-content\/uploads\/usu1164\/2020\/11\/Batec-768x480.jpg 768w, https:\/\/agora.xtec.cat\/col-sagrat-cor\/wp-content\/uploads\/usu1164\/2020\/11\/Batec-1024x640.jpg 1024w, https:\/\/agora.xtec.cat\/col-sagrat-cor\/wp-content\/uploads\/usu1164\/2020\/11\/Batec.jpg 1080w\" sizes=\"auto, (max-width: 300px) 100vw, 300px\" \/><\/a><span style=\"color: #ff0000;\"><a style=\"color: #ff0000;\" href=\"https:\/\/agora.xtec.cat\/col-sagrat-cor\/wp-content\/uploads\/usu1164\/2020\/03\/Batec-projecte-dinnovaci\u00f3.pdf\">B@TEC,PROJECTE EDUCATIU<\/a><\/span><\/h3>\n<p>&nbsp;<\/p>\n<p>&nbsp;<\/p>\n<h3 style=\"text-align: center;\"><a href=\"https:\/\/agora.xtec.cat\/col-sagrat-cor\/wp-content\/uploads\/usu1164\/2020\/11\/esquema-horitz\u00f3-i-canvis.jpg\"><img loading=\"lazy\" decoding=\"async\" class=\"alignnone size-full wp-image-6461\" src=\"https:\/\/agora.xtec.cat\/col-sagrat-cor\/wp-content\/uploads\/usu1164\/2020\/11\/esquema-horitz\u00f3-i-canvis.jpg\" alt=\"\" width=\"838\" height=\"758\" srcset=\"https:\/\/agora.xtec.cat\/col-sagrat-cor\/wp-content\/uploads\/usu1164\/2020\/11\/esquema-horitz\u00f3-i-canvis.jpg 838w, https:\/\/agora.xtec.cat\/col-sagrat-cor\/wp-content\/uploads\/usu1164\/2020\/11\/esquema-horitz\u00f3-i-canvis-300x271.jpg 300w, https:\/\/agora.xtec.cat\/col-sagrat-cor\/wp-content\/uploads\/usu1164\/2020\/11\/esquema-horitz\u00f3-i-canvis-768x695.jpg 768w\" sizes=\"auto, (max-width: 838px) 100vw, 838px\" \/><\/a><\/h3>\n<h3><\/h3>\n<h3 style=\"text-align: justify;\"><span style=\"color: #ff6600;\">EL NOSTRE HORITZ\u00d3 EDUCATIU<\/span><br \/>\n<span style=\"color: #ff6600;\"><span style=\"color: #ff9900;\">L\u2019horitz\u00f3 educatiu de les escoles de les Serventes del Sagrat Cor de Jes\u00fas \u00e9s educar persones per a qu\u00e8<\/span> esdevinguin conscients, <span style=\"color: #ff9900;\">competents i compromeses.<\/span><\/span><\/h3>\n<h3 style=\"text-align: justify;\"><span style=\"color: #ff0000;\">PERSONA CONSCIENT<\/span><br \/>\n<span style=\"color: #ff6600;\">La persona conscient \u00e9s aquella que t\u00e9 ple coneixement de s\u00ed mateixa gr\u00e0cies al desenvolupament de la seva capacitat d&#8217;interioritzaci\u00f3 i al conreu de la seva dimensi\u00f3 espiritual. Les eines que ha adquirit per a con\u00e8ixer i gestionar les seves emocions, pensaments i accions, l&#8217;ajuden a cr\u00e9ixer com a persona equilibrada i profunda, aut\u00f2noma, madura i lliure. En la mesura que l\u2019escola, com a element educador, afavoreixi aquest proc\u00e9s personal facilitar\u00e0 que l\u2019alumne sigui capa\u00e7 de construir el seu propi projecte vital que donar\u00e0 horitz\u00f3 i sentit a la seva vida.<\/span><br \/>\n<span style=\"color: #ff6600;\">Ara b\u00e9, la persona conscient \u00e9s tamb\u00e9 aquella que t\u00e9 ple coneixement de la realitat en la que viu i conviu.<\/span><br \/>\n<span style=\"color: #ff6600;\">L&#8217;observaci\u00f3 i l&#8217;atenci\u00f3 plena al m\u00f3n que l&#8217;envolta la porta a recon\u00e8ixer amb agra\u00efment tota la bondat i bellesa que hi ha, per\u00f2 tamb\u00e9 a descobrir-hi els seus desequilibris. A partir d&#8217;aqu\u00ed, la reflexi\u00f3, el discerniment, l&#8217;esperit cr\u00edtic i la coher\u00e8ncia amb els valors evang\u00e8lics, faran que sorgeixi en ella el comprom\u00eds amb el b\u00e9 com\u00fa, seguint a Jes\u00fas com ho va fer Joan Collell. La persona conscient esdev\u00e9, doncs, agent de canvi i transformaci\u00f3 de les din\u00e0miques injustes per a fer d&#8217;aquest m\u00f3n, un m\u00f3n millor per a tots.<\/span><br \/>\n<span style=\"color: #ff9900;\">PERSONA COMPETENT<\/span><br \/>\n<span style=\"color: #ff0000;\">La persona competent \u00e9s aquella amb l\u2019habilitat d\u2019aprendre al llarg de tota la seva vida (learn hability), amb les capacitats per poder empoderar els projectes que generi i amb les eines i la motivaci\u00f3 suficients per a fer-ho de manera creativa.<\/span><br \/>\n<span style=\"color: #ff0000;\">La persona competent \u00e9s aquella capa\u00e7 d\u2019aplicar els coneixements a les noves situacions i donar respostes als reptes d\u2019aquesta societat l\u00edquida en la qual estem immersos, per aix\u00f2 cal posar especial atenci\u00f3 a l\u2019aprenentatge de les lleng\u00fces, de les noves tecnologies de la informaci\u00f3 i de la comunicaci\u00f3 i vetllar perqu\u00e8 els joves siguin competents tamb\u00e9 a nivell cient\u00edfic, art\u00edstic, social i matem\u00e0tic.<\/span><br \/>\n<span style=\"color: #ff0000;\">La persona competent sap treballar cooperativament i t\u00e9 les capacitats per portar a bon terme qualsevol projecte en el que participa. Per aix\u00f2, des de l\u2019escola potenciem l\u2019emprenedoria, l\u2019autonomia, la responsabilitat, la capacitat de resili\u00e8ncia, l\u2019assertivitat, l\u2019esperit cr\u00edtic i les aptituds necess\u00e0ries perqu\u00e8 els<\/span><br \/>\n<span style=\"color: #ff0000;\">nostres alumnes aportin idees pr\u00f2pies i desenvolupin les tasques necess\u00e0ries amb efectivitat.<\/span><br \/>\n<span style=\"color: #ff0000;\">Ens proposem educar persones competents, flexibles, emprenedores , innovadores i proactives per a qu\u00e8 comprenguin la realitat que els envolta, reflexionin sobre el que cal millorar i la transformin.<\/span><\/h3>\n<h3 style=\"text-align: justify;\"><span style=\"color: #ff6600;\">PERSONA COMPROMESA<\/span><\/h3>\n<h3><span style=\"color: #ff9900;\">La persona compromesa \u00e9s aquella que, essent conscient de la realitat que l\u2019envolta, se sent responsable dels altres i del seu entorn i est\u00e0 disposada, des del seu talent personal i cooperant amb altres, a actuar pel seu b\u00e9 i<\/span><br \/>\n<span style=\"color: #ff9900;\">per la construcci\u00f3 d&#8217;un m\u00f3n millor.<\/span><br \/>\n<span style=\"color: #ff9900;\">La persona compromesa \u00e9s responsable de la seva formaci\u00f3 i millora personal i est\u00e0 disposada a adre\u00e7ar la<\/span><br \/>\n<span style=\"color: #ff9900;\">seva activitat al servei dels altres per atendre les seves necessitats, de forma respectuosa i tolerant, convivint<\/span><br \/>\n<span style=\"color: #ff9900;\">de manera fraterna i \u00e8tica amb els altres, tenint present en les seves actuacions el que \u00e9s bo per a un mateix,<\/span><br \/>\n<span style=\"color: #ff9900;\">per als altres i per a la societat.<\/span><br \/>\n<span style=\"color: #ff9900;\">La persona compromesa s&#8217;implica en la resoluci\u00f3 dels problemes que afecten la humanitat del nostre temps, <\/span><span style=\"color: #ff9900;\">amb una actitud emp\u00e0tica, compassiva i solid\u00e0ria. Treballa pel compliment dels drets humans, promou la <\/span><span style=\"color: #ff9900;\">just\u00edcia social i la pau i t\u00e9 cura de la Natura per a fer un m\u00f3n m\u00e9s sostenible.<\/span><\/h3>\n<p><a href=\"http:\/\/www.siervascj.net\/innovacio\">http:\/\/www.siervascj.net\/innovacio<\/a><\/p>\n<p>&nbsp;<\/p>\n","protected":false},"excerpt":{"rendered":"<p><a href=\"https:\/\/agora.xtec.cat\/col-sagrat-cor\/wp-content\/uploads\/usu1164\/2020\/11\/Batec.jpg\"><\/a><a style=\"color: #ff0000;\" href=\"https:\/\/agora.xtec.cat\/col-sagrat-cor\/wp-content\/uploads\/usu1164\/2020\/03\/Batec-projecte-dinnovaci\u00f3.pdf\">B@TEC,PROJECTE EDUCATIU<\/a><br \/>\n&nbsp;<br \/>\n&nbsp;<br \/>\n<a href=\"https:\/\/agora.xtec.cat\/col-sagrat-cor\/wp-content\/uploads\/usu1164\/2020\/11\/esquema-horitz\u00f3-i-canvis.jpg\"><\/a><\/p>\n<p>EL NOSTRE HORITZ\u00d3 EDUCATIU<br \/>\nL\u2019horitz\u00f3 educatiu de les escoles de les Serventes del Sagrat Cor de Jes\u00fas \u00e9s educar persones per a qu\u00e8 esdevinguin conscients, competents i compromeses.<br \/>\nPERSONA CONSCIENT<br \/>\nLa persona conscient \u00e9s aquella que t\u00e9 ple coneixement de s\u00ed mateixa&hellip;  <a href=\"https:\/\/agora.xtec.cat\/col-sagrat-cor\/projecte-educatiu\/pla-anual-actituds-horitzo-educatiu\/\" title=\"Read Horitz\u00f3 Educatiu\">Llegeix m\u00e9s\u00bb<\/a><\/p>\n","protected":false},"author":1,"featured_media":0,"parent":57,"menu_order":0,"comment_status":"closed","ping_status":"closed","template":"page-templates\/side-menu.php","meta":{"_bbp_topic_count":0,"_bbp_reply_count":0,"_bbp_total_topic_count":0,"_bbp_total_reply_count":0,"_bbp_voice_count":0,"_bbp_anonymous_reply_count":0,"_bbp_topic_count_hidden":0,"_bbp_reply_count_hidden":0,"_bbp_forum_subforum_count":0,"footnotes":""},"class_list":["post-4993","page","type-page","status-publish","hentry"],"post_mailing_queue_ids":[],"_links":{"self":[{"href":"https:\/\/agora.xtec.cat\/col-sagrat-cor\/wp-json\/wp\/v2\/pages\/4993","targetHints":{"allow":["GET"]}}],"collection":[{"href":"https:\/\/agora.xtec.cat\/col-sagrat-cor\/wp-json\/wp\/v2\/pages"}],"about":[{"href":"https:\/\/agora.xtec.cat\/col-sagrat-cor\/wp-json\/wp\/v2\/types\/page"}],"author":[{"embeddable":true,"href":"https:\/\/agora.xtec.cat\/col-sagrat-cor\/wp-json\/wp\/v2\/users\/1"}],"replies":[{"embeddable":true,"href":"https:\/\/agora.xtec.cat\/col-sagrat-cor\/wp-json\/wp\/v2\/comments?post=4993"}],"version-history":[{"count":4,"href":"https:\/\/agora.xtec.cat\/col-sagrat-cor\/wp-json\/wp\/v2\/pages\/4993\/revisions"}],"predecessor-version":[{"id":6464,"href":"https:\/\/agora.xtec.cat\/col-sagrat-cor\/wp-json\/wp\/v2\/pages\/4993\/revisions\/6464"}],"up":[{"embeddable":true,"href":"https:\/\/agora.xtec.cat\/col-sagrat-cor\/wp-json\/wp\/v2\/pages\/57"}],"wp:attachment":[{"href":"https:\/\/agora.xtec.cat\/col-sagrat-cor\/wp-json\/wp\/v2\/media?parent=4993"}],"curies":[{"name":"wp","href":"https:\/\/api.w.org\/{rel}","templated":true}]}}