{"id":39,"date":"2014-09-17T16:36:44","date_gmt":"2014-09-17T16:36:44","guid":{"rendered":"http:\/\/agora.xtec.cat\/col-sagrat-cor\/?page_id=39"},"modified":"2020-11-26T17:22:59","modified_gmt":"2020-11-26T16:22:59","slug":"instal%c2%b7lacions","status":"publish","type":"page","link":"https:\/\/agora.xtec.cat\/col-sagrat-cor\/col%c2%b7legi\/instal%c2%b7lacions\/","title":{"rendered":"Instal\u00b7lacions"},"content":{"rendered":"<p>El col\u00b7legi compta amb les seg\u00fcents instal\u00b7lacions:<\/p>\n<ul>\n<li>Aula de TAC (Tecnologies per a l&#8217;Aprenentatge i el Coneixement).<\/li>\n<li>Aula Taller per a Tecnologia i Visual i Pl\u00e0stica.<\/li>\n<li>Laboratori experimental.<\/li>\n<li>Aula de M\u00fasica.<\/li>\n<li>Aula Multidisciplinar.<\/li>\n<li>Biblioteca.<\/li>\n<li>Aules de refor\u00e7 i d&#8217;ampliaci\u00f3 pedag\u00f2gica.<\/li>\n<li>Pati infantil.<\/li>\n<li>Camp de b\u00e0squet\/futbol sala.<\/li>\n<\/ul>\n<div id=\"google_translate_element\" class=\"google\"><\/div>\n<p><script type=\"text\/javascript\">function googleTranslateElementInit() {new google.translate.TranslateElement({pageLanguage: 'ca', includedLanguages: 'ca,eu,gl,en,es,fr,it,pt,de,sp', layout: google.translate.TranslateElement.InlineLayout.SIMPLE, gaTrack: true}, 'google_translate_element');}<\/script><script type=\"text\/javascript\" src=\"https:\/\/translate.google.com\/translate_a\/element.js?cb=googleTranslateElementInit\"><\/script><\/p>\n","protected":false},"excerpt":{"rendered":"<p>El col\u00b7legi compta amb les seg\u00fcents instal\u00b7lacions:<\/p>\n<ul>\n<li>Aula de TAC (Tecnologies per a l&#8217;Aprenentatge i el Coneixement).<\/li>\n<li>Aula Taller per a Tecnologia i Visual i Pl\u00e0stica.<\/li>\n<li>Laboratori experimental.<\/li>\n<li>Aula de M\u00fasica.<\/li>\n<li>Aula Multidisciplinar.<\/li>\n<li>Biblioteca.<\/li>\n<li>Aules de refor\u00e7 i d&#8217;ampliaci\u00f3 pedag\u00f2gica.<\/li>\n<li>Pati infantil.<\/li>\n<li>Camp de b\u00e0squet\/futbol sala.<\/li>\n<\/ul>\n","protected":false},"author":1,"featured_media":0,"parent":19,"menu_order":30,"comment_status":"closed","ping_status":"closed","template":"page-templates\/side-menu.php","meta":{"_bbp_topic_count":0,"_bbp_reply_count":0,"_bbp_total_topic_count":0,"_bbp_total_reply_count":0,"_bbp_voice_count":0,"_bbp_anonymous_reply_count":0,"_bbp_topic_count_hidden":0,"_bbp_reply_count_hidden":0,"_bbp_forum_subforum_count":0,"footnotes":""},"class_list":["post-39","page","type-page","status-publish","hentry"],"post_mailing_queue_ids":[],"_links":{"self":[{"href":"https:\/\/agora.xtec.cat\/col-sagrat-cor\/wp-json\/wp\/v2\/pages\/39","targetHints":{"allow":["GET"]}}],"collection":[{"href":"https:\/\/agora.xtec.cat\/col-sagrat-cor\/wp-json\/wp\/v2\/pages"}],"about":[{"href":"https:\/\/agora.xtec.cat\/col-sagrat-cor\/wp-json\/wp\/v2\/types\/page"}],"author":[{"embeddable":true,"href":"https:\/\/agora.xtec.cat\/col-sagrat-cor\/wp-json\/wp\/v2\/users\/1"}],"replies":[{"embeddable":true,"href":"https:\/\/agora.xtec.cat\/col-sagrat-cor\/wp-json\/wp\/v2\/comments?post=39"}],"version-history":[{"count":4,"href":"https:\/\/agora.xtec.cat\/col-sagrat-cor\/wp-json\/wp\/v2\/pages\/39\/revisions"}],"predecessor-version":[{"id":6530,"href":"https:\/\/agora.xtec.cat\/col-sagrat-cor\/wp-json\/wp\/v2\/pages\/39\/revisions\/6530"}],"up":[{"embeddable":true,"href":"https:\/\/agora.xtec.cat\/col-sagrat-cor\/wp-json\/wp\/v2\/pages\/19"}],"wp:attachment":[{"href":"https:\/\/agora.xtec.cat\/col-sagrat-cor\/wp-json\/wp\/v2\/media?parent=39"}],"curies":[{"name":"wp","href":"https:\/\/api.w.org\/{rel}","templated":true}]}}