{"id":19,"date":"2014-09-17T14:56:56","date_gmt":"2014-09-17T12:56:56","guid":{"rendered":"http:\/\/agora.xtec.cat\/col-sagrat-cor\/?page_id=19"},"modified":"2016-11-21T20:11:25","modified_gmt":"2016-11-21T19:11:25","slug":"col%c2%b7legi","status":"publish","type":"page","link":"https:\/\/agora.xtec.cat\/col-sagrat-cor\/col%c2%b7legi\/","title":{"rendered":"El Col\u00b7legi"},"content":{"rendered":"<p style=\"text-align: justify;\">Des dels seus or\u00edgens la seva finalitat ha estat promoure el desenvolupament de l&#8217;alumnat en totes les seves dimensions per tal d&#8217;arribar a ser una persona lliure, responsable i solid\u00e0ria.<\/p>\n<p style=\"text-align: justify;\">Amb aquest objectiu:<\/p>\n<ul>\n<li style=\"text-align: justify;\">Ajudem els alumnes a con\u00e8ixer i potenciar les seves possibilitats intel\u00b7lectuals, f\u00edsiques i afectives.<\/li>\n<li style=\"text-align: justify;\">Afavorim el creixement de la dimensi\u00f3 sociocultural de l&#8217;alumne.<\/li>\n<li style=\"text-align: justify;\">Oferim una educaci\u00f3 basada en la religi\u00f3 cat\u00f2lica i en els seus valors \u00e8tics.<\/li>\n<\/ul>\n","protected":false},"excerpt":{"rendered":"<p>Des dels seus or\u00edgens la seva finalitat ha estat promoure el desenvolupament de l&#8217;alumnat en totes les seves dimensions per tal d&#8217;arribar a ser una persona lliure, responsable i solid\u00e0ria.<br \/>\nAmb aquest objectiu:<\/p>\n<ul>\n<li style=\"text-align: justify;\">Ajudem els alumnes a con\u00e8ixer i potenciar les seves possibilitats intel\u00b7lectuals, f\u00edsiques&hellip;  <a href=\"https:\/\/agora.xtec.cat\/col-sagrat-cor\/col%c2%b7legi\/\" title=\"Read El Col\u00b7legi\">Llegeix m\u00e9s\u00bb<\/a><br \/>\n","protected":false},"author":1,"featured_media":0,"parent":0,"menu_order":0,"comment_status":"closed","ping_status":"closed","template":"page-templates\/side-menu.php","meta":{"_bbp_topic_count":0,"_bbp_reply_count":0,"_bbp_total_topic_count":0,"_bbp_total_reply_count":0,"_bbp_voice_count":0,"_bbp_anonymous_reply_count":0,"_bbp_topic_count_hidden":0,"_bbp_reply_count_hidden":0,"_bbp_forum_subforum_count":0,"footnotes":""},"class_list":["post-19","page","type-page","status-publish","hentry"],"post_mailing_queue_ids":[],"_links":{"self":[{"href":"https:\/\/agora.xtec.cat\/col-sagrat-cor\/wp-json\/wp\/v2\/pages\/19","targetHints":{"allow":["GET"]}}],"collection":[{"href":"https:\/\/agora.xtec.cat\/col-sagrat-cor\/wp-json\/wp\/v2\/pages"}],"about":[{"href":"https:\/\/agora.xtec.cat\/col-sagrat-cor\/wp-json\/wp\/v2\/types\/page"}],"author":[{"embeddable":true,"href":"https:\/\/agora.xtec.cat\/col-sagrat-cor\/wp-json\/wp\/v2\/users\/1"}],"replies":[{"embeddable":true,"href":"https:\/\/agora.xtec.cat\/col-sagrat-cor\/wp-json\/wp\/v2\/comments?post=19"}],"version-history":[{"count":3,"href":"https:\/\/agora.xtec.cat\/col-sagrat-cor\/wp-json\/wp\/v2\/pages\/19\/revisions"}],"predecessor-version":[{"id":465,"href":"https:\/\/agora.xtec.cat\/col-sagrat-cor\/wp-json\/wp\/v2\/pages\/19\/revisions\/465"}],"wp:attachment":[{"href":"https:\/\/agora.xtec.cat\/col-sagrat-cor\/wp-json\/wp\/v2\/media?parent=19"}],"curies":[{"name":"wp","href":"https:\/\/api.w.org\/{rel}","templated":true}]}}