{"id":573,"date":"2023-11-30T12:24:39","date_gmt":"2023-11-30T11:24:39","guid":{"rendered":"https:\/\/agora.xtec.cat\/col-ramiro-maeztu-badalona\/?page_id=573"},"modified":"2024-09-18T12:26:28","modified_gmt":"2024-09-18T10:26:28","slug":"normes-dorganitzacio-i-funcionament-de-centre","status":"publish","type":"page","link":"https:\/\/agora.xtec.cat\/col-ramiro-maeztu-badalona\/cultura-digital\/normes-dorganitzacio-i-funcionament-de-centre\/","title":{"rendered":"Normes d&#8217;Organitzaci\u00f3 i Funcionament de Centre"},"content":{"rendered":"<p>Les Normes d\u2019Organitzaci\u00f3 i Funcionament del Centre (NOFC) \u00e9s el document que recull de manera ordenada els preceptes que regeixen la nostra organitzaci\u00f3 i les interrelacions de la vida escolar: explicita l\u2019estructura; defineix els vincles; recull les funcions, els drets i els deures dels diferents sectors que formen l\u2019escola; fixa els procediments; adapta la normativa general a la nostra realitat i estableix l\u2019espec\u00edfica pel nostre centre educatiu.<\/p>\n<p>&nbsp;<\/p>\n<p><a href=\"https:\/\/agora.xtec.cat\/col-ramiro-maeztu-badalona\/wp-content\/uploads\/usu2946\/2024\/09\/NOFC-RAMIRO-DE-MAEZTU-24-25.pdf\">NOFC RAMIRO DE MAEZTU 24-25<\/a><\/p>\n","protected":false},"excerpt":{"rendered":"<p>Les Normes d\u2019Organitzaci\u00f3 i Funcionament del Centre (NOFC) \u00e9s el document que recull de manera ordenada els preceptes que regeixen la nostra organitzaci\u00f3 i les interrelacions de la vida escolar: explicita l\u2019estructura; defineix els vincles; recull les funcions, els drets i els deures dels diferents&hellip;  <a href=\"https:\/\/agora.xtec.cat\/col-ramiro-maeztu-badalona\/cultura-digital\/normes-dorganitzacio-i-funcionament-de-centre\/\" title=\"Read Normes d&#8217;Organitzaci\u00f3 i Funcionament de Centre\">Llegeix m\u00e9s\u00bb<\/a><\/p>\n","protected":false},"author":1,"featured_media":0,"parent":569,"menu_order":0,"comment_status":"closed","ping_status":"closed","template":"","meta":{"_bbp_topic_count":0,"_bbp_reply_count":0,"_bbp_total_topic_count":0,"_bbp_total_reply_count":0,"_bbp_voice_count":0,"_bbp_anonymous_reply_count":0,"_bbp_topic_count_hidden":0,"_bbp_reply_count_hidden":0,"_bbp_forum_subforum_count":0,"footnotes":""},"class_list":["post-573","page","type-page","status-publish","hentry"],"post_mailing_queue_ids":[],"_links":{"self":[{"href":"https:\/\/agora.xtec.cat\/col-ramiro-maeztu-badalona\/wp-json\/wp\/v2\/pages\/573","targetHints":{"allow":["GET"]}}],"collection":[{"href":"https:\/\/agora.xtec.cat\/col-ramiro-maeztu-badalona\/wp-json\/wp\/v2\/pages"}],"about":[{"href":"https:\/\/agora.xtec.cat\/col-ramiro-maeztu-badalona\/wp-json\/wp\/v2\/types\/page"}],"author":[{"embeddable":true,"href":"https:\/\/agora.xtec.cat\/col-ramiro-maeztu-badalona\/wp-json\/wp\/v2\/users\/1"}],"replies":[{"embeddable":true,"href":"https:\/\/agora.xtec.cat\/col-ramiro-maeztu-badalona\/wp-json\/wp\/v2\/comments?post=573"}],"version-history":[{"count":6,"href":"https:\/\/agora.xtec.cat\/col-ramiro-maeztu-badalona\/wp-json\/wp\/v2\/pages\/573\/revisions"}],"predecessor-version":[{"id":754,"href":"https:\/\/agora.xtec.cat\/col-ramiro-maeztu-badalona\/wp-json\/wp\/v2\/pages\/573\/revisions\/754"}],"up":[{"embeddable":true,"href":"https:\/\/agora.xtec.cat\/col-ramiro-maeztu-badalona\/wp-json\/wp\/v2\/pages\/569"}],"wp:attachment":[{"href":"https:\/\/agora.xtec.cat\/col-ramiro-maeztu-badalona\/wp-json\/wp\/v2\/media?parent=573"}],"curies":[{"name":"wp","href":"https:\/\/api.w.org\/{rel}","templated":true}]}}