{"id":572,"date":"2023-11-30T12:24:39","date_gmt":"2023-11-30T11:24:39","guid":{"rendered":"https:\/\/agora.xtec.cat\/col-ramiro-maeztu-badalona\/?page_id=572"},"modified":"2023-12-12T09:43:30","modified_gmt":"2023-12-12T08:43:30","slug":"pla-lingistica-de-centre","status":"publish","type":"page","link":"https:\/\/agora.xtec.cat\/col-ramiro-maeztu-badalona\/cultura-digital\/pla-lingistica-de-centre\/","title":{"rendered":"Pla Ling\u00fc\u00edstic de Centre"},"content":{"rendered":"<p>El projecte ling\u00fc\u00edstic \u00e9s el document que recull els aspectes relatius a l&#8217;ensenyament i a l&#8217;\u00fas de les lleng\u00fces en el centre educatiu.<\/p>\n<p>En aquest document queden definits el tractament de la llengua catalana i, si escau, de l&#8217;aran\u00e8s com a llengua vehicular i d&#8217;aprenentatge, el proc\u00e9s d&#8217;ensenyament i aprenentatge de la llengua castellana, les diferents opcions amb refer\u00e8ncia a les lleng\u00fces estrangeres i els criteris generals per a les adequacions de les lleng\u00fces a la realitat socioling\u00fc\u00edstica del centre.<\/p>\n<p>&nbsp;<\/p>\n<p>&nbsp;<\/p>\n<p><strong>PLA LING\u00dc\u00cdSTIC DE CENTRE<\/strong><\/p>\n","protected":false},"excerpt":{"rendered":"<p>El projecte ling\u00fc\u00edstic \u00e9s el document que recull els aspectes relatius a l&#8217;ensenyament i a l&#8217;\u00fas de les lleng\u00fces en el centre educatiu.<br \/>\nEn aquest document queden definits el tractament de la llengua catalana i, si escau, de l&#8217;aran\u00e8s com a llengua vehicular i d&#8217;aprenentatge, el&hellip;  <a href=\"https:\/\/agora.xtec.cat\/col-ramiro-maeztu-badalona\/cultura-digital\/pla-lingistica-de-centre\/\" title=\"Read Pla Ling\u00fc\u00edstic de Centre\">Llegeix m\u00e9s\u00bb<\/a><\/p>\n","protected":false},"author":1,"featured_media":0,"parent":569,"menu_order":0,"comment_status":"closed","ping_status":"closed","template":"","meta":{"_bbp_topic_count":0,"_bbp_reply_count":0,"_bbp_total_topic_count":0,"_bbp_total_reply_count":0,"_bbp_voice_count":0,"_bbp_anonymous_reply_count":0,"_bbp_topic_count_hidden":0,"_bbp_reply_count_hidden":0,"_bbp_forum_subforum_count":0,"footnotes":""},"class_list":["post-572","page","type-page","status-publish","hentry"],"post_mailing_queue_ids":[],"_links":{"self":[{"href":"https:\/\/agora.xtec.cat\/col-ramiro-maeztu-badalona\/wp-json\/wp\/v2\/pages\/572","targetHints":{"allow":["GET"]}}],"collection":[{"href":"https:\/\/agora.xtec.cat\/col-ramiro-maeztu-badalona\/wp-json\/wp\/v2\/pages"}],"about":[{"href":"https:\/\/agora.xtec.cat\/col-ramiro-maeztu-badalona\/wp-json\/wp\/v2\/types\/page"}],"author":[{"embeddable":true,"href":"https:\/\/agora.xtec.cat\/col-ramiro-maeztu-badalona\/wp-json\/wp\/v2\/users\/1"}],"replies":[{"embeddable":true,"href":"https:\/\/agora.xtec.cat\/col-ramiro-maeztu-badalona\/wp-json\/wp\/v2\/comments?post=572"}],"version-history":[{"count":3,"href":"https:\/\/agora.xtec.cat\/col-ramiro-maeztu-badalona\/wp-json\/wp\/v2\/pages\/572\/revisions"}],"predecessor-version":[{"id":633,"href":"https:\/\/agora.xtec.cat\/col-ramiro-maeztu-badalona\/wp-json\/wp\/v2\/pages\/572\/revisions\/633"}],"up":[{"embeddable":true,"href":"https:\/\/agora.xtec.cat\/col-ramiro-maeztu-badalona\/wp-json\/wp\/v2\/pages\/569"}],"wp:attachment":[{"href":"https:\/\/agora.xtec.cat\/col-ramiro-maeztu-badalona\/wp-json\/wp\/v2\/media?parent=572"}],"curies":[{"name":"wp","href":"https:\/\/api.w.org\/{rel}","templated":true}]}}