{"id":569,"date":"2023-11-30T12:24:38","date_gmt":"2023-11-30T11:24:38","guid":{"rendered":"https:\/\/agora.xtec.cat\/col-ramiro-maeztu-badalona\/?page_id=569"},"modified":"2023-12-12T11:07:07","modified_gmt":"2023-12-12T10:07:07","slug":"cultura-digital","status":"publish","type":"page","link":"https:\/\/agora.xtec.cat\/col-ramiro-maeztu-badalona\/cultura-digital\/","title":{"rendered":"Cultura Digital"},"content":{"rendered":"<p>S\u00f3n el conjunt d&#8217;accions, procediments, protocols i acords relacionats amb tots els \u00e0mbits digitals del centre organitzats en forma de recull i posat a disposici\u00f3 de la comunitat educativa:<\/p>\n<ul class=\"sub-menu menu-odd menu-depth-1\">\n<li id=\"nav-menu-item-579\" class=\"sub-menu-item menu-item-odd menu-item-depth-1 menu-item menu-item-type-post_type menu-item-object-page\"><a href=\"https:\/\/agora.xtec.cat\/col-ramiro-maeztu-badalona\/cultura-digital\/estrategia-digtal-de-centre\/\">Estrat\u00e8gia Digital de Centre<\/a><\/li>\n<li id=\"nav-menu-item-577\" class=\"sub-menu-item menu-item-odd menu-item-depth-1 menu-item menu-item-type-post_type menu-item-object-page\"><a href=\"https:\/\/agora.xtec.cat\/col-ramiro-maeztu-badalona\/cultura-digital\/pla-estrategic-de-centre\/\">Projecte Educatiu de Centre<\/a><\/li>\n<li id=\"nav-menu-item-581\" class=\"sub-menu-item menu-item-odd menu-item-depth-1 menu-item menu-item-type-post_type menu-item-object-page\"><a href=\"https:\/\/agora.xtec.cat\/col-ramiro-maeztu-badalona\/cultura-digital\/pla-lingistica-de-centre\/\">Pla Ling\u00fc\u00edstic de Centre<\/a><\/li>\n<li id=\"nav-menu-item-583\" class=\"sub-menu-item menu-item-odd menu-item-depth-1 menu-item menu-item-type-post_type menu-item-object-page\"><a href=\"https:\/\/agora.xtec.cat\/col-ramiro-maeztu-badalona\/cultura-digital\/normes-dorganitzacio-i-funcionament-de-centre\/\">Normes d\u2019Organitzaci\u00f3 i Funcionament de Centre<\/a><\/li>\n<\/ul>\n","protected":false},"excerpt":{"rendered":"<p>S\u00f3n el conjunt d&#8217;accions, procediments, protocols i acords relacionats amb tots els \u00e0mbits digitals del centre organitzats en forma de recull i posat a disposici\u00f3 de la comunitat educativa:<\/p>\n<ul class=\"sub-menu menu-odd menu-depth-1\">\n<li id=\"nav-menu-item-579\" class=\"sub-menu-item menu-item-odd menu-item-depth-1 menu-item menu-item-type-post_type menu-item-object-page\"><a href=\"https:\/\/agora.xtec.cat\/col-ramiro-maeztu-badalona\/cultura-digital\/estrategia-digtal-de-centre\/\">Estrat\u00e8gia Digital de Centre<\/a><\/li>\n<li id=\"nav-menu-item-577\" class=\"sub-menu-item&hellip;  <a href=\"https:\/\/agora.xtec.cat\/col-ramiro-maeztu-badalona\/cultura-digital\/\" title=\"Read Cultura Digital\">Llegeix m\u00e9s\u00bb<\/a><br \/>\n","protected":false},"author":1,"featured_media":0,"parent":0,"menu_order":0,"comment_status":"closed","ping_status":"closed","template":"","meta":{"_bbp_topic_count":0,"_bbp_reply_count":0,"_bbp_total_topic_count":0,"_bbp_total_reply_count":0,"_bbp_voice_count":0,"_bbp_anonymous_reply_count":0,"_bbp_topic_count_hidden":0,"_bbp_reply_count_hidden":0,"_bbp_forum_subforum_count":0,"footnotes":""},"class_list":["post-569","page","type-page","status-publish","hentry"],"post_mailing_queue_ids":[],"_links":{"self":[{"href":"https:\/\/agora.xtec.cat\/col-ramiro-maeztu-badalona\/wp-json\/wp\/v2\/pages\/569","targetHints":{"allow":["GET"]}}],"collection":[{"href":"https:\/\/agora.xtec.cat\/col-ramiro-maeztu-badalona\/wp-json\/wp\/v2\/pages"}],"about":[{"href":"https:\/\/agora.xtec.cat\/col-ramiro-maeztu-badalona\/wp-json\/wp\/v2\/types\/page"}],"author":[{"embeddable":true,"href":"https:\/\/agora.xtec.cat\/col-ramiro-maeztu-badalona\/wp-json\/wp\/v2\/users\/1"}],"replies":[{"embeddable":true,"href":"https:\/\/agora.xtec.cat\/col-ramiro-maeztu-badalona\/wp-json\/wp\/v2\/comments?post=569"}],"version-history":[{"count":4,"href":"https:\/\/agora.xtec.cat\/col-ramiro-maeztu-badalona\/wp-json\/wp\/v2\/pages\/569\/revisions"}],"predecessor-version":[{"id":647,"href":"https:\/\/agora.xtec.cat\/col-ramiro-maeztu-badalona\/wp-json\/wp\/v2\/pages\/569\/revisions\/647"}],"wp:attachment":[{"href":"https:\/\/agora.xtec.cat\/col-ramiro-maeztu-badalona\/wp-json\/wp\/v2\/media?parent=569"}],"curies":[{"name":"wp","href":"https:\/\/api.w.org\/{rel}","templated":true}]}}