{"id":30,"date":"2014-09-18T12:30:23","date_gmt":"2014-09-18T11:30:23","guid":{"rendered":"http:\/\/agora.xtec.cat\/col-ramiro-maeztu-badalona\/?page_id=30"},"modified":"2023-12-01T08:42:41","modified_gmt":"2023-12-01T07:42:41","slug":"instal%c2%b7lacions","status":"publish","type":"page","link":"https:\/\/agora.xtec.cat\/col-ramiro-maeztu-badalona\/lescola\/instal%c2%b7lacions\/","title":{"rendered":"Instal\u00b7lacions"},"content":{"rendered":"<p><span style=\"font-size: 2.3125em; font-weight: bold;\">Edifici d&#8217;Educaci\u00f3 Infantil i Prim\u00e0ria<\/span><\/p>\n<p>L\u2019edifici d\u2019educaci\u00f3 infantil i prim\u00e0ria disposa de:<\/p>\n<p>3 aules d&#8217;educaci\u00f3 infantil amb aire condicionat<br \/>\n6 aules d\u2019educaci\u00f3 prim\u00e0ria amb aire condicionat<br \/>\nAula amb pantalla digital<br \/>\nAula per fer psicomotricitat i altres activitats<br \/>\nPati interior propi de 1.500 m2 per alumnes d&#8217;Educaci\u00f3 Infantil i 1r i 2n d&#8217;Educaci\u00f3 Prim\u00e0ria<br \/>\nAula amb pantalla digital<br \/>\nAula per fer psicomotricitat i altres activitats<br \/>\nPati interior propi\u00a0 de 1.500 m2 \u00a0per alumnes d&#8217;Educaci\u00f3 Infantil i 1r i 2n d&#8217;Educaci\u00f3 Prim\u00e0ria<br \/>\nAula d&#8217;inform\u00e0tica<br \/>\nServei de menjador<br \/>\nSala d&#8217;usos m\u00faltiples<br \/>\nHort escolar des de P3 fins a 6\u00e8 d&#8217;E.P.<br \/>\nTotes les aules disposen de wi-fi, pantalla, pissarres interactives, projector i altaveus<\/p>\n<h2><\/h2>\n<div class=\"\" data-mesh-id=\"comp-lbapsjq81inlineContent\" data-testid=\"inline-content\">\n<div data-mesh-id=\"comp-lbapsjq81inlineContent-gridContainer\" data-testid=\"mesh-container-content\">\n<div id=\"comp-knq4gwlt\" class=\"BaOVQ8 tz5f0K comp-knq4gwlt wixui-rich-text\" data-testid=\"richTextElement\">\n<p class=\"font_8 wixui-rich-text__text\"><span style=\"font-size: 2.3125em; font-weight: bold;\">Edifici d&#8217;Educaci\u00f3 Secund\u00e0ria<\/span><\/p>\n<p class=\"font_8 wixui-rich-text__text\"><span style=\"font-family: inherit; font-size: 1em;\">L\u2019edifici d\u2019educaci\u00f3 secund\u00e0ria disposa de:<\/span><\/p>\n<\/div>\n<div id=\"comp-ijt2py9d\" class=\"BaOVQ8 tz5f0K comp-ijt2py9d wixui-rich-text\" data-testid=\"richTextElement\">\n<p>4 aules d\u2019educaci\u00f3 secund\u00e0ria<br \/>\nAula de m\u00fasica, dansa i altres activitats<br \/>\nAules de desdoblament<br \/>\nAules per treballar en petits grups<br \/>\nPati interior\u00a0 propi amb instal\u00b7lacions de tenis taula i\u00a0 b\u00e0squet<br \/>\nAula d&#8217;inform\u00e0tica<br \/>\nAula d&#8217;educaci\u00f3 visual i pl\u00e0stica<br \/>\nTaller de tecnologia<br \/>\nLaboratori de ci\u00e8ncies naturals<br \/>\nTotes les aules disposen de wi-fi, projector, pissarres interactives, altaveus i pantalla<\/p>\n<\/div>\n<\/div>\n<\/div>\n","protected":false},"excerpt":{"rendered":"<p>Edifici d&#8217;Educaci\u00f3 Infantil i Prim\u00e0ria<br \/>\nL\u2019edifici d\u2019educaci\u00f3 infantil i prim\u00e0ria disposa de:<br \/>\n3 aules d&#8217;educaci\u00f3 infantil amb aire condicionat<br \/>\n6 aules d\u2019educaci\u00f3 prim\u00e0ria amb aire condicionat<br \/>\nAula amb pantalla digital<br \/>\nAula per fer psicomotricitat i altres activitats<br \/>\nPati interior propi de 1.500 m2 per alumnes d&#8217;Educaci\u00f3 Infantil i 1r i 2n&hellip;  <a href=\"https:\/\/agora.xtec.cat\/col-ramiro-maeztu-badalona\/lescola\/instal%c2%b7lacions\/\" title=\"Read Instal\u00b7lacions\">Llegeix m\u00e9s\u00bb<\/a><\/p>\n","protected":false},"author":1,"featured_media":0,"parent":22,"menu_order":40,"comment_status":"closed","ping_status":"closed","template":"page-templates\/side-menu.php","meta":{"_bbp_topic_count":0,"_bbp_reply_count":0,"_bbp_total_topic_count":0,"_bbp_total_reply_count":0,"_bbp_voice_count":0,"_bbp_anonymous_reply_count":0,"_bbp_topic_count_hidden":0,"_bbp_reply_count_hidden":0,"_bbp_forum_subforum_count":0,"footnotes":""},"class_list":["post-30","page","type-page","status-publish","hentry"],"post_mailing_queue_ids":[],"_links":{"self":[{"href":"https:\/\/agora.xtec.cat\/col-ramiro-maeztu-badalona\/wp-json\/wp\/v2\/pages\/30","targetHints":{"allow":["GET"]}}],"collection":[{"href":"https:\/\/agora.xtec.cat\/col-ramiro-maeztu-badalona\/wp-json\/wp\/v2\/pages"}],"about":[{"href":"https:\/\/agora.xtec.cat\/col-ramiro-maeztu-badalona\/wp-json\/wp\/v2\/types\/page"}],"author":[{"embeddable":true,"href":"https:\/\/agora.xtec.cat\/col-ramiro-maeztu-badalona\/wp-json\/wp\/v2\/users\/1"}],"replies":[{"embeddable":true,"href":"https:\/\/agora.xtec.cat\/col-ramiro-maeztu-badalona\/wp-json\/wp\/v2\/comments?post=30"}],"version-history":[{"count":5,"href":"https:\/\/agora.xtec.cat\/col-ramiro-maeztu-badalona\/wp-json\/wp\/v2\/pages\/30\/revisions"}],"predecessor-version":[{"id":522,"href":"https:\/\/agora.xtec.cat\/col-ramiro-maeztu-badalona\/wp-json\/wp\/v2\/pages\/30\/revisions\/522"}],"up":[{"embeddable":true,"href":"https:\/\/agora.xtec.cat\/col-ramiro-maeztu-badalona\/wp-json\/wp\/v2\/pages\/22"}],"wp:attachment":[{"href":"https:\/\/agora.xtec.cat\/col-ramiro-maeztu-badalona\/wp-json\/wp\/v2\/media?parent=30"}],"curies":[{"name":"wp","href":"https:\/\/api.w.org\/{rel}","templated":true}]}}