{"id":26,"date":"2014-09-18T12:24:32","date_gmt":"2014-09-18T11:24:32","guid":{"rendered":"http:\/\/agora.xtec.cat\/col-ramiro-maeztu-badalona\/?page_id=26"},"modified":"2023-12-01T08:59:21","modified_gmt":"2023-12-01T07:59:21","slug":"historia","status":"publish","type":"page","link":"https:\/\/agora.xtec.cat\/col-ramiro-maeztu-badalona\/lescola\/historia\/","title":{"rendered":"Hist\u00f2ria"},"content":{"rendered":"<p>El col\u00b7legi Ramiro de Maeztu es fund\u00e0 l\u2019any 1971. Des dels seus or\u00edgens, ja fa 50 anys, fins a l\u2019actualitat, ha format part de la realitat quotidiana del barri de Llefi\u00e0. Nombrosos ve\u00efns del barri han estat alumnes del nostre col\u00b7legi i ara ens confien l\u2019educaci\u00f3 dels seus fills. I \u00e9s que el col\u00b7legi Ramiro de Maeztu s\u2019ha sentit sempre integrat en el seu barri i col\u00b7labora, en tot el que pot, amb les seves entitats socials i culturals.<a href=\"https:\/\/agora.xtec.cat\/col-ramiro-maeztu-badalona\/wp-content\/uploads\/usu2946\/2023\/11\/cropped-logo-cole.jpg\"><img loading=\"lazy\" decoding=\"async\" class=\"wp-image-504 alignleft\" src=\"https:\/\/agora.xtec.cat\/col-ramiro-maeztu-badalona\/wp-content\/uploads\/usu2946\/2023\/11\/cropped-logo-cole.jpg\" alt=\"\" width=\"269\" height=\"269\" srcset=\"https:\/\/agora.xtec.cat\/col-ramiro-maeztu-badalona\/wp-content\/uploads\/usu2946\/2023\/11\/cropped-logo-cole.jpg 512w, https:\/\/agora.xtec.cat\/col-ramiro-maeztu-badalona\/wp-content\/uploads\/usu2946\/2023\/11\/cropped-logo-cole-300x300.jpg 300w, https:\/\/agora.xtec.cat\/col-ramiro-maeztu-badalona\/wp-content\/uploads\/usu2946\/2023\/11\/cropped-logo-cole-150x150.jpg 150w, https:\/\/agora.xtec.cat\/col-ramiro-maeztu-badalona\/wp-content\/uploads\/usu2946\/2023\/11\/cropped-logo-cole-270x270.jpg 270w, https:\/\/agora.xtec.cat\/col-ramiro-maeztu-badalona\/wp-content\/uploads\/usu2946\/2023\/11\/cropped-logo-cole-192x192.jpg 192w, https:\/\/agora.xtec.cat\/col-ramiro-maeztu-badalona\/wp-content\/uploads\/usu2946\/2023\/11\/cropped-logo-cole-180x180.jpg 180w, https:\/\/agora.xtec.cat\/col-ramiro-maeztu-badalona\/wp-content\/uploads\/usu2946\/2023\/11\/cropped-logo-cole-32x32.jpg 32w\" sizes=\"auto, (max-width: 269px) 100vw, 269px\" \/><\/a><\/p>\n<p>Per les dates en qu\u00e8 es va fundar el col\u00b7legi, aquest barri era molt diferent de la seva situaci\u00f3 actual. Malgrat que l\u2019especulaci\u00f3 del terreny i la construcci\u00f3 de vivendes a bon ritme ja s\u2019havia iniciat, encara es veien alguns solars sense edificar i terrenys sense asfaltar on els nens podien c\u00f3rrer i jugar lliurement. Eren els comen\u00e7aments de l\u2019E.G.B. Escassejaven els col\u00b7legis i escolaritzar els nens era un problema. Les classes estaven a vessar degut a aquests problemes d\u2019escolaritzaci\u00f3. Classes repletes de nens i nenes, per\u00f2 de les que han sortit enginyers, metges, professors, advocats, economistes, f\u00edsics, qu\u00edmics, comerciants, mec\u00e0nics\u2026 i innumerables professions dif\u00edcils d\u2019anomenar. Nens que van con\u00e8ixer el naixement d\u2019un barri i d\u2019un col\u00b7legi i que ara ocupen importants llocs a la societat per\u00f2 que continuen venint al col\u00b7legi, com si fos casa seva, a saludar els seus antics professors i a recordar vells temps.<\/p>\n","protected":false},"excerpt":{"rendered":"<p>El col\u00b7legi Ramiro de Maeztu es fund\u00e0 l\u2019any 1971. Des dels seus or\u00edgens, ja fa 50 anys, fins a l\u2019actualitat, ha format part de la realitat quotidiana del barri de Llefi\u00e0. Nombrosos ve\u00efns del barri han estat alumnes del nostre col\u00b7legi i ara ens confien&hellip;  <a href=\"https:\/\/agora.xtec.cat\/col-ramiro-maeztu-badalona\/lescola\/historia\/\" title=\"Read Hist\u00f2ria\">Llegeix m\u00e9s\u00bb<\/a><\/p>\n","protected":false},"author":1,"featured_media":0,"parent":22,"menu_order":20,"comment_status":"closed","ping_status":"closed","template":"page-templates\/side-menu.php","meta":{"_bbp_topic_count":0,"_bbp_reply_count":0,"_bbp_total_topic_count":0,"_bbp_total_reply_count":0,"_bbp_voice_count":0,"_bbp_anonymous_reply_count":0,"_bbp_topic_count_hidden":0,"_bbp_reply_count_hidden":0,"_bbp_forum_subforum_count":0,"footnotes":""},"class_list":["post-26","page","type-page","status-publish","hentry"],"post_mailing_queue_ids":[],"_links":{"self":[{"href":"https:\/\/agora.xtec.cat\/col-ramiro-maeztu-badalona\/wp-json\/wp\/v2\/pages\/26","targetHints":{"allow":["GET"]}}],"collection":[{"href":"https:\/\/agora.xtec.cat\/col-ramiro-maeztu-badalona\/wp-json\/wp\/v2\/pages"}],"about":[{"href":"https:\/\/agora.xtec.cat\/col-ramiro-maeztu-badalona\/wp-json\/wp\/v2\/types\/page"}],"author":[{"embeddable":true,"href":"https:\/\/agora.xtec.cat\/col-ramiro-maeztu-badalona\/wp-json\/wp\/v2\/users\/1"}],"replies":[{"embeddable":true,"href":"https:\/\/agora.xtec.cat\/col-ramiro-maeztu-badalona\/wp-json\/wp\/v2\/comments?post=26"}],"version-history":[{"count":4,"href":"https:\/\/agora.xtec.cat\/col-ramiro-maeztu-badalona\/wp-json\/wp\/v2\/pages\/26\/revisions"}],"predecessor-version":[{"id":629,"href":"https:\/\/agora.xtec.cat\/col-ramiro-maeztu-badalona\/wp-json\/wp\/v2\/pages\/26\/revisions\/629"}],"up":[{"embeddable":true,"href":"https:\/\/agora.xtec.cat\/col-ramiro-maeztu-badalona\/wp-json\/wp\/v2\/pages\/22"}],"wp:attachment":[{"href":"https:\/\/agora.xtec.cat\/col-ramiro-maeztu-badalona\/wp-json\/wp\/v2\/media?parent=26"}],"curies":[{"name":"wp","href":"https:\/\/api.w.org\/{rel}","templated":true}]}}