{"id":24,"date":"2014-09-18T12:23:15","date_gmt":"2014-09-18T11:23:15","guid":{"rendered":"http:\/\/agora.xtec.cat\/col-ramiro-maeztu-badalona\/?page_id=24"},"modified":"2023-12-13T13:41:26","modified_gmt":"2023-12-13T12:41:26","slug":"on-som","status":"publish","type":"page","link":"https:\/\/agora.xtec.cat\/col-ramiro-maeztu-badalona\/lescola\/on-som\/","title":{"rendered":"On som"},"content":{"rendered":"<h1><strong>Col\u00b7legi Ramiro de Maeztu<\/strong><\/h1>\n<p class=\"font_7 wixui-rich-text__text\"><span class=\"wixui-rich-text__text\">El col\u00b7legi Ramiro de Maeztu \u00e9s una escola de titularitat privada, concertada pel departament d\u2019Ensenyament, d\u2019una \u00fanica l\u00ednia, oberta a tothom, integradora i que t\u00e9 com a objectiu la formaci\u00f3 de persones solid\u00e0ries, tolerants, respectuoses i lliures.<\/span><\/p>\n<p class=\"font_7 wixui-rich-text__text\"><span class=\"wixui-rich-text__text\">Est\u00e0 situada al barri de Llefi\u00e0 de Badalona. Aquest barri es troba a la zona sud de Badalona, a la part alta de la ciutat. \u00c9s un barri obrer, actualment amb una alta taxa d\u2019atur.<\/span><\/p>\n<p class=\"font_7 wixui-rich-text__text\"><span class=\"wixui-rich-text__text\">Limita amb els barris d\u2019Artigas i Sant Roc i la ciutat de Sant Adri\u00e0 de Bes\u00f2s al sud, amb el barri de La Salut al nord-est i la ciutat de Santa Coloma de Gramenet a l\u2019oest, i t\u00e9 una extensi\u00f3 de 0,93 km quadrats.<\/span><\/p>\n<p><strong>\u00a0<\/strong><\/p>\n<p><strong><a href=\"https:\/\/agora.xtec.cat\/col-ramiro-maeztu-badalona\/wp-content\/uploads\/usu2946\/2023\/12\/situacio-collegi-Ramiro-Maeztu-1-2.png\"><img loading=\"lazy\" decoding=\"async\" class=\"wp-image-626 alignleft\" src=\"https:\/\/agora.xtec.cat\/col-ramiro-maeztu-badalona\/wp-content\/uploads\/usu2946\/2023\/12\/situacio-collegi-Ramiro-Maeztu-1-2-1024x642.png\" alt=\"\" width=\"710\" height=\"445\" srcset=\"https:\/\/agora.xtec.cat\/col-ramiro-maeztu-badalona\/wp-content\/uploads\/usu2946\/2023\/12\/situacio-collegi-Ramiro-Maeztu-1-2-1024x642.png 1024w, https:\/\/agora.xtec.cat\/col-ramiro-maeztu-badalona\/wp-content\/uploads\/usu2946\/2023\/12\/situacio-collegi-Ramiro-Maeztu-1-2-300x188.png 300w, https:\/\/agora.xtec.cat\/col-ramiro-maeztu-badalona\/wp-content\/uploads\/usu2946\/2023\/12\/situacio-collegi-Ramiro-Maeztu-1-2-768x481.png 768w, https:\/\/agora.xtec.cat\/col-ramiro-maeztu-badalona\/wp-content\/uploads\/usu2946\/2023\/12\/situacio-collegi-Ramiro-Maeztu-1-2.png 1434w\" sizes=\"auto, (max-width: 710px) 100vw, 710px\" \/><\/a>Edifici d&#8217;educaci\u00f3 infantil i prim\u00e0ria:<\/strong><br \/>\ncarrer Ramiro de Maeztu, s\/n<br \/>\n08913\u00a0\u00a0 Badalona<br \/>\nTel\u00e8fon: 93 388 02 38 \/ \u00a0607273457<\/p>\n<p>&nbsp;<\/p>\n<p><strong style=\"font-family: inherit; font-size: 1em;\">Edifici d\u2019educaci\u00f3 secund\u00e0ria:<\/strong><\/p>\n<p>Carrer Maria Ward,\u00a0 17<br \/>\n08913\u00a0\u00a0 Badalona<br \/>\nTel\u00e8fon: 601 37 22 90<\/p>\n<p>&nbsp;<\/p>\n<p>email: a8000980@xtec.cat<\/p>\n<p>&nbsp;<\/p>\n<p>&nbsp;<\/p>\n","protected":false},"excerpt":{"rendered":"<p>Col\u00b7legi Ramiro de Maeztu<br \/>\nEl col\u00b7legi Ramiro de Maeztu \u00e9s una escola de titularitat privada, concertada pel departament d\u2019Ensenyament, d\u2019una \u00fanica l\u00ednia, oberta a tothom, integradora i que t\u00e9 com a objectiu la formaci\u00f3 de persones solid\u00e0ries, tolerants, respectuoses i lliures.<br \/>\nEst\u00e0 situada al barri de Llefi\u00e0&hellip;  <a href=\"https:\/\/agora.xtec.cat\/col-ramiro-maeztu-badalona\/lescola\/on-som\/\" title=\"Read On som\">Llegeix m\u00e9s\u00bb<\/a><\/p>\n","protected":false},"author":1,"featured_media":0,"parent":22,"menu_order":10,"comment_status":"closed","ping_status":"closed","template":"page-templates\/side-menu.php","meta":{"_bbp_topic_count":0,"_bbp_reply_count":0,"_bbp_total_topic_count":0,"_bbp_total_reply_count":0,"_bbp_voice_count":0,"_bbp_anonymous_reply_count":0,"_bbp_topic_count_hidden":0,"_bbp_reply_count_hidden":0,"_bbp_forum_subforum_count":0,"footnotes":""},"class_list":["post-24","page","type-page","status-publish","hentry"],"post_mailing_queue_ids":[],"_links":{"self":[{"href":"https:\/\/agora.xtec.cat\/col-ramiro-maeztu-badalona\/wp-json\/wp\/v2\/pages\/24","targetHints":{"allow":["GET"]}}],"collection":[{"href":"https:\/\/agora.xtec.cat\/col-ramiro-maeztu-badalona\/wp-json\/wp\/v2\/pages"}],"about":[{"href":"https:\/\/agora.xtec.cat\/col-ramiro-maeztu-badalona\/wp-json\/wp\/v2\/types\/page"}],"author":[{"embeddable":true,"href":"https:\/\/agora.xtec.cat\/col-ramiro-maeztu-badalona\/wp-json\/wp\/v2\/users\/1"}],"replies":[{"embeddable":true,"href":"https:\/\/agora.xtec.cat\/col-ramiro-maeztu-badalona\/wp-json\/wp\/v2\/comments?post=24"}],"version-history":[{"count":6,"href":"https:\/\/agora.xtec.cat\/col-ramiro-maeztu-badalona\/wp-json\/wp\/v2\/pages\/24\/revisions"}],"predecessor-version":[{"id":679,"href":"https:\/\/agora.xtec.cat\/col-ramiro-maeztu-badalona\/wp-json\/wp\/v2\/pages\/24\/revisions\/679"}],"up":[{"embeddable":true,"href":"https:\/\/agora.xtec.cat\/col-ramiro-maeztu-badalona\/wp-json\/wp\/v2\/pages\/22"}],"wp:attachment":[{"href":"https:\/\/agora.xtec.cat\/col-ramiro-maeztu-badalona\/wp-json\/wp\/v2\/media?parent=24"}],"curies":[{"name":"wp","href":"https:\/\/api.w.org\/{rel}","templated":true}]}}