{"id":87,"date":"2014-09-18T14:28:12","date_gmt":"2014-09-18T14:28:12","guid":{"rendered":"http:\/\/agora.xtec.cat\/col-pompeufabrasalt\/?page_id=87"},"modified":"2020-05-08T10:07:13","modified_gmt":"2020-05-08T08:07:13","slug":"nivells","status":"publish","type":"page","link":"https:\/\/agora.xtec.cat\/col-pompeufabrasalt\/nivells\/","title":{"rendered":"Etapes"},"content":{"rendered":"<div class=\"sites-layout-tile sites-tile-name-header\">\n<div dir=\"ltr\">\n<h5 style=\"text-align: center;\">A l&#8217;escola disposem d&#8217;un grup per a cada curs de les tres etapes educatives.<\/h5>\n<p style=\"text-align: center;\">Som un centre educatiu privat concertat amb el Departament d&#8217;Educaci\u00f3 de la Generalitat de Catalunya. Rebem finan\u00e7ament p\u00fablic per sostenir una part de les despeses de funcionament. Les fam\u00edlies aporten quotes mensuals per cobrir la resta de despeses.<\/p>\n<p style=\"text-align: center;\">Al llarg de l&#8217;any, les fam\u00edlies poden acollir-se a les convocat\u00f2ries d&#8217;ajuts p\u00fablics per a diversos serveis com ara el menjador escolar.<\/p>\n<h3 style=\"text-align: center;\"><strong>\u00a0<a href=\"https:\/\/sites.google.com\/pompeufabrasalt.cat\/web-educaci-infantil\/home?authuser=0\" target=\"_blank\" rel=\"noopener noreferrer\">INFANTIL<\/a> &#8211; <a href=\"https:\/\/sites.google.com\/pompeufabrasalt.cat\/webeducaciprimria\/home?authuser=0\" target=\"_blank\" rel=\"noopener noreferrer\">PRIM\u00c0RIA <\/a>&#8211; <a href=\"https:\/\/sites.google.com\/a\/pompeufabrasalt.cat\/web-educacio-secundaria\/com-treballem\" target=\"_blank\" rel=\"noopener noreferrer\">SECUND\u00c0RIA<\/a><\/strong><\/h3>\n<\/div>\n<\/div>\n","protected":false},"excerpt":{"rendered":"<p>A l&#8217;escola disposem d&#8217;un grup per a cada curs de les tres etapes educatives.<br \/>\nSom un centre educatiu privat concertat amb el Departament d&#8217;Educaci\u00f3 de la Generalitat de Catalunya. Rebem finan\u00e7ament p\u00fablic per sostenir una part de les despeses de funcionament. Les fam\u00edlies aporten quotes mensuals&hellip;  <a href=\"https:\/\/agora.xtec.cat\/col-pompeufabrasalt\/nivells\/\" title=\"Read Etapes\">Llegeix m\u00e9s\u00bb<\/a><\/p>\n","protected":false},"author":2,"featured_media":0,"parent":0,"menu_order":0,"comment_status":"closed","ping_status":"closed","template":"page-templates\/side-menu.php","meta":{"_bbp_topic_count":0,"_bbp_reply_count":0,"_bbp_total_topic_count":0,"_bbp_total_reply_count":0,"_bbp_voice_count":0,"_bbp_anonymous_reply_count":0,"_bbp_topic_count_hidden":0,"_bbp_reply_count_hidden":0,"_bbp_forum_subforum_count":0,"footnotes":""},"class_list":["post-87","page","type-page","status-publish","hentry"],"post_mailing_queue_ids":[],"_links":{"self":[{"href":"https:\/\/agora.xtec.cat\/col-pompeufabrasalt\/wp-json\/wp\/v2\/pages\/87","targetHints":{"allow":["GET"]}}],"collection":[{"href":"https:\/\/agora.xtec.cat\/col-pompeufabrasalt\/wp-json\/wp\/v2\/pages"}],"about":[{"href":"https:\/\/agora.xtec.cat\/col-pompeufabrasalt\/wp-json\/wp\/v2\/types\/page"}],"author":[{"embeddable":true,"href":"https:\/\/agora.xtec.cat\/col-pompeufabrasalt\/wp-json\/wp\/v2\/users\/2"}],"replies":[{"embeddable":true,"href":"https:\/\/agora.xtec.cat\/col-pompeufabrasalt\/wp-json\/wp\/v2\/comments?post=87"}],"version-history":[{"count":3,"href":"https:\/\/agora.xtec.cat\/col-pompeufabrasalt\/wp-json\/wp\/v2\/pages\/87\/revisions"}],"predecessor-version":[{"id":2872,"href":"https:\/\/agora.xtec.cat\/col-pompeufabrasalt\/wp-json\/wp\/v2\/pages\/87\/revisions\/2872"}],"wp:attachment":[{"href":"https:\/\/agora.xtec.cat\/col-pompeufabrasalt\/wp-json\/wp\/v2\/media?parent=87"}],"curies":[{"name":"wp","href":"https:\/\/api.w.org\/{rel}","templated":true}]}}