{"id":84,"date":"2014-09-18T14:11:31","date_gmt":"2014-09-18T14:11:31","guid":{"rendered":"http:\/\/agora.xtec.cat\/col-pompeufabrasalt\/?page_id=84"},"modified":"2025-09-27T08:50:00","modified_gmt":"2025-09-27T06:50:00","slug":"activitats-extraescolars","status":"publish","type":"page","link":"https:\/\/agora.xtec.cat\/col-pompeufabrasalt\/serveis\/activitats-extraescolars\/","title":{"rendered":"Activitats extraescolars &#8211; Curs 2025\/2026"},"content":{"rendered":"<p style=\"text-align: center;\"><span style=\"color: #ff0000;\"><u><strong>Activitats extraescolars que es podran dur a terme a l&#8217;escola durant aquest curs 2025-2026 i els horaris establerts:<\/strong><\/u><strong>\u00a0\u00a0<\/strong><\/span><\/p>\n<ul dir=\"ltr\">\n<li><span id=\"m_-3734754907372447929docs-internal-guid-974e5558-7fff-bed4-5832-154e30fc3095\"><b>Escola de b\u00e0squet <\/b><b>pels alumnes de I4, i I5<\/b>. Dimarts de 17:00h a 18:30h.\u00a0 Inici: dimarts 30 de setembre<\/span><\/li>\n<li><span id=\"m_-3734754907372447929docs-internal-guid-974e5558-7fff-bed4-5832-154e30fc3095\"><b>Escola de b\u00e0squet<\/b><b> pels alumnes de 1r i 2n de prim\u00e0ria<\/b>: Dimarts i Dijous de 17:00h a 18:30h.\u00a0 Inici: dimarts 30 de setembre<\/span><\/li>\n<li><span id=\"m_-3734754907372447929docs-internal-guid-974e5558-7fff-bed4-5832-154e30fc3095\"><b>Art i Expressi\u00f3 <\/b>pels alumnes de prim\u00e0ria, de 1r a 6\u00e8: Dimarts de 17:00h a 18:15h. Inici: dimarts 7 d\u2019octubre.<\/span><\/li>\n<li><span id=\"m_-3734754907372447929docs-internal-guid-974e5558-7fff-bed4-5832-154e30fc3095\"><b>Angl\u00e8s kids&amp;U<\/b>s:\u00a0<\/span>\n<ul>\n<li><span id=\"m_-3734754907372447929docs-internal-guid-974e5558-7fff-bed4-5832-154e30fc3095\"><b>grup Emma (I4 i I5)<\/b>: Dilluns de 13.45 a 14.45h.\u00a0 Inici dilluns 29 de setembre\u00a0<\/span><\/li>\n<li><span id=\"m_-3734754907372447929docs-internal-guid-974e5558-7fff-bed4-5832-154e30fc3095\"><b>grup BEN&amp;BRENDA (4t i 5\u00e8)<\/b>: Dijous de 13.35h a 14.55h. Inici: dilluns 29 de setembre<\/span><\/li>\n<li><span id=\"m_-3734754907372447929docs-internal-guid-974e5558-7fff-bed4-5832-154e30fc3095\"><b>grup ANIMAL PLANET 2\u00a0(5\u00e8 i 6e)<\/b>: Dimecres i divendres de 13.55h a 14.55h. Inici: dimecres 1 d&#8217;octubre<\/span><\/li>\n<\/ul>\n<\/li>\n<li><span id=\"m_-3734754907372447929docs-internal-guid-974e5558-7fff-bed4-5832-154e30fc3095\"><b>Rob\u00f2tica Code Club <\/b><b>pels alumnes de 4t, 5\u00e8 i 6\u00e8 de prim\u00e0ria<\/b>. Dimecres de 17:00h a 18:30h. Inici: dimecres 24 de setembre<\/span><\/li>\n<li><span id=\"m_-3734754907372447929docs-internal-guid-974e5558-7fff-bed4-5832-154e30fc3095\"><b>Mecanografia nivell b\u00e0sic <\/b><b>pels alumnes de 5\u00e8 i 6\u00e8 de prim\u00e0ria.<\/b> Dilluns i dimarts de 13.55 a 14.55h. Inici dilluns 29 de setembre.\u00a0<\/span><\/li>\n<\/ul>\n<p dir=\"ltr\"><span id=\"m_-3734754907372447929docs-internal-guid-974e5558-7fff-bed4-5832-154e30fc3095\">L\u2019activitat d\u2019Escola de b\u00e0squet ofereix\u00a0 PORTES OBERTES durant les dues primeres sessions, i l\u2019activitat d\u2019Art i Expressi\u00f3 les oferir\u00e0 tots els dimarts del mes d\u2019octubre. Per a poder-hi participar nom\u00e9s cal que envieu un correu a l&#8217;escola o truqueu per tel\u00e8fon i indiqueu el nom de l&#8217;infant, el dia que vindr\u00e0 i l\u2019activitat. Aquest tr\u00e0mit \u00e9s imprescindible per a poder controlar els infants que es quedaran a les 17h.\u00a0<\/span><\/p>\n<p dir=\"ltr\"><span id=\"m_-3734754907372447929docs-internal-guid-974e5558-7fff-bed4-5832-154e30fc3095\">Pel que fa a Piscina Extraescolar i Equips de b\u00e0squet, els alumnes que s&#8217;hi han inscrit han rebut o rebran properament, de part de l&#8217;entitat organitzadora, la informaci\u00f3 corresponent. La resta d&#8217;activitats proposades que\u00a0 no consten al llistat, no s&#8217;han pogut dur a terme per a falta d&#8217;inscripcions.\u00a0\u00a0<\/span><\/p>\n<p dir=\"ltr\"><span id=\"m_-3734754907372447929docs-internal-guid-974e5558-7fff-bed4-5832-154e30fc3095\">Tots els monitors recolliran els alumnes a la classe corresponent a l&#8217;hora prevista i durant el primer el quart d&#8217;hora els alumnes podran berenar. Cal que tots els alumnes portin el berenar de casa. La recollida, tamb\u00e9 a l&#8217;hora determinada, es far\u00e0 sempre des del portal de recepci\u00f3. D&#8217;altra banda, l&#8217;import de les activitats es cobrar\u00e0 a trav\u00e9s de rebut bancari a l&#8217;inici de cada mes o b\u00e9 a l&#8217;inici del trimestre o quatrimestre, segons correspongui d&#8217;acord amb la informaci\u00f3 publicada a la <a href=\"https:\/\/ampapompeufabrasalt.cat\/index.php\/extraescolars\" target=\"_blank\" rel=\"noopener\" data-saferedirecturl=\"https:\/\/www.google.com\/url?q=https:\/\/ampapompeufabrasalt.cat\/index.php\/extraescolars&amp;source=gmail&amp;ust=1759042088715000&amp;usg=AOvVaw2f8GOdObSZiwr1hhFRZ_zU\">web de l&#8217;AMPA<\/a>, a excepci\u00f3 de l\u2019angl\u00e8s que es cobrar\u00e0 directament des del Kids&amp;Us.<\/span><\/p>\n<p dir=\"ltr\" style=\"text-align: center;\"><span style=\"color: #0000ff;\"><strong><span id=\"m_-3734754907372447929docs-internal-guid-974e5558-7fff-bed4-5832-154e30fc3095\">Per a totes les activitats iniciades, el per\u00edode d&#8217;inscripci\u00f3 es mantindr\u00e0 obert al llarg del curs, mentre restin places diponibles.\u00a0 Per a qualsevol informaci\u00f3, poden dirigir-se a la recepci\u00f3 de l&#8217;escola.<\/span><\/strong><\/span><\/p>\n","protected":false},"excerpt":{"rendered":"<p>Activitats extraescolars que es podran dur a terme a l&#8217;escola durant aquest curs 2025-2026 i els horaris establerts:\u00a0\u00a0<\/p>\n<ul dir=\"ltr\">\n<li>Escola de b\u00e0squet pels alumnes de I4, i I5. Dimarts de 17:00h a 18:30h.\u00a0 Inici: dimarts 30 de setembre<\/li>\n<li>Escola de b\u00e0squet pels alumnes de 1r i 2n&hellip;  <a href=\"https:\/\/agora.xtec.cat\/col-pompeufabrasalt\/serveis\/activitats-extraescolars\/\" title=\"Read Activitats extraescolars &#8211; Curs 2025\/2026\">Llegeix m\u00e9s\u00bb<\/a><br \/>\n","protected":false},"author":2,"featured_media":0,"parent":66,"menu_order":60,"comment_status":"closed","ping_status":"closed","template":"page-templates\/side-menu.php","meta":{"_bbp_topic_count":0,"_bbp_reply_count":0,"_bbp_total_topic_count":0,"_bbp_total_reply_count":0,"_bbp_voice_count":0,"_bbp_anonymous_reply_count":0,"_bbp_topic_count_hidden":0,"_bbp_reply_count_hidden":0,"_bbp_forum_subforum_count":0,"footnotes":""},"class_list":["post-84","page","type-page","status-publish","hentry"],"post_mailing_queue_ids":[],"_links":{"self":[{"href":"https:\/\/agora.xtec.cat\/col-pompeufabrasalt\/wp-json\/wp\/v2\/pages\/84","targetHints":{"allow":["GET"]}}],"collection":[{"href":"https:\/\/agora.xtec.cat\/col-pompeufabrasalt\/wp-json\/wp\/v2\/pages"}],"about":[{"href":"https:\/\/agora.xtec.cat\/col-pompeufabrasalt\/wp-json\/wp\/v2\/types\/page"}],"author":[{"embeddable":true,"href":"https:\/\/agora.xtec.cat\/col-pompeufabrasalt\/wp-json\/wp\/v2\/users\/2"}],"replies":[{"embeddable":true,"href":"https:\/\/agora.xtec.cat\/col-pompeufabrasalt\/wp-json\/wp\/v2\/comments?post=84"}],"version-history":[{"count":6,"href":"https:\/\/agora.xtec.cat\/col-pompeufabrasalt\/wp-json\/wp\/v2\/pages\/84\/revisions"}],"predecessor-version":[{"id":3996,"href":"https:\/\/agora.xtec.cat\/col-pompeufabrasalt\/wp-json\/wp\/v2\/pages\/84\/revisions\/3996"}],"up":[{"embeddable":true,"href":"https:\/\/agora.xtec.cat\/col-pompeufabrasalt\/wp-json\/wp\/v2\/pages\/66"}],"wp:attachment":[{"href":"https:\/\/agora.xtec.cat\/col-pompeufabrasalt\/wp-json\/wp\/v2\/media?parent=84"}],"curies":[{"name":"wp","href":"https:\/\/api.w.org\/{rel}","templated":true}]}}