{"id":64,"date":"2014-09-18T12:39:08","date_gmt":"2014-09-18T11:39:08","guid":{"rendered":"http:\/\/agora.xtec.cat\/col-pompeufabrasalt\/?page_id=64"},"modified":"2024-03-03T18:32:24","modified_gmt":"2024-03-03T17:32:24","slug":"projecte-educatiu","status":"publish","type":"page","link":"https:\/\/agora.xtec.cat\/col-pompeufabrasalt\/lescola\/projecte-educatiu\/","title":{"rendered":"Projecte educatiu"},"content":{"rendered":"<p style=\"text-align: center;\"><iframe loading=\"lazy\" src=\"https:\/\/spark.adobe.com\/video\/RcKx5DXQUvVxB\/embed\" width=\"960\" height=\"540\" frameborder=\"0\"><\/iframe><\/p>\n<p style=\"text-align: center;\"><span style=\"font-weight: 400;\">Compromesos amb l\u2019educaci\u00f3 dels nostres alumnes treballem perqu\u00e8 esdevinguin ciutadans de ple dret, <\/span><b>feli\u00e7os<\/b><span style=\"font-weight: 400;\">, <\/span><b>emprenedors<\/b><span style=\"font-weight: 400;\">, <\/span><b>creatius<\/b><span style=\"font-weight: 400;\">, que estimin l\u2019entorn m\u00e9s proper i lluitin per construir un m\u00f3n m\u00e9s just.<\/span><\/p>\n<p style=\"text-align: center;\"><span style=\"font-weight: 400;\">Respectant la <\/span><b>diversitat<\/b><span style=\"font-weight: 400;\"> de ritmes evolutius, els oferim escenaris d\u2019aprenentatge enriquits amb <\/span><b>projectes<\/b><span style=\"font-weight: 400;\">, <\/span><b>activitats col\u00b7laboratives<\/b><span style=\"font-weight: 400;\">, <\/span><b>tecnologia<\/b><span style=\"font-weight: 400;\">,\u00a0 <\/span><b>idiomes<\/b><span style=\"font-weight: 400;\"> i <\/span><b>experi\u00e8ncies compartides<\/b><span style=\"font-weight: 400;\"> que els ajudin a desenvolupar-se de manera <\/span><b>aut\u00f2noma<\/b><span style=\"font-weight: 400;\">, <\/span><b>lliure<\/b><span style=\"font-weight: 400;\">, <\/span><b>responsable<\/b><span style=\"font-weight: 400;\">\u00a0 i amb <\/span><b>esperit cr\u00edtic<\/b><span style=\"font-weight: 400;\"> davant les oportunitats que ens ofereix l\u2019entorn.<\/span><\/p>\n<p><a href=\"https:\/\/agora.xtec.cat\/col-pompeufabrasalt\/wp-content\/uploads\/usu886\/2024\/03\/ElnostreProjecteEducatiu.jpg\"><img loading=\"lazy\" decoding=\"async\" class=\"aligncenter size-full wp-image-3798\" src=\"https:\/\/agora.xtec.cat\/col-pompeufabrasalt\/wp-content\/uploads\/usu886\/2024\/03\/ElnostreProjecteEducatiu.jpg\" alt=\"\" width=\"792\" height=\"566\" srcset=\"https:\/\/agora.xtec.cat\/col-pompeufabrasalt\/wp-content\/uploads\/usu886\/2024\/03\/ElnostreProjecteEducatiu.jpg 792w, https:\/\/agora.xtec.cat\/col-pompeufabrasalt\/wp-content\/uploads\/usu886\/2024\/03\/ElnostreProjecteEducatiu-300x214.jpg 300w, https:\/\/agora.xtec.cat\/col-pompeufabrasalt\/wp-content\/uploads\/usu886\/2024\/03\/ElnostreProjecteEducatiu-768x549.jpg 768w\" sizes=\"auto, (max-width: 792px) 100vw, 792px\" \/><\/a><\/p>\n<table style=\"border-collapse: collapse; width: 100%;\">\n<tbody>\n<tr>\n<td style=\"width: 33.333333%;\"><a href=\"https:\/\/agora.xtec.cat\/col-pompeufabrasalt\/wp-content\/uploads\/usu886\/2024\/03\/ElnostreProjecteEducatiu-2.jpg\"><img loading=\"lazy\" decoding=\"async\" class=\"aligncenter wp-image-3794 size-full\" src=\"https:\/\/agora.xtec.cat\/col-pompeufabrasalt\/wp-content\/uploads\/usu886\/2024\/03\/ElnostreProjecteEducatiu-2.jpg\" alt=\"\" width=\"566\" height=\"792\" srcset=\"https:\/\/agora.xtec.cat\/col-pompeufabrasalt\/wp-content\/uploads\/usu886\/2024\/03\/ElnostreProjecteEducatiu-2.jpg 566w, https:\/\/agora.xtec.cat\/col-pompeufabrasalt\/wp-content\/uploads\/usu886\/2024\/03\/ElnostreProjecteEducatiu-2-214x300.jpg 214w\" sizes=\"auto, (max-width: 566px) 100vw, 566px\" \/><\/a><\/td>\n<td style=\"width: 33.333333%;\"><a href=\"https:\/\/agora.xtec.cat\/col-pompeufabrasalt\/wp-content\/uploads\/usu886\/2024\/03\/ElnostreProjecteEducatiu-3.jpg\"><img loading=\"lazy\" decoding=\"async\" class=\"aligncenter size-full wp-image-3795\" src=\"https:\/\/agora.xtec.cat\/col-pompeufabrasalt\/wp-content\/uploads\/usu886\/2024\/03\/ElnostreProjecteEducatiu-3.jpg\" alt=\"\" width=\"566\" height=\"792\" srcset=\"https:\/\/agora.xtec.cat\/col-pompeufabrasalt\/wp-content\/uploads\/usu886\/2024\/03\/ElnostreProjecteEducatiu-3.jpg 566w, https:\/\/agora.xtec.cat\/col-pompeufabrasalt\/wp-content\/uploads\/usu886\/2024\/03\/ElnostreProjecteEducatiu-3-214x300.jpg 214w\" sizes=\"auto, (max-width: 566px) 100vw, 566px\" \/><\/a><\/td>\n<td style=\"width: 33.333333%;\"><a href=\"https:\/\/agora.xtec.cat\/col-pompeufabrasalt\/wp-content\/uploads\/usu886\/2024\/03\/ElnostreProjecteEducatiu-4.jpg\"><img loading=\"lazy\" decoding=\"async\" class=\"aligncenter size-full wp-image-3796\" src=\"https:\/\/agora.xtec.cat\/col-pompeufabrasalt\/wp-content\/uploads\/usu886\/2024\/03\/ElnostreProjecteEducatiu-4.jpg\" alt=\"\" width=\"566\" height=\"792\" srcset=\"https:\/\/agora.xtec.cat\/col-pompeufabrasalt\/wp-content\/uploads\/usu886\/2024\/03\/ElnostreProjecteEducatiu-4.jpg 566w, https:\/\/agora.xtec.cat\/col-pompeufabrasalt\/wp-content\/uploads\/usu886\/2024\/03\/ElnostreProjecteEducatiu-4-214x300.jpg 214w\" sizes=\"auto, (max-width: 566px) 100vw, 566px\" \/><\/a><\/td>\n<\/tr>\n<\/tbody>\n<\/table>\n","protected":false},"excerpt":{"rendered":"<p>Compromesos amb l\u2019educaci\u00f3 dels nostres alumnes treballem perqu\u00e8 esdevinguin ciutadans de ple dret, feli\u00e7os, emprenedors, creatius, que estimin l\u2019entorn m\u00e9s proper i lluitin per construir un m\u00f3n m\u00e9s just.<br \/>\nRespectant la diversitat de ritmes evolutius, els oferim escenaris d\u2019aprenentatge enriquits amb projectes, activitats col\u00b7laboratives, tecnologia,\u00a0 idiomes&hellip;  <a href=\"https:\/\/agora.xtec.cat\/col-pompeufabrasalt\/lescola\/projecte-educatiu\/\" title=\"Read Projecte educatiu\">Llegeix m\u00e9s\u00bb<\/a><\/p>\n","protected":false},"author":2,"featured_media":0,"parent":22,"menu_order":2,"comment_status":"closed","ping_status":"closed","template":"page-templates\/side-menu.php","meta":{"_bbp_topic_count":0,"_bbp_reply_count":0,"_bbp_total_topic_count":0,"_bbp_total_reply_count":0,"_bbp_voice_count":0,"_bbp_anonymous_reply_count":0,"_bbp_topic_count_hidden":0,"_bbp_reply_count_hidden":0,"_bbp_forum_subforum_count":0,"footnotes":""},"class_list":["post-64","page","type-page","status-publish","hentry"],"post_mailing_queue_ids":[],"_links":{"self":[{"href":"https:\/\/agora.xtec.cat\/col-pompeufabrasalt\/wp-json\/wp\/v2\/pages\/64","targetHints":{"allow":["GET"]}}],"collection":[{"href":"https:\/\/agora.xtec.cat\/col-pompeufabrasalt\/wp-json\/wp\/v2\/pages"}],"about":[{"href":"https:\/\/agora.xtec.cat\/col-pompeufabrasalt\/wp-json\/wp\/v2\/types\/page"}],"author":[{"embeddable":true,"href":"https:\/\/agora.xtec.cat\/col-pompeufabrasalt\/wp-json\/wp\/v2\/users\/2"}],"replies":[{"embeddable":true,"href":"https:\/\/agora.xtec.cat\/col-pompeufabrasalt\/wp-json\/wp\/v2\/comments?post=64"}],"version-history":[{"count":5,"href":"https:\/\/agora.xtec.cat\/col-pompeufabrasalt\/wp-json\/wp\/v2\/pages\/64\/revisions"}],"predecessor-version":[{"id":3799,"href":"https:\/\/agora.xtec.cat\/col-pompeufabrasalt\/wp-json\/wp\/v2\/pages\/64\/revisions\/3799"}],"up":[{"embeddable":true,"href":"https:\/\/agora.xtec.cat\/col-pompeufabrasalt\/wp-json\/wp\/v2\/pages\/22"}],"wp:attachment":[{"href":"https:\/\/agora.xtec.cat\/col-pompeufabrasalt\/wp-json\/wp\/v2\/media?parent=64"}],"curies":[{"name":"wp","href":"https:\/\/api.w.org\/{rel}","templated":true}]}}