{"id":3351,"date":"2021-10-09T09:57:04","date_gmt":"2021-10-09T07:57:04","guid":{"rendered":"https:\/\/agora.xtec.cat\/col-pompeufabrasalt\/?page_id=3351"},"modified":"2021-11-12T19:30:18","modified_gmt":"2021-11-12T18:30:18","slug":"50e-aniversari","status":"publish","type":"page","link":"https:\/\/agora.xtec.cat\/col-pompeufabrasalt\/lescola\/50e-aniversari\/","title":{"rendered":"50\u00e8 Aniversari"},"content":{"rendered":"<p style=\"text-align: center;\"><strong>Cliqueu a la imatge per accedir a la p\u00e0gina web de la celebraci\u00f3 del 50\u00e8 aniversari de l&#8217;escola.<\/strong><\/p>\n<p><a href=\"https:\/\/sites.google.com\/pompeufabrasalt.cat\/50anyspfs\/inici?authuser=0\" target=\"_blank\" rel=\"noopener\"><img loading=\"lazy\" decoding=\"async\" class=\"aligncenter  wp-image-3401\" src=\"https:\/\/agora.xtec.cat\/col-pompeufabrasalt\/wp-content\/uploads\/usu886\/2021\/11\/Happy-2nd-Birthday-by-Slidesgo-2.jpg\" alt=\"\" width=\"587\" height=\"377\" srcset=\"https:\/\/agora.xtec.cat\/col-pompeufabrasalt\/wp-content\/uploads\/usu886\/2021\/11\/Happy-2nd-Birthday-by-Slidesgo-2.jpg 834w, https:\/\/agora.xtec.cat\/col-pompeufabrasalt\/wp-content\/uploads\/usu886\/2021\/11\/Happy-2nd-Birthday-by-Slidesgo-2-300x193.jpg 300w, https:\/\/agora.xtec.cat\/col-pompeufabrasalt\/wp-content\/uploads\/usu886\/2021\/11\/Happy-2nd-Birthday-by-Slidesgo-2-768x494.jpg 768w\" sizes=\"auto, (max-width: 587px) 100vw, 587px\" \/><\/a><\/p>\n<p>&nbsp;<\/p>\n","protected":false},"excerpt":{"rendered":"<p>Cliqueu a la imatge per accedir a la p\u00e0gina web de la celebraci\u00f3 del 50\u00e8 aniversari de l&#8217;escola.<br \/>\n<a href=\"https:\/\/sites.google.com\/pompeufabrasalt.cat\/50anyspfs\/inici?authuser=0\" target=\"_blank\" rel=\"noopener\"><\/a><br \/>\n&nbsp;<\/p>\n","protected":false},"author":1,"featured_media":0,"parent":22,"menu_order":0,"comment_status":"closed","ping_status":"closed","template":"page-templates\/side-menu.php","meta":{"_bbp_topic_count":0,"_bbp_reply_count":0,"_bbp_total_topic_count":0,"_bbp_total_reply_count":0,"_bbp_voice_count":0,"_bbp_anonymous_reply_count":0,"_bbp_topic_count_hidden":0,"_bbp_reply_count_hidden":0,"_bbp_forum_subforum_count":0,"footnotes":""},"class_list":["post-3351","page","type-page","status-publish","hentry"],"post_mailing_queue_ids":[],"_links":{"self":[{"href":"https:\/\/agora.xtec.cat\/col-pompeufabrasalt\/wp-json\/wp\/v2\/pages\/3351","targetHints":{"allow":["GET"]}}],"collection":[{"href":"https:\/\/agora.xtec.cat\/col-pompeufabrasalt\/wp-json\/wp\/v2\/pages"}],"about":[{"href":"https:\/\/agora.xtec.cat\/col-pompeufabrasalt\/wp-json\/wp\/v2\/types\/page"}],"author":[{"embeddable":true,"href":"https:\/\/agora.xtec.cat\/col-pompeufabrasalt\/wp-json\/wp\/v2\/users\/1"}],"replies":[{"embeddable":true,"href":"https:\/\/agora.xtec.cat\/col-pompeufabrasalt\/wp-json\/wp\/v2\/comments?post=3351"}],"version-history":[{"count":4,"href":"https:\/\/agora.xtec.cat\/col-pompeufabrasalt\/wp-json\/wp\/v2\/pages\/3351\/revisions"}],"predecessor-version":[{"id":3402,"href":"https:\/\/agora.xtec.cat\/col-pompeufabrasalt\/wp-json\/wp\/v2\/pages\/3351\/revisions\/3402"}],"up":[{"embeddable":true,"href":"https:\/\/agora.xtec.cat\/col-pompeufabrasalt\/wp-json\/wp\/v2\/pages\/22"}],"wp:attachment":[{"href":"https:\/\/agora.xtec.cat\/col-pompeufabrasalt\/wp-json\/wp\/v2\/media?parent=3351"}],"curies":[{"name":"wp","href":"https:\/\/api.w.org\/{rel}","templated":true}]}}