{"id":26,"date":"2014-09-18T12:24:32","date_gmt":"2014-09-18T11:24:32","guid":{"rendered":"http:\/\/agora.xtec.cat\/col-pompeufabrasalt\/?page_id=26"},"modified":"2018-09-09T11:36:42","modified_gmt":"2018-09-09T09:36:42","slug":"historia","status":"publish","type":"page","link":"https:\/\/agora.xtec.cat\/col-pompeufabrasalt\/historia\/","title":{"rendered":"Projectes de centre"},"content":{"rendered":"<p>En el marc dels objectius definits en el nostre Projecte Educatiu, i per promoure l&#8217;educaci\u00f3 integral de tots els nostres alumnes, promovem el disseny, organitzaci\u00f3 i participaci\u00f3 dels projecte<img loading=\"lazy\" decoding=\"async\" class=\"alignright wp-image-541 size-medium\" src=\"http:\/\/agora.xtec.cat\/col-pompeufabrasalt\/wp-content\/uploads\/usu886\/2014\/09\/tots-300x200.jpg\" alt=\"tots\" width=\"300\" height=\"200\" srcset=\"https:\/\/agora.xtec.cat\/col-pompeufabrasalt\/wp-content\/uploads\/usu886\/2014\/09\/tots-300x200.jpg 300w, https:\/\/agora.xtec.cat\/col-pompeufabrasalt\/wp-content\/uploads\/usu886\/2014\/09\/tots.jpg 800w\" sizes=\"auto, (max-width: 300px) 100vw, 300px\" \/>s de centre.<\/p>\n<p>Es tracta de projectes que neixen de l&#8217;impuls a la innovaci\u00f3 que es promou a l&#8217;escola, i que amb la participaci\u00f3 de l&#8217;equip directiu, els docents i alumnes de les tres etapes educatives afavoreixen la participaci\u00f3 equitativa i les metodologies cooperatives.<\/p>\n<p>En aquest apartat de la p\u00e0gina web hi trobareu informaci\u00f3 sobre els projectes de centre seg\u00fcents:<\/p>\n<ul>\n<li style=\"list-style-type: none;\">\n<ul>\n<li style=\"list-style-type: none;\">\n<ul>\n<li>Any Pompeu Fabra<\/li>\n<li>Apadrinem un element del patrimoni local<\/li>\n<li>Qu\u00e8 puc fer jo per un Salt millor?<\/li>\n<li><span style=\"font-size: medium;\">Segueix el fil de la hist\u00f2ria<\/span><\/li>\n<li>Any Espriu<\/li>\n<\/ul>\n<\/li>\n<\/ul>\n<\/li>\n<\/ul>\n<p>&nbsp;<\/p>\n<p>.<\/p>\n","protected":false},"excerpt":{"rendered":"<p>En el marc dels objectius definits en el nostre Projecte Educatiu, i per promoure l&#8217;educaci\u00f3 integral de tots els nostres alumnes, promovem el disseny, organitzaci\u00f3 i participaci\u00f3 dels projectes de centre.<br \/>\nEs tracta de projectes que neixen de l&#8217;impuls a la innovaci\u00f3 que es promou a&hellip;  <a href=\"https:\/\/agora.xtec.cat\/col-pompeufabrasalt\/historia\/\" title=\"Read Projectes de centre\">Llegeix m\u00e9s\u00bb<\/a><\/p>\n","protected":false},"author":2,"featured_media":0,"parent":0,"menu_order":3,"comment_status":"closed","ping_status":"closed","template":"page-templates\/side-menu.php","meta":{"_bbp_topic_count":0,"_bbp_reply_count":0,"_bbp_total_topic_count":0,"_bbp_total_reply_count":0,"_bbp_voice_count":0,"_bbp_anonymous_reply_count":0,"_bbp_topic_count_hidden":0,"_bbp_reply_count_hidden":0,"_bbp_forum_subforum_count":0,"footnotes":""},"class_list":["post-26","page","type-page","status-publish","hentry"],"post_mailing_queue_ids":[],"_links":{"self":[{"href":"https:\/\/agora.xtec.cat\/col-pompeufabrasalt\/wp-json\/wp\/v2\/pages\/26","targetHints":{"allow":["GET"]}}],"collection":[{"href":"https:\/\/agora.xtec.cat\/col-pompeufabrasalt\/wp-json\/wp\/v2\/pages"}],"about":[{"href":"https:\/\/agora.xtec.cat\/col-pompeufabrasalt\/wp-json\/wp\/v2\/types\/page"}],"author":[{"embeddable":true,"href":"https:\/\/agora.xtec.cat\/col-pompeufabrasalt\/wp-json\/wp\/v2\/users\/2"}],"replies":[{"embeddable":true,"href":"https:\/\/agora.xtec.cat\/col-pompeufabrasalt\/wp-json\/wp\/v2\/comments?post=26"}],"version-history":[{"count":3,"href":"https:\/\/agora.xtec.cat\/col-pompeufabrasalt\/wp-json\/wp\/v2\/pages\/26\/revisions"}],"predecessor-version":[{"id":2306,"href":"https:\/\/agora.xtec.cat\/col-pompeufabrasalt\/wp-json\/wp\/v2\/pages\/26\/revisions\/2306"}],"wp:attachment":[{"href":"https:\/\/agora.xtec.cat\/col-pompeufabrasalt\/wp-json\/wp\/v2\/media?parent=26"}],"curies":[{"name":"wp","href":"https:\/\/api.w.org\/{rel}","templated":true}]}}