{"id":2295,"date":"2018-09-09T11:15:19","date_gmt":"2018-09-09T09:15:19","guid":{"rendered":"http:\/\/agora.xtec.cat\/col-pompeufabrasalt\/?page_id=2295"},"modified":"2018-12-07T10:22:22","modified_gmt":"2018-12-07T09:22:22","slug":"any-pompeu-fabra","status":"publish","type":"page","link":"https:\/\/agora.xtec.cat\/col-pompeufabrasalt\/historia\/any-pompeu-fabra\/","title":{"rendered":"Any Pompeu Fabra"},"content":{"rendered":"<p style=\"text-align: center;\"><strong>L&#8217;any 2<\/strong><strong>018 est\u00e0 dedicat a commemorar la figura i l&#8217;obra de Pompeu Fabra.\u00a0<\/strong><\/p>\n<p style=\"text-align: center;\"><img loading=\"lazy\" decoding=\"async\" class=\"alignright\" src=\"https:\/\/bibliotecavirtual.diba.cat\/documents\/10934\/15274167\/pompeu_fabra18_pvidiomes.jpg\/909adcd5-a104-4c9d-be2d-ea5b93a7faea?t=1519204111519\" alt=\"\" width=\"243\" height=\"143\" \/><\/p>\n<p>Aix\u00ed ho va acordar el Govern de Catalunya a l&#8217;agost passat per celebrar els 150 anys del naixement del\u00a0ling\u00fcista i gram\u00e0tic catal\u00e0 m\u00e9s il\u00b7lustre i els\u00a0100 de la publicaci\u00f3 de la\u00a0<em>Gram\u00e0tica catalana<\/em>.<\/p>\n<p>Amb aquest motiu, durant el curs 2018-2019 realitzarem diverses activitats a infantil, prim\u00e0ria i secund\u00e0ria per commemorar l&#8217;any dedicat a qui dona nom a la nostra escola.<\/p>\n<p>A la imatge interactiva seg\u00fcent hi trobareu les activitats realitzades fins ara (s&#8217;anir\u00e0 actualitzant).<\/p>\n<div style=\"width: 100%;\">\n<div style=\"position: relative; padding-bottom: 56.15%; padding-top: 0; height: 0;\"><iframe loading=\"lazy\" style=\"position: absolute; top: 0; left: 0; width: 100%; height: 100%;\" src=\"https:\/\/view.genial.ly\/5c0a30489fe31e68a86cefaf\" width=\"960px\" height=\"539px\" frameborder=\"0\" scrolling=\"yes\" allowfullscreen=\"allowfullscreen\"><\/iframe><\/div>\n<\/div>\n<p>&nbsp;<\/p>\n<p>&nbsp;<\/p>\n","protected":false},"excerpt":{"rendered":"<p>L&#8217;any 2018 est\u00e0 dedicat a commemorar la figura i l&#8217;obra de Pompeu Fabra.\u00a0<\/p>\n<p>Aix\u00ed ho va acordar el Govern de Catalunya a l&#8217;agost passat per celebrar els 150 anys del naixement del\u00a0ling\u00fcista i gram\u00e0tic catal\u00e0 m\u00e9s il\u00b7lustre i els\u00a0100 de la publicaci\u00f3 de la\u00a0Gram\u00e0tica catalana.<br \/>\nAmb aquest&hellip;  <a href=\"https:\/\/agora.xtec.cat\/col-pompeufabrasalt\/historia\/any-pompeu-fabra\/\" title=\"Read Any Pompeu Fabra\">Llegeix m\u00e9s\u00bb<\/a><\/p>\n","protected":false},"author":1,"featured_media":0,"parent":26,"menu_order":0,"comment_status":"closed","ping_status":"closed","template":"page-templates\/side-menu.php","meta":{"_bbp_topic_count":0,"_bbp_reply_count":0,"_bbp_total_topic_count":0,"_bbp_total_reply_count":0,"_bbp_voice_count":0,"_bbp_anonymous_reply_count":0,"_bbp_topic_count_hidden":0,"_bbp_reply_count_hidden":0,"_bbp_forum_subforum_count":0,"footnotes":""},"class_list":["post-2295","page","type-page","status-publish","hentry"],"post_mailing_queue_ids":[],"_links":{"self":[{"href":"https:\/\/agora.xtec.cat\/col-pompeufabrasalt\/wp-json\/wp\/v2\/pages\/2295","targetHints":{"allow":["GET"]}}],"collection":[{"href":"https:\/\/agora.xtec.cat\/col-pompeufabrasalt\/wp-json\/wp\/v2\/pages"}],"about":[{"href":"https:\/\/agora.xtec.cat\/col-pompeufabrasalt\/wp-json\/wp\/v2\/types\/page"}],"author":[{"embeddable":true,"href":"https:\/\/agora.xtec.cat\/col-pompeufabrasalt\/wp-json\/wp\/v2\/users\/1"}],"replies":[{"embeddable":true,"href":"https:\/\/agora.xtec.cat\/col-pompeufabrasalt\/wp-json\/wp\/v2\/comments?post=2295"}],"version-history":[{"count":3,"href":"https:\/\/agora.xtec.cat\/col-pompeufabrasalt\/wp-json\/wp\/v2\/pages\/2295\/revisions"}],"predecessor-version":[{"id":2415,"href":"https:\/\/agora.xtec.cat\/col-pompeufabrasalt\/wp-json\/wp\/v2\/pages\/2295\/revisions\/2415"}],"up":[{"embeddable":true,"href":"https:\/\/agora.xtec.cat\/col-pompeufabrasalt\/wp-json\/wp\/v2\/pages\/26"}],"wp:attachment":[{"href":"https:\/\/agora.xtec.cat\/col-pompeufabrasalt\/wp-json\/wp\/v2\/media?parent=2295"}],"curies":[{"name":"wp","href":"https:\/\/api.w.org\/{rel}","templated":true}]}}