{"id":22,"date":"2014-09-18T12:19:57","date_gmt":"2014-09-18T12:19:57","guid":{"rendered":"http:\/\/agora.xtec.cat\/col-pompeufabrasalt\/?page_id=22"},"modified":"2017-12-10T09:01:36","modified_gmt":"2017-12-10T08:01:36","slug":"lescola","status":"publish","type":"page","link":"https:\/\/agora.xtec.cat\/col-pompeufabrasalt\/lescola\/","title":{"rendered":"L&#8217;escola"},"content":{"rendered":"<p><span style=\"font-family: verdana, arial, helvetica, sans-serif; font-size: small;\">Gr\u00e0cies a la iniciativa de la Junta de l&#8217;AMPA\u00a0del col\u00b7legi i a la seva col\u00b7laboraci\u00f3 avui podem obrir les nostres portes\u00a0a tothom qui en vulgui informaci\u00f3.<\/span><\/p>\n<p><span style=\"font-family: verdana, arial, helvetica, sans-serif; font-size: small;\">Hem d&#8217;admetre que aquest m\u00f3n de l&#8217;internet ens permet d&#8217;arribar gaireb\u00e9 a tot arreu. Per aix\u00f2 estem satisfets i agra\u00efts que obriu la nostra finestra, per una banda, i per l&#8217;altra de poder-vos donar a con\u00e8ixer el m\u00f3n i la vida del nostre col\u00b7legi.<\/span><\/p>\n<p><span style=\"font-family: verdana, arial, helvetica, sans-serif; font-size: small;\">El nostre inter\u00e8s \u00e9s que a partir d&#8217;aquestes p\u00e0gines pogueu tenir tota la informaci\u00f3 del Centre, de les activitats que s&#8217;hi porten a terme, tant escolars com extraescolars. De la informaci\u00f3 que es d\u00f3na als alumnes i que de vegades no arriba a casa.\u00a0Volem que sigui una eina de comunicaci\u00f3. Ens hem de posar al dia. I aquest \u00e9s un altre pas en aquest cam\u00ed. <\/span><\/p>\n<p><span style=\"font-family: verdana, arial, helvetica, sans-serif; font-size: small;\"> Una salutaci\u00f3 ben cordial <\/span><\/p>\n<p><span style=\"font-family: verdana, arial, helvetica, sans-serif; font-size: small;\">Joan Casals &#8211;\u00a0Titular<\/span><\/p>\n<p><a href=\"http:\/\/agora.xtec.cat\/col-pompeufabrasalt\/wp-content\/uploads\/usu886\/2014\/09\/cap.jpg\"><img loading=\"lazy\" decoding=\"async\" class=\"aligncenter size-large wp-image-1892\" src=\"http:\/\/agora.xtec.cat\/col-pompeufabrasalt\/wp-content\/uploads\/usu886\/2014\/09\/cap-1024x217.jpg\" alt=\"\" width=\"1024\" height=\"217\" srcset=\"https:\/\/agora.xtec.cat\/col-pompeufabrasalt\/wp-content\/uploads\/usu886\/2014\/09\/cap-1024x217.jpg 1024w, https:\/\/agora.xtec.cat\/col-pompeufabrasalt\/wp-content\/uploads\/usu886\/2014\/09\/cap-300x64.jpg 300w, https:\/\/agora.xtec.cat\/col-pompeufabrasalt\/wp-content\/uploads\/usu886\/2014\/09\/cap-768x163.jpg 768w, https:\/\/agora.xtec.cat\/col-pompeufabrasalt\/wp-content\/uploads\/usu886\/2014\/09\/cap.jpg 1486w\" sizes=\"auto, (max-width: 1024px) 100vw, 1024px\" \/><\/a><\/p>\n<p style=\"text-align: center;\">\n","protected":false},"excerpt":{"rendered":"<p>Gr\u00e0cies a la iniciativa de la Junta de l&#8217;AMPA\u00a0del col\u00b7legi i a la seva col\u00b7laboraci\u00f3 avui podem obrir les nostres portes\u00a0a tothom qui en vulgui informaci\u00f3.<br \/>\nHem d&#8217;admetre que aquest m\u00f3n de l&#8217;internet ens permet d&#8217;arribar gaireb\u00e9 a tot arreu. Per aix\u00f2 estem satisfets i agra\u00efts&hellip;  <a href=\"https:\/\/agora.xtec.cat\/col-pompeufabrasalt\/lescola\/\" title=\"Read L&#8217;escola\">Llegeix m\u00e9s\u00bb<\/a><\/p>\n","protected":false},"author":2,"featured_media":0,"parent":0,"menu_order":0,"comment_status":"closed","ping_status":"closed","template":"page-templates\/side-menu.php","meta":{"_bbp_topic_count":0,"_bbp_reply_count":0,"_bbp_total_topic_count":0,"_bbp_total_reply_count":0,"_bbp_voice_count":0,"_bbp_anonymous_reply_count":0,"_bbp_topic_count_hidden":0,"_bbp_reply_count_hidden":0,"_bbp_forum_subforum_count":0,"footnotes":""},"class_list":["post-22","page","type-page","status-publish","hentry"],"post_mailing_queue_ids":[],"_links":{"self":[{"href":"https:\/\/agora.xtec.cat\/col-pompeufabrasalt\/wp-json\/wp\/v2\/pages\/22","targetHints":{"allow":["GET"]}}],"collection":[{"href":"https:\/\/agora.xtec.cat\/col-pompeufabrasalt\/wp-json\/wp\/v2\/pages"}],"about":[{"href":"https:\/\/agora.xtec.cat\/col-pompeufabrasalt\/wp-json\/wp\/v2\/types\/page"}],"author":[{"embeddable":true,"href":"https:\/\/agora.xtec.cat\/col-pompeufabrasalt\/wp-json\/wp\/v2\/users\/2"}],"replies":[{"embeddable":true,"href":"https:\/\/agora.xtec.cat\/col-pompeufabrasalt\/wp-json\/wp\/v2\/comments?post=22"}],"version-history":[{"count":3,"href":"https:\/\/agora.xtec.cat\/col-pompeufabrasalt\/wp-json\/wp\/v2\/pages\/22\/revisions"}],"predecessor-version":[{"id":1893,"href":"https:\/\/agora.xtec.cat\/col-pompeufabrasalt\/wp-json\/wp\/v2\/pages\/22\/revisions\/1893"}],"wp:attachment":[{"href":"https:\/\/agora.xtec.cat\/col-pompeufabrasalt\/wp-json\/wp\/v2\/media?parent=22"}],"curies":[{"name":"wp","href":"https:\/\/api.w.org\/{rel}","templated":true}]}}